{"id":95,"date":"2021-01-07T13:58:39","date_gmt":"2021-01-07T13:58:39","guid":{"rendered":"http:\/\/selena.vot.pl\/?page_id=95"},"modified":"2023-02-28T16:33:27","modified_gmt":"2023-02-28T15:33:27","slug":"kontakt","status":"publish","type":"page","link":"https:\/\/archiwum.selena.com\/pl\/kontakt\/","title":{"rendered":"Kontakt"},"content":{"rendered":"\n<div class=\"wp-block-contact-form-7-contact-form-selector\">\n<div class=\"wpcf7 no-js\" id=\"wpcf7-f98-o1\" lang=\"en-US\" dir=\"ltr\">\n<div class=\"screen-reader-response\"><p role=\"status\" aria-live=\"polite\" aria-atomic=\"true\"><\/p> <ul><\/ul><\/div>\n<form action=\"\/pl\/wp-json\/wp\/v2\/pages\/95#wpcf7-f98-o1\" method=\"post\" class=\"wpcf7-form init\" aria-label=\"Contact form\" novalidate=\"novalidate\" data-status=\"init\">\n<div style=\"display: none;\">\n<input type=\"hidden\" name=\"_wpcf7\" value=\"98\" \/>\n<input type=\"hidden\" name=\"_wpcf7_version\" value=\"5.7.7\" \/>\n<input type=\"hidden\" name=\"_wpcf7_locale\" value=\"en_US\" \/>\n<input type=\"hidden\" name=\"_wpcf7_unit_tag\" value=\"wpcf7-f98-o1\" \/>\n<input type=\"hidden\" name=\"_wpcf7_container_post\" value=\"0\" \/>\n<input type=\"hidden\" name=\"_wpcf7_posted_data_hash\" value=\"\" \/>\n<input type=\"hidden\" name=\"_wpcf7_recaptcha_response\" value=\"\" \/>\n<\/div>\n<div class=\"row\">\n\t<div class=\"col-sm-12\">\n\t\t<p><span class=\"wpcf7-form-control-wrap\" data-name=\"menu-210\"><select class=\"wpcf7-form-control wpcf7-select select_subject\" aria-invalid=\"false\" name=\"menu-210\"><option value=\"Produkty Seleny\">Produkty Seleny<\/option><option value=\"Zasoby ludzkie\">Zasoby ludzkie<\/option><option value=\"Relacje inwestorskie\">Relacje inwestorskie<\/option><option value=\"Og\u00f3lne\">Og\u00f3lne<\/option><\/select><\/span>\n\t\t<\/p>\n\t\t<div class=\"row\">\n\t\t\t<div class=\"col-sm-6 pb-4\">\n\t\t\t\t<p><span class=\"wpcf7-form-control-wrap\" data-name=\"your-name\"><input size=\"40\" class=\"wpcf7-form-control wpcf7-text wpcf7-validates-as-required\" aria-required=\"true\" aria-invalid=\"false\" placeholder=\"Imi\u0119\" value=\"\" type=\"text\" name=\"your-name\" \/><\/span>\n\t\t\t\t<\/p>\n\t\t\t<\/div>\n\t\t\t<div class=\"col-sm-6 pb-4\">\n\t\t\t\t<p><span class=\"wpcf7-form-control-wrap\" data-name=\"your-surname\"><input size=\"40\" class=\"wpcf7-form-control wpcf7-text wpcf7-validates-as-required\" aria-required=\"true\" aria-invalid=\"false\" placeholder=\"Nazwisko\" value=\"\" type=\"text\" name=\"your-surname\" \/><\/span>\n\t\t\t\t<\/p>\n\t\t\t<\/div>\n\t\t<\/div>\n\t\t<div class=\"row\">\n\t\t\t<div class=\"col-sm-6 pb-4\">\n\t\t\t\t<p><span class=\"wpcf7-form-control-wrap\" data-name=\"your-email\"><input size=\"40\" class=\"wpcf7-form-control wpcf7-text wpcf7-email wpcf7-validates-as-required wpcf7-validates-as-email\" aria-required=\"true\" aria-invalid=\"false\" placeholder=\"E-mail kontaktowy\" value=\"\" type=\"email\" name=\"your-email\" \/><\/span>\n\t\t\t\t<\/p>\n\t\t\t<\/div>\n\t\t\t<div class=\"col-sm-6 pb-4\">\n\t\t\t\t<p><span class=\"wpcf7-form-control-wrap\" data-name=\"your-phone\"><input size=\"40\" class=\"wpcf7-form-control wpcf7-text wpcf7-tel wpcf7-validates-as-required wpcf7-validates-as-tel\" aria-required=\"true\" aria-invalid=\"false\" placeholder=\"Numer telefonu\" value=\"\" type=\"tel\" name=\"your-phone\" \/><\/span>\n\t\t\t\t<\/p>\n\t\t\t<\/div>\n\t\t<\/div>\n\t\t<div class=\"row\">\n\t\t\t<div class=\"col-sm-12\">\n\t\t\t\t<p><span class=\"wpcf7-form-control-wrap\" data-name=\"your-message\"><textarea cols=\"40\" rows=\"10\" class=\"wpcf7-form-control wpcf7-textarea\" aria-invalid=\"false\" placeholder=\"Wiadomo\u015b\u0107\" name=\"your-message\"><\/textarea><\/span>\n\t\t\t\t<\/p>\n\t\t\t<\/div>\n\t\t<\/div>\n\t\t<div class=\"row\">\n\t\t\t<div class=\"col-sm-6\">\n\t\t\t\t<p><span class=\"wpcf7-form-control-wrap\" data-name=\"acceptance-878\"><span class=\"wpcf7-form-control wpcf7-acceptance optional\"><span class=\"wpcf7-list-item\"><label><input type=\"checkbox\" name=\"acceptance-878\" value=\"1\" aria-invalid=\"false\" \/><span class=\"wpcf7-list-item-label\">wyra\u017cam zgod\u0119 na przetwarzanie moich danych osobowych podanych w\n                formularzu w celu umo\u017cliwienia kontaktu przez Selena FM S.A. z siedzib\u0105 we Wroc\u0142awiu (dalej: Sp\u00f3\u0142ka lub\n                Administrator), kt\u00f3ra to Sp\u00f3\u0142ka b\u0119dzie administratorem moich danych osobowych. Wyra\u017cenie zgody jest\n                dobrowolne, jednak jest niezb\u0119dne, aby\u015bmy mogli skontaktowa\u0107 si\u0119 z Tob\u0105 po wype\u0142nieniu formularza\n                kontaktowego.<\/span><\/label><\/span><\/span><\/span><br \/>\n<input class=\"wpcf7-form-control has-spinner wpcf7-submit mt-5\" type=\"submit\" value=\"Wy\u015blij\" \/>\n\t\t\t\t<\/p>\n\t\t\t<\/div>\n\t\t\t<div class=\"col-sm-6\">\n\t\t\t\t<p><br \/>\nJednocze\u015bnie informujemy, \u017ce:\n\t\t\t\t<\/p>\n\t\t\t\t<ul>\n\t\t\t\t\t<li>\n\t\t\t\t\t\t<p>z Inspektorem Ochrony Danych Administratora mo\u017cesz skontaktowa\u0107 si\u0119 drog\u0105 mailow\u0105:<br \/>\n[office@selena.com] ,\n\t\t\t\t\t\t<\/p>\n\t\t\t\t\t<\/li>\n\t\t\t\t\t<li>\n\t\t\t\t\t\t<p>Twoje dane mog\u0105 by\u0107 przekazywane innym podmiotom, kt\u00f3re przetwarzaj\u0105 dane w imieniu Administratora,<br \/>\na kt\u00f3rym Administrator danych mo\u017ce zleci\u0107 wykonywanie pewnych technicznych czynno\u015bci w zwi\u0105zku z<br \/>\nprzetwarzaniem Twoich danych osobowych, co ka\u017cdorazowo odbywa\u0107 si\u0119 b\u0119dzie na podstawie umowy<br \/>\npowierzenia przetwarzania danych osobowych;\n\t\t\t\t\t\t<\/p>\n\t\t\t\t\t<\/li>\n\t\t\t\t\t<li>\n\t\t\t\t\t\t<p>Administrator b\u0119dzie przetwarza\u0142 Twoje dane przez okres niezb\u0119dny dla realizacji celu przetwarzania,<br \/>\njednak nie d\u0142u\u017cej ni\u017c do momentu wycofania niniejszej zgody;\n\t\t\t\t\t\t<\/p>\n\t\t\t\t\t<\/li>\n\t\t\t\t\t<li>\n\t\t\t\t\t\t<p>przys\u0142uguje Ci prawo do cofni\u0119cia zgody w dowolnym momencie, jednak bez wp\u0142ywu na zgodno\u015b\u0107 z prawem<br \/>\nprzetwarzania, kt\u00f3re mia\u0142o miejsce przed cofni\u0119ciem zgody;\n\t\t\t\t\t\t<\/p>\n\t\t\t\t\t<\/li>\n\t\t\t\t\t<li>\n\t\t\t\t\t\t<p>przys\u0142uguj\u0105 Ci prawo do dost\u0119pu do tre\u015bci Twoich danych i ich sprostowania, usuni\u0119cia danych,<br \/>\nwniesienia sprzeciwu wobec przetwarzania, ograniczenia przetwarzania, prawo do przenoszenia danych;\n\t\t\t\t\t\t<\/p>\n\t\t\t\t\t<\/li>\n\t\t\t\t\t<li>\n\t\t\t\t\t\t<p>przys\u0142uguje Ci r\u00f3wnie\u017c prawo do wniesienia skargi do Prezesa Urz\u0119du Ochrony Danych Osobowych, je\u015bli<br \/>\nTwoje dane b\u0119d\u0105 przetwarzane w spos\u00f3b niezgodny z prawem.\n\t\t\t\t\t\t<\/p>\n\t\t\t\t\t<\/li>\n\t\t\t\t<\/ul>\n\t\t\t<\/div>\n\t\t<\/div>\n\t<\/div>\n<\/div><div class=\"wpcf7-response-output\" aria-hidden=\"true\"><\/div>\n<\/form>\n<\/div>\n<\/div>\n","protected":false},"excerpt":{"rendered":"","protected":false},"author":1,"featured_media":0,"parent":0,"menu_order":0,"comment_status":"closed","ping_status":"closed","template":"templates\/contact.php","meta":[],"acf":[],"_links":{"self":[{"href":"https:\/\/archiwum.selena.com\/pl\/wp-json\/wp\/v2\/pages\/95"}],"collection":[{"href":"https:\/\/archiwum.selena.com\/pl\/wp-json\/wp\/v2\/pages"}],"about":[{"href":"https:\/\/archiwum.selena.com\/pl\/wp-json\/wp\/v2\/types\/page"}],"author":[{"embeddable":true,"href":"https:\/\/archiwum.selena.com\/pl\/wp-json\/wp\/v2\/users\/1"}],"replies":[{"embeddable":true,"href":"https:\/\/archiwum.selena.com\/pl\/wp-json\/wp\/v2\/comments?post=95"}],"version-history":[{"count":19,"href":"https:\/\/archiwum.selena.com\/pl\/wp-json\/wp\/v2\/pages\/95\/revisions"}],"predecessor-version":[{"id":16775,"href":"https:\/\/archiwum.selena.com\/pl\/wp-json\/wp\/v2\/pages\/95\/revisions\/16775"}],"wp:attachment":[{"href":"https:\/\/archiwum.selena.com\/pl\/wp-json\/wp\/v2\/media?parent=95"}],"curies":[{"name":"wp","href":"https:\/\/api.w.org\/{rel}","templated":true}]}}