{"id":48,"date":"2021-01-05T11:52:51","date_gmt":"2021-01-05T11:52:51","guid":{"rendered":"http:\/\/selena.vot.pl\/?page_id=48"},"modified":"2021-06-28T09:18:25","modified_gmt":"2021-06-28T09:18:25","slug":"slawomir-majchrowski","status":"publish","type":"page","link":"https:\/\/archiwum.selena.com\/pl\/grupa-selena\/organizacja\/zarzad-spolki\/slawomir-majchrowski\/","title":{"rendered":"S\u0142awomir Majchrowski"},"content":{"rendered":"\n<div class=\"is-layout-flex wp-container-3 wp-block-columns\">\n<div class=\"is-layout-flow wp-block-column\">\n<p>S\u0142awomir Majchrowski jest absolwentem Wydzia\u0142u Chemicznego Politechniki Wroc\u0142awskiej. W latach 1997-1998 uko\u0144czy\u0142 tak\u017ce studia podyplomowe na kierunku Marketing i Zarz\u0105dzanie na Uniwersytecie Ekonomicznym we\u00a0Wroc\u0142awiu oraz Analiz\u0119 Finansow\u0105 (w latach 2012-2013). Uko\u0144czy\u0142 program z zarz\u0105dzania w ICAN Institute (2008-2009) oraz kurs Strategii Konkurencyjnej w INSEAD (2012).<\/p>\n\n\n\n<p>W latach 2006-2008 pracowa\u0142 w firmie SIGMAKALON, a w latach 1997-2006 w firmie Polifarb Cieszyn Wroc\u0142aw S.A. gdzie piastowa\u0142 stanowiska Regionalnego Kierownika Sprzeda\u017cy, Kierownika Marketingu, Dyrektora Marketingu i\u00a0Cz\u0142onka Zarz\u0105du. By\u0142 jedn\u0105 z kluczowych os\u00f3b pracuj\u0105cych przy powstaniu marki Dekoral oraz opracowaniu koncepcji sieci sklep\u00f3w w\u0142asnych Centrum Dekoracyjne Dekoral oraz franchisingowych i partnerskich Studio Dekoral.<\/p>\n\n\n\n<p>W latach 2008-2019 zwi\u0105zany z firm\u0105 PPG \u2013 globalnym producentem farb i pow\u0142ok. Pracowa\u0142 na stanowiskach powi\u0105zanych z dzia\u0142alno\u015bci\u0105 komercyjn\u0105 sp\u00f3\u0142ki PPG Deco Polska, lidera bran\u017cy farb dekoracyjnych w Polsce. <\/p>\n\n\n\n<p>W\u00a0latach 2008 a 2013 by\u0142 Cz\u0142onkiem Zarz\u0105du, Dyrektorem Marketingu odpowiedzialnym za realizacj\u0119 strategii marketingowej sp\u00f3\u0142ki, zarz\u0105dzanie sieci\u0105 w\u0142asnych sklep\u00f3w oraz integracj\u0119 post akwizycyjn\u0105 dw\u00f3ch sp\u00f3\u0142ek w\u00a0struktury sp\u00f3\u0142ki PPG.<\/p>\n\n\n\n<p>W 2013 roku zosta\u0142 powo\u0142any na stanowisko Prezesa Zarz\u0105du PPG Deco Polska, kt\u00f3re pe\u0142ni\u0142 do momentu odej\u015bcia z\u00a0firmy z ko\u0144cem 2019 roku. Jako Prezes, wraz z Zarz\u0105dem i Prokurentami, zarz\u0105dza\u0142 dwoma podleg\u0142ymi zak\u0142adami produkcyjnymi oraz komercyjn\u0105 stron\u0105 biznesu farb dekoracyjnych PPG w Polsce. Opracowa\u0142 i\u00a0realizowa\u0142 strategi\u0119 podnoszenia efektywno\u015bci kosztowej i dokonywa\u0142 niezb\u0119dnych inwestycji oraz restrukturyzacji. Zarz\u0105dza\u0142 procesami sprzeda\u017cy w trzech kana\u0142ach: tradycyjnym, sieci market\u00f3w budowlanych i\u00a0sklep\u00f3w w\u0142asnych skoncentrowanych na wykonawcach profesjonalnych. Jednocze\u015bnie piastowa\u0142 stanowiska Przewodnicz\u0105cego Rady Nadzorczej firm \u2018Chemia Lublin\u2019 oraz \u2018Polifarb Gliwice\u2019.<\/p>\n<\/div>\n\n\n\n<div class=\"is-layout-flow wp-block-column\">\n<p>W 2017 roku dodatkowo zosta\u0142 Regionalnym Dyrektorem Marketingu firmy PPG na Europ\u0119 Centraln\u0105 i Cz\u0142onkiem Komitetu Wykonawczego Regionu obejmuj\u0105c odpowiedzialno\u015b\u0107 za strategi\u0119 marketingowo-produktow\u0105 na tych rynkach. Dokona\u0142 mi\u0119dzy innymi restrukturyzacji asortymentu, wprowadzi\u0142 wsp\u00f3lne koncepty marketingowo-produktowe m.in. od\u015bwie\u017cony koncept sieci sklep\u00f3w w\u0142asnych i franchisingowych w Czechach, S\u0142owacji i na W\u0119grzech przyczyniaj\u0105c si\u0119 do osi\u0105gania synergii kosztowych i wzrost\u00f3w sprzeda\u017cy. Wsp\u00f3\u0142pracowa\u0142 przy tworzeniu mapy innowacji i wsp\u00f3lnych koncept\u00f3w marketingowych dla rynk\u00f3w Europy Zachodniej i Centralnej.<\/p>\n\n\n\n<p>Od pocz\u0105tku 2020 roku pracowa\u0142 w Sp\u00f3\u0142ce jako Dyrektor Dywizji Interior &amp; Decoration b\u0119d\u0105c odpowiedzialnym za\u00a0strategi\u0119 dywizji i realizacj\u0119 cel\u00f3w biznesowych w sferze rozwi\u0105za\u0144 dla u\u017cytkownik\u00f3w ko\u0144cowych na wszystkich rynkach Seleny.<\/p>\n\n\n\n<p>W dniu 30 listopada 2020 roku uchwa\u0142\u0105 Rady Nadzorczej Selena FM S.A. zosta\u0142 powo\u0142any z dniem 1 stycznia 2021 roku w sk\u0142ad Zarz\u0105du Sp\u00f3\u0142ki jako Wiceprezes Zarz\u0105du ds. Handlowych.<\/p>\n\n\n\n<p>W dniu 27 maja 2021 roku uchwa\u0142\u0105 Rady Nadzorczej Selena FM S.A. zosta\u0142 powo\u0142any w&nbsp;sk\u0142ad Zarz\u0105du Sp\u00f3\u0142ki na now\u0105 kadencj\u0119 jako Wiceprezes Zarz\u0105du ds. Handlowych.<\/p>\n<\/div>\n<\/div>\n","protected":false},"excerpt":{"rendered":"<p>S\u0142awomir Majchrowski jest absolwentem Wydzia\u0142u Chemicznego Politechniki Wroc\u0142awskiej. W latach 1997-1998 uko\u0144czy\u0142 tak\u017ce studia podyplomowe na kierunku Marketing i Zarz\u0105dzanie na Uniwersytecie Ekonomicznym we\u00a0Wroc\u0142awiu oraz Analiz\u0119 Finansow\u0105 (w latach 2012-2013). Uko\u0144czy\u0142 program z zarz\u0105dzania w&#8230;<\/p>\n","protected":false},"author":1,"featured_media":14243,"parent":1888,"menu_order":1,"comment_status":"closed","ping_status":"closed","template":"templates\/single-authorite.php","meta":[],"acf":[],"_links":{"self":[{"href":"https:\/\/archiwum.selena.com\/pl\/wp-json\/wp\/v2\/pages\/48"}],"collection":[{"href":"https:\/\/archiwum.selena.com\/pl\/wp-json\/wp\/v2\/pages"}],"about":[{"href":"https:\/\/archiwum.selena.com\/pl\/wp-json\/wp\/v2\/types\/page"}],"author":[{"embeddable":true,"href":"https:\/\/archiwum.selena.com\/pl\/wp-json\/wp\/v2\/users\/1"}],"replies":[{"embeddable":true,"href":"https:\/\/archiwum.selena.com\/pl\/wp-json\/wp\/v2\/comments?post=48"}],"version-history":[{"count":18,"href":"https:\/\/archiwum.selena.com\/pl\/wp-json\/wp\/v2\/pages\/48\/revisions"}],"predecessor-version":[{"id":15239,"href":"https:\/\/archiwum.selena.com\/pl\/wp-json\/wp\/v2\/pages\/48\/revisions\/15239"}],"up":[{"embeddable":true,"href":"https:\/\/archiwum.selena.com\/pl\/wp-json\/wp\/v2\/pages\/1888"}],"wp:featuredmedia":[{"embeddable":true,"href":"https:\/\/archiwum.selena.com\/pl\/wp-json\/wp\/v2\/media\/14243"}],"wp:attachment":[{"href":"https:\/\/archiwum.selena.com\/pl\/wp-json\/wp\/v2\/media?parent=48"}],"curies":[{"name":"wp","href":"https:\/\/api.w.org\/{rel}","templated":true}]}}