{"id":1991,"date":"2021-01-28T12:20:43","date_gmt":"2021-01-28T12:20:43","guid":{"rendered":"http:\/\/selena.vot.pl\/?page_id=1991"},"modified":"2023-01-02T08:41:03","modified_gmt":"2023-01-02T07:41:03","slug":"lukasz-dziekan","status":"publish","type":"page","link":"https:\/\/archiwum.selena.com\/pl\/grupa-selena\/organizacja\/rada-nadzorcza\/lukasz-dziekan\/","title":{"rendered":"\u0141ukasz Dziekan"},"content":{"rendered":"\n<div class=\"is-layout-flex wp-container-3 wp-block-columns\">\n<div class=\"is-layout-flow wp-block-column\">\n<p>\u0141ukasz Dziekan jest absolwentem Wydzia\u0142u Matematyki i Nauk Informacyjnych Politechniki Warszawskiej na kierunku informatyka stosowana.<\/p>\n\n\n\n<p>Karier\u0119 rozpoczyna\u0142 w firmie Deloitte Advisory, gdzie zajmowa\u0142 si\u0119 matematycznym modelowaniem ryzyka finansowego, dla najwi\u0119kszych Polskich instytucji finansowych (lata 2008-2010).<\/p>\n\n\n\n<p>W 2011 roku pracowa\u0142 w firmie Deloitte w Nowym Yorku, gdzie by\u0142 odpowiedzialny za zarz\u0105dzanie ryzykiem kredytowym firmy American Express. Nast\u0119pnie do\u0142\u0105czy\u0142 do firmy ZocDoc \u015bwiadcz\u0105cej us\u0142ugi z dziedziny ochrony zdrowia b\u0119d\u0105cej \u201ejednoro\u017ccem\u201d w terminologii firm startupowych.<\/p>\n\n\n\n<p>W latach 2013-2016 zwi\u0105zany z firm\u0105 PwC Advisory, gdzie przez 3 lata zbudowa\u0142 licz\u0105cy ponad 50 os\u00f3b zesp\u00f3\u0142 doradczy zajmuj\u0105cy si\u0119 obszarem zaawansowanej analityki danych, machine learning (uczenie maszynowe) i by\u0142 pionierem we wdra\u017caniu takich modeli w bran\u017cach handlu detalicznego oraz bran\u017cy finansowej \u2013 na rynku polskim.<\/p>\n<\/div>\n\n\n\n<div class=\"is-layout-flow wp-block-column\">\n<p>Od 2019 roku zwi\u0105zany z Allegro.pl i AllegroPay gdzie pe\u0142ni rol\u0119 Starszego Managera ds. AI i technologii w us\u0142ugach finansowych oraz cz\u0142onka zarz\u0105du ds. ryzyka oraz technologii w AllegroPay \u2013 fintechowym ramieniu Allegro.<br><\/p>\n\n\n\n<p>Prelegent z obszaru sztucznej inteligencji i machine learning na wielu konferencjach bran\u017cowych, m.in. takich jak Data Science Summit, PyData, Azure Day, Infoshare i innych.<\/p>\n\n\n\n<p>W dniu 27 maja 2019 roku uchwa\u0142\u0105 Zwyczajnego Walnego Zgromadzenia Akcjonariuszy Selena FM S.A. zosta\u0142 powo\u0142any w sk\u0142ad Rady Nadzorczej Sp\u00f3\u0142ki.<br><\/p>\n\n\n\n<p>W dniu 27 maja 2021 roku uchwa\u0142\u0105 Zwyczajnego Walnego Zgromadzenia Akcjonariuszy Selena FM S.A. zosta\u0142 powo\u0142any w sk\u0142ad Rady Nadzorczej Sp\u00f3\u0142ki na kolejn\u0105 kadencj\u0119.<\/p>\n<\/div>\n<\/div>\n","protected":false},"excerpt":{"rendered":"<p>\u0141ukasz Dziekan jest absolwentem Wydzia\u0142u Matematyki i Nauk Informacyjnych Politechniki Warszawskiej na kierunku informatyka stosowana. Karier\u0119 rozpoczyna\u0142 w firmie Deloitte Advisory, gdzie zajmowa\u0142 si\u0119 matematycznym modelowaniem ryzyka finansowego, dla najwi\u0119kszych Polskich instytucji finansowych (lata 2008-2010)&#8230;.<\/p>\n","protected":false},"author":1,"featured_media":12788,"parent":1886,"menu_order":5,"comment_status":"closed","ping_status":"closed","template":"templates\/single-authorite.php","meta":[],"acf":[],"_links":{"self":[{"href":"https:\/\/archiwum.selena.com\/pl\/wp-json\/wp\/v2\/pages\/1991"}],"collection":[{"href":"https:\/\/archiwum.selena.com\/pl\/wp-json\/wp\/v2\/pages"}],"about":[{"href":"https:\/\/archiwum.selena.com\/pl\/wp-json\/wp\/v2\/types\/page"}],"author":[{"embeddable":true,"href":"https:\/\/archiwum.selena.com\/pl\/wp-json\/wp\/v2\/users\/1"}],"replies":[{"embeddable":true,"href":"https:\/\/archiwum.selena.com\/pl\/wp-json\/wp\/v2\/comments?post=1991"}],"version-history":[{"count":8,"href":"https:\/\/archiwum.selena.com\/pl\/wp-json\/wp\/v2\/pages\/1991\/revisions"}],"predecessor-version":[{"id":16702,"href":"https:\/\/archiwum.selena.com\/pl\/wp-json\/wp\/v2\/pages\/1991\/revisions\/16702"}],"up":[{"embeddable":true,"href":"https:\/\/archiwum.selena.com\/pl\/wp-json\/wp\/v2\/pages\/1886"}],"wp:featuredmedia":[{"embeddable":true,"href":"https:\/\/archiwum.selena.com\/pl\/wp-json\/wp\/v2\/media\/12788"}],"wp:attachment":[{"href":"https:\/\/archiwum.selena.com\/pl\/wp-json\/wp\/v2\/media?parent=1991"}],"curies":[{"name":"wp","href":"https:\/\/api.w.org\/{rel}","templated":true}]}}