{"id":1990,"date":"2021-01-28T12:20:38","date_gmt":"2021-01-28T12:20:38","guid":{"rendered":"http:\/\/selena.vot.pl\/?page_id=1990"},"modified":"2021-05-28T07:49:33","modified_gmt":"2021-05-28T07:49:33","slug":"czeslaw-domarecki","status":"publish","type":"page","link":"https:\/\/archiwum.selena.com\/pl\/grupa-selena\/organizacja\/rada-nadzorcza\/czeslaw-domarecki\/","title":{"rendered":"Czes\u0142aw Domarecki"},"content":{"rendered":"\n<div class=\"is-layout-flex wp-container-3 wp-block-columns\">\n<div class=\"is-layout-flow wp-block-column\">\n<p>Czes\u0142aw Domarecki studiowa\u0142 filozofi\u0119 i matematyk\u0119 na Uniwersytecie Jagiello\u0144skim w Krakowie.<\/p>\n\n\n\n<p>W okresie od grudnia 2017 roku do listopada 2018 roku w sp\u00f3\u0142ce Selena Marketing International Sp. z o.o. wykonywa\u0142 obowi\u0105zki na stanowisku Financial Analysis Specialist. R\u00f3wnolegle, w 2017 roku, pracowa\u0142 w redakcji \u201eTeologii Politycznej\u201d.<\/p>\n\n\n\n<p>Od marca 2018 roku pe\u0142ni funkcj\u0119 Prezesa Zarz\u0105du sp\u00f3\u0142ki Elis Consulting Sp. z o.o. Dodatkowo od marca 2020 roku na\u00a0stanowisku Junior Stock Market Analyst w Opti TFI.<\/p>\n<\/div>\n\n\n\n<div class=\"is-layout-flow wp-block-column\">\n<p>W dniu 28 lutego 2019 roku uchwa\u0142\u0105 Nadzwyczajnego Walnego Zgromadzenia Akcjonariuszy Selena FM S.A. zosta\u0142 powo\u0142any w sk\u0142ad Rady Nadzorczej Sp\u00f3\u0142ki.<\/p>\n\n\n\n<p>W dniu 27 maja 2021 roku uchwa\u0142\u0105 Zwyczajnego Walnego Zgromadzenia Akcjonariuszy Selena FM S.A. zosta\u0142 powo\u0142any w sk\u0142ad Rady Nadzorczej Sp\u00f3\u0142ki na kolejn\u0105 kadencj\u0119.<\/p>\n<\/div>\n<\/div>\n","protected":false},"excerpt":{"rendered":"<p>Czes\u0142aw Domarecki studiowa\u0142 filozofi\u0119 i matematyk\u0119 na Uniwersytecie Jagiello\u0144skim w Krakowie. W okresie od grudnia 2017 roku do listopada 2018 roku w sp\u00f3\u0142ce Selena Marketing International Sp. z o.o. wykonywa\u0142 obowi\u0105zki na stanowisku Financial Analysis&#8230;<\/p>\n","protected":false},"author":1,"featured_media":12786,"parent":1886,"menu_order":5,"comment_status":"closed","ping_status":"closed","template":"templates\/single-authorite.php","meta":[],"acf":[],"_links":{"self":[{"href":"https:\/\/archiwum.selena.com\/pl\/wp-json\/wp\/v2\/pages\/1990"}],"collection":[{"href":"https:\/\/archiwum.selena.com\/pl\/wp-json\/wp\/v2\/pages"}],"about":[{"href":"https:\/\/archiwum.selena.com\/pl\/wp-json\/wp\/v2\/types\/page"}],"author":[{"embeddable":true,"href":"https:\/\/archiwum.selena.com\/pl\/wp-json\/wp\/v2\/users\/1"}],"replies":[{"embeddable":true,"href":"https:\/\/archiwum.selena.com\/pl\/wp-json\/wp\/v2\/comments?post=1990"}],"version-history":[{"count":5,"href":"https:\/\/archiwum.selena.com\/pl\/wp-json\/wp\/v2\/pages\/1990\/revisions"}],"predecessor-version":[{"id":14948,"href":"https:\/\/archiwum.selena.com\/pl\/wp-json\/wp\/v2\/pages\/1990\/revisions\/14948"}],"up":[{"embeddable":true,"href":"https:\/\/archiwum.selena.com\/pl\/wp-json\/wp\/v2\/pages\/1886"}],"wp:featuredmedia":[{"embeddable":true,"href":"https:\/\/archiwum.selena.com\/pl\/wp-json\/wp\/v2\/media\/12786"}],"wp:attachment":[{"href":"https:\/\/archiwum.selena.com\/pl\/wp-json\/wp\/v2\/media?parent=1990"}],"curies":[{"name":"wp","href":"https:\/\/api.w.org\/{rel}","templated":true}]}}