{"id":1988,"date":"2021-01-28T12:20:13","date_gmt":"2021-01-28T12:20:13","guid":{"rendered":"http:\/\/selena.vot.pl\/?page_id=1988"},"modified":"2021-05-28T08:02:13","modified_gmt":"2021-05-28T08:02:13","slug":"mariusz-warych","status":"publish","type":"page","link":"https:\/\/archiwum.selena.com\/pl\/grupa-selena\/organizacja\/rada-nadzorcza\/mariusz-warych\/","title":{"rendered":"Mariusz Warych"},"content":{"rendered":"\n<div class=\"is-layout-flex wp-container-3 wp-block-columns\">\n<div class=\"is-layout-flow wp-block-column\">\n<p>Mariusz Warych jest absolwentem handlu zagranicznego na Wydziale Ekonomiczno-Socjologicznym Uniwersytetu \u0141\u00f3dzkiego, z dyplomem w zakresie Finans\u00f3w i Rachunkowo\u015bci na Hogeschool van Utrecht w Holandii. Uczestniczy\u0142 w\u00a0programie ACCA (Association of Chartered Certified Accountants), a tak\u017ce posiada dyplom CIA (Certified Internal Auditor). Specjalizuje si\u0119 w zakresie zarz\u0105dzania, nadzoru oraz oceny efektywno\u015bci prowadzonej dzia\u0142alno\u015bci biznesowej, identyfikacji i rozwi\u0105zywania s\u0142abo\u015bci finansowych i operacyjnych, zarz\u0105dzania ryzykami zwi\u0105zanymi z\u00a0realizacj\u0105 cel\u00f3w biznesowych, audytu wewn\u0119trznego, szkole\u0144 biznesowych oraz niezale\u017cnego cz\u0142onkostwa w\u00a0radach nadzorczych oraz komitetach audytu. <\/p>\n\n\n\n<p>Od czerwca 2013 roku pe\u0142ni funkcj\u0119 niezale\u017cnego cz\u0142onka Rady Nadzorczej w\u00a0BNP Paribas Bank Polska S.A., gdzie przewodniczy r\u00f3wnie\u017c Komitetowi Audytu. <\/p>\n\n\n\n<p>Od\u00a0czerwca 2020 roku pe\u0142ni funkcj\u0119 niezale\u017cnego cz\u0142onka Rady Nadzorczej w JSC Ukrsibbank na Ukrainie, gdzie tak\u017ce przewodniczy Komitetowi Audytu.\u00a0 W latach 2011 \u2013 2012 zasiada\u0142 w Radzie Nadzorczej i Komitecie Audytu sp\u00f3\u0142ki JSW.\u00a0<\/p>\n<\/div>\n\n\n\n<div class=\"is-layout-flow wp-block-column\">\n<p>W swojej dotychczasowej karierze zawodowej piastowa\u0142 stanowiska Dyrektora Audytu Wewn\u0119trznego w Europie, w\u00a0sp\u00f3\u0142kach: KBC, Aviva, Allianz, PZU oraz Dyrektora Finansowego w Citileasing oraz Handlowy-Leasing. Pracowa\u0142 tak\u017ce jako Dyrektor ds. Zarz\u0105dzania Ryzykiem w Deloitte oraz jako Audytor Zewn\u0119trzny, zatrudniony przez flagowe biura firmy Ernst &amp; Young na \u015bwiecie, ze szczeg\u00f3ln\u0105 specjalizacj\u0105 w zakresie us\u0142ug finansowych oraz firm nowej generacji (tzw. high tech) \u2013 w Warszawie, Londynie, Toronto, Vancouver i Nowym Jorku. Od 2009 roku przewodniczy Klubowi Szef\u00f3w Audytu w Polsce. Ponadto, by\u0142 doradc\u0105 ds. finansowych Kongresu Polonii Kanadyjskiej w Vancouver, gdzie r\u00f3wnie\u017c prowadzi\u0142 audycj\u0119 w Polskim Radiu NOFA.<\/p>\n\n\n\n<p>W dniu 14 czerwca 2018 roku uchwa\u0142\u0105 Zwyczajnego Walnego Zgromadzenia Akcjonariuszy Selena FM S.A. zosta\u0142 powo\u0142any w sk\u0142ad Rady Nadzorczej Sp\u00f3\u0142ki.<\/p>\n\n\n\n<p>W dniu 27 maja 2021 roku uchwa\u0142\u0105 Zwyczajnego Walnego Zgromadzenia Akcjonariuszy Selena FM S.A. zosta\u0142 powo\u0142any w sk\u0142ad Rady Nadzorczej Sp\u00f3\u0142ki na kolejn\u0105 kadencj\u0119.<\/p>\n<\/div>\n<\/div>\n","protected":false},"excerpt":{"rendered":"<p>Mariusz Warych jest absolwentem handlu zagranicznego na Wydziale Ekonomiczno-Socjologicznym Uniwersytetu \u0141\u00f3dzkiego, z dyplomem w zakresie Finans\u00f3w i Rachunkowo\u015bci na Hogeschool van Utrecht w Holandii. Uczestniczy\u0142 w\u00a0programie ACCA (Association of Chartered Certified Accountants), a tak\u017ce posiada&#8230;<\/p>\n","protected":false},"author":1,"featured_media":12782,"parent":1886,"menu_order":4,"comment_status":"closed","ping_status":"closed","template":"templates\/single-authorite.php","meta":[],"acf":[],"_links":{"self":[{"href":"https:\/\/archiwum.selena.com\/pl\/wp-json\/wp\/v2\/pages\/1988"}],"collection":[{"href":"https:\/\/archiwum.selena.com\/pl\/wp-json\/wp\/v2\/pages"}],"about":[{"href":"https:\/\/archiwum.selena.com\/pl\/wp-json\/wp\/v2\/types\/page"}],"author":[{"embeddable":true,"href":"https:\/\/archiwum.selena.com\/pl\/wp-json\/wp\/v2\/users\/1"}],"replies":[{"embeddable":true,"href":"https:\/\/archiwum.selena.com\/pl\/wp-json\/wp\/v2\/comments?post=1988"}],"version-history":[{"count":9,"href":"https:\/\/archiwum.selena.com\/pl\/wp-json\/wp\/v2\/pages\/1988\/revisions"}],"predecessor-version":[{"id":14958,"href":"https:\/\/archiwum.selena.com\/pl\/wp-json\/wp\/v2\/pages\/1988\/revisions\/14958"}],"up":[{"embeddable":true,"href":"https:\/\/archiwum.selena.com\/pl\/wp-json\/wp\/v2\/pages\/1886"}],"wp:featuredmedia":[{"embeddable":true,"href":"https:\/\/archiwum.selena.com\/pl\/wp-json\/wp\/v2\/media\/12782"}],"wp:attachment":[{"href":"https:\/\/archiwum.selena.com\/pl\/wp-json\/wp\/v2\/media?parent=1988"}],"curies":[{"name":"wp","href":"https:\/\/api.w.org\/{rel}","templated":true}]}}