{"id":1986,"date":"2021-01-28T12:19:49","date_gmt":"2021-01-28T12:19:49","guid":{"rendered":"http:\/\/selena.vot.pl\/?page_id=1986"},"modified":"2021-05-28T08:00:12","modified_gmt":"2021-05-28T08:00:12","slug":"pawel-wyrzykowski","status":"publish","type":"page","link":"https:\/\/archiwum.selena.com\/pl\/grupa-selena\/organizacja\/rada-nadzorcza\/pawel-wyrzykowski\/","title":{"rendered":"Pawe\u0142 Wyrzykowski"},"content":{"rendered":"\n<div class=\"is-layout-flex wp-container-3 wp-block-columns\">\n<div class=\"is-layout-flow wp-block-column\">\n<p>Pawe\u0142 Wyrzykowski jest absolwentem Wydzia\u0142u Handlu Zagranicznego Szko\u0142y G\u0142\u00f3wnej Handlowej w Warszawie.<\/p>\n\n\n\n<p>W latach 1992-1998 pracowa\u0142 w Grupie Banku Creditanstalt w Wiedniu i Warszawie. W latach 1998-2011 kontynuowa\u0142 karier\u0119 zawodow\u0105 w Grupie Pfleiderer AG b\u0119d\u0105cej wiod\u0105cym producentem materia\u0142\u00f3w dla przemys\u0142u meblarskiego, najpierw jako CFO, a od 2003 roku jako Prezes Zarz\u0105du Grupy Pfleiderer Grajewo S.A. W latach 2009-2011 sprawowa\u0142 funkcj\u0119 Cz\u0142onka Zarz\u0105du Pfleiderer AG w Neumarkt w Niemczech.<\/p>\n\n\n\n<p><\/p>\n<\/div>\n\n\n\n<div class=\"is-layout-flow wp-block-column\">\n<p>W latach 2012-2019 Prezes Zarz\u0105du w Seco\/Warwick S.A. &#8211; jednego ze \u015bwiatowych lider\u00f3w producent\u00f3w piec\u00f3w do&nbsp;obr\u00f3bki chemiczno-termicznej metali.<\/p>\n\n\n\n<p>Od 2019 roku niezale\u017cny doradca gospodarczy.<\/p>\n\n\n\n<p>W dniu 27 maja 2021 roku uchwa\u0142\u0105 Zwyczajnego Walnego Zgromadzenia Akcjonariuszy Selena FM S.A. zosta\u0142 powo\u0142any w sk\u0142ad Rady Nadzorczej Sp\u00f3\u0142ki.<\/p>\n<\/div>\n<\/div>\n","protected":false},"excerpt":{"rendered":"<p>Pawe\u0142 Wyrzykowski jest absolwentem Wydzia\u0142u Handlu Zagranicznego Szko\u0142y G\u0142\u00f3wnej Handlowej w Warszawie. W latach 1992-1998 pracowa\u0142 w Grupie Banku Creditanstalt w Wiedniu i Warszawie. W latach 1998-2011 kontynuowa\u0142 karier\u0119 zawodow\u0105 w Grupie Pfleiderer AG b\u0119d\u0105cej&#8230;<\/p>\n","protected":false},"author":1,"featured_media":14892,"parent":1886,"menu_order":7,"comment_status":"closed","ping_status":"closed","template":"templates\/single-authorite.php","meta":[],"acf":[],"_links":{"self":[{"href":"https:\/\/archiwum.selena.com\/pl\/wp-json\/wp\/v2\/pages\/1986"}],"collection":[{"href":"https:\/\/archiwum.selena.com\/pl\/wp-json\/wp\/v2\/pages"}],"about":[{"href":"https:\/\/archiwum.selena.com\/pl\/wp-json\/wp\/v2\/types\/page"}],"author":[{"embeddable":true,"href":"https:\/\/archiwum.selena.com\/pl\/wp-json\/wp\/v2\/users\/1"}],"replies":[{"embeddable":true,"href":"https:\/\/archiwum.selena.com\/pl\/wp-json\/wp\/v2\/comments?post=1986"}],"version-history":[{"count":10,"href":"https:\/\/archiwum.selena.com\/pl\/wp-json\/wp\/v2\/pages\/1986\/revisions"}],"predecessor-version":[{"id":14952,"href":"https:\/\/archiwum.selena.com\/pl\/wp-json\/wp\/v2\/pages\/1986\/revisions\/14952"}],"up":[{"embeddable":true,"href":"https:\/\/archiwum.selena.com\/pl\/wp-json\/wp\/v2\/pages\/1886"}],"wp:featuredmedia":[{"embeddable":true,"href":"https:\/\/archiwum.selena.com\/pl\/wp-json\/wp\/v2\/media\/14892"}],"wp:attachment":[{"href":"https:\/\/archiwum.selena.com\/pl\/wp-json\/wp\/v2\/media?parent=1986"}],"curies":[{"name":"wp","href":"https:\/\/api.w.org\/{rel}","templated":true}]}}