{"id":1984,"date":"2021-01-28T12:19:20","date_gmt":"2021-01-28T12:19:20","guid":{"rendered":"http:\/\/selena.vot.pl\/?page_id=1984"},"modified":"2023-01-02T08:33:42","modified_gmt":"2023-01-02T07:33:42","slug":"dr-boryslaw-czyzak","status":"publish","type":"page","link":"https:\/\/archiwum.selena.com\/pl\/grupa-selena\/organizacja\/rada-nadzorcza\/dr-boryslaw-czyzak\/","title":{"rendered":"Dr Borys\u0142aw Czy\u017cak"},"content":{"rendered":"\n<div class=\"is-layout-flex wp-container-3 wp-block-columns\">\n<div class=\"is-layout-flow wp-block-column\">\n<p>Borys\u0142aw Czy\u017cak jest absolwentem Wydzia\u0142u Fizyki Uniwersytetu im. Adama Mickiewicza w Poznaniu, uzyska\u0142 doktorat w&nbsp;Polskiej Akademii Nauk w 1991 roku, prowadzi\u0142 zaj\u0119cia dla student\u00f3w Politechniki Pozna\u0144skiej. Odby\u0142 sta\u017ce naukowe w&nbsp;Oksfordzie i na Uniwersytecie Stanforda, w centrum kalifornijskiej Doliny Krzemowej. W drugiej po\u0142owie lat dziewi\u0119\u0107dziesi\u0105tych do\u0142\u0105czy\u0142 do warszawskiego biura firmy McKinsey &amp; Company specjalizuj\u0105cej si\u0119 w&nbsp;doradztwie strategicznym, uczestniczy\u0142 w projektach dotycz\u0105cych prywatyzacji i zmian strategicznych w firmach przemys\u0142owych, liniach lotniczych, telekomunikacji i w bankowo\u015bci. W tym czasie uko\u0144czy\u0142 program MMBA w&nbsp;Holandii prowadzony dla firmy McKinsey.<\/p>\n\n\n\n<p>W latach 2000-2014 zwi\u0105zany z szwajcarsk\u0105 firm\u0105 Egon Zehnder International i jej biurem w Warszawie, od 2007 roku Partner w centrali Egon Zehnder AG w Zurychu. Pe\u0142ni\u0142 r\u00f3wnie\u017c funkcj\u0119 Prezesa Zarz\u0105du Egon Zehnder w Polsce. Specjalizuje si\u0119 w strategicznym doradztwie kadrowym, zagadnieniach nadzoru w\u0142a\u015bcicielskiego i rozwoju kadr. W&nbsp;ostatnich latach prowadzi\u0142 szereg projekt\u00f3w dotycz\u0105cych pomocy przy po\u0142\u0105czeniach i przej\u0119ciach firm, poszukiwania kadr, budowania rad nadzorczych, audyt\u00f3w kadry zarz\u0105dzaj\u0105cej w Polsce, Niemczech, Wielkiej Brytanii, USA i&nbsp;na&nbsp;Bliskim Wschodzie. W Polsce pracowa\u0142 z wieloma sp\u00f3\u0142kami wchodz\u0105cymi w sk\u0142ad indeksu WIG20, ale wi\u0119kszo\u015b\u0107 czasu po\u015bwi\u0119ca firmom prywatnym b\u0119d\u0105cym w r\u0119kach za\u0142o\u017cycieli.<\/p>\n<\/div>\n\n\n\n<div class=\"is-layout-flow wp-block-column\">\n<p>Jest aktywnym inwestorem w sp\u00f3\u0142kach technologicznych, cz\u0142onkiem Komitetu Inwestycyjnego funduszu venture capital Simpact. Jest jednym z fundator\u00f3w Fundacji Studnia Nadziei buduj\u0105cej studnie w Afryce. Jest \u017conaty, ma dwoje doros\u0142ych dzieci.<\/p>\n\n\n\n<p>W dniu 14 czerwca 2018 roku uchwa\u0142\u0105 Zwyczajnego Walnego Zgromadzenia Akcjonariuszy Selena FM S.A. zosta\u0142 powo\u0142any w sk\u0142ad Rady Nadzorczej Sp\u00f3\u0142ki.<\/p>\n\n\n\n<p>W dniu 27 maja 2021 roku uchwa\u0142\u0105 Zwyczajnego Walnego Zgromadzenia Akcjonariuszy Selena FM S.A. zosta\u0142 powo\u0142any w sk\u0142ad Rady Nadzorczej Sp\u00f3\u0142ki na kolejn\u0105 kadencj\u0119.<\/p>\n<\/div>\n<\/div>\n","protected":false},"excerpt":{"rendered":"<p>Borys\u0142aw Czy\u017cak jest absolwentem Wydzia\u0142u Fizyki Uniwersytetu im. Adama Mickiewicza w Poznaniu, uzyska\u0142 doktorat w&nbsp;Polskiej Akademii Nauk w 1991 roku, prowadzi\u0142 zaj\u0119cia dla student\u00f3w Politechniki Pozna\u0144skiej. Odby\u0142 sta\u017ce naukowe w&nbsp;Oksfordzie i na Uniwersytecie Stanforda, w&#8230;<\/p>\n","protected":false},"author":1,"featured_media":12772,"parent":1886,"menu_order":2,"comment_status":"closed","ping_status":"closed","template":"templates\/single-authorite.php","meta":[],"acf":[],"_links":{"self":[{"href":"https:\/\/archiwum.selena.com\/pl\/wp-json\/wp\/v2\/pages\/1984"}],"collection":[{"href":"https:\/\/archiwum.selena.com\/pl\/wp-json\/wp\/v2\/pages"}],"about":[{"href":"https:\/\/archiwum.selena.com\/pl\/wp-json\/wp\/v2\/types\/page"}],"author":[{"embeddable":true,"href":"https:\/\/archiwum.selena.com\/pl\/wp-json\/wp\/v2\/users\/1"}],"replies":[{"embeddable":true,"href":"https:\/\/archiwum.selena.com\/pl\/wp-json\/wp\/v2\/comments?post=1984"}],"version-history":[{"count":7,"href":"https:\/\/archiwum.selena.com\/pl\/wp-json\/wp\/v2\/pages\/1984\/revisions"}],"predecessor-version":[{"id":16699,"href":"https:\/\/archiwum.selena.com\/pl\/wp-json\/wp\/v2\/pages\/1984\/revisions\/16699"}],"up":[{"embeddable":true,"href":"https:\/\/archiwum.selena.com\/pl\/wp-json\/wp\/v2\/pages\/1886"}],"wp:featuredmedia":[{"embeddable":true,"href":"https:\/\/archiwum.selena.com\/pl\/wp-json\/wp\/v2\/media\/12772"}],"wp:attachment":[{"href":"https:\/\/archiwum.selena.com\/pl\/wp-json\/wp\/v2\/media?parent=1984"}],"curies":[{"name":"wp","href":"https:\/\/api.w.org\/{rel}","templated":true}]}}