{"id":1982,"date":"2021-01-28T12:18:33","date_gmt":"2021-01-28T12:18:33","guid":{"rendered":"http:\/\/selena.vot.pl\/?page_id=1982"},"modified":"2021-02-12T15:48:31","modified_gmt":"2021-02-12T15:48:31","slug":"tarasy-i-balkony","status":"publish","type":"page","link":"https:\/\/archiwum.selena.com\/pl\/marki-i-produkty\/tarasy-i-balkony\/","title":{"rendered":"Tarasy i balkony"},"content":{"rendered":"\n<h2 class=\"has-text-align-center header_medium text-center\">Tarasy i balkony<\/h2>\n\n\n\n<figure class=\"wp-block-image alignwide size-large\"><img decoding=\"async\" loading=\"lazy\" width=\"960\" height=\"205\" src=\"https:\/\/selena.com\/wp-content\/uploads\/tarasy_balkony.png\" alt=\"\" class=\"wp-image-13760\" srcset=\"https:\/\/archiwum.selena.com\/wp-content\/uploads\/tarasy_balkony.png 960w, https:\/\/archiwum.selena.com\/wp-content\/uploads\/tarasy_balkony-300x64.png 300w, https:\/\/archiwum.selena.com\/wp-content\/uploads\/tarasy_balkony-768x164.png 768w\" sizes=\"(max-width: 960px) 100vw, 960px\" \/><\/figure>\n\n\n\n<div class=\"is-layout-flex wp-container-3 wp-block-columns has-background\" style=\"background-color:#103b5f\">\n<div class=\"is-layout-flow wp-block-column\" style=\"flex-basis:66.66%\">\n<p class=\"has-text-align-center has-white-color has-text-color\"><strong>DO ZROBIENIA:<\/strong><\/p>\n<\/div>\n\n\n\n<div class=\"is-layout-flow wp-block-column\" style=\"flex-basis:33.33%\">\n<p class=\"has-text-align-center has-white-color has-text-color\"><strong>POLECANE PRODUKTY:<\/strong><\/p>\n<\/div>\n<\/div>\n\n\n\n<div class=\"is-layout-flex wp-container-6 wp-block-columns has-background\" style=\"background-color:#ffffff\">\n<div class=\"is-layout-flow wp-block-column is-vertically-aligned-center\" style=\"flex-basis:66.66%\">\n<p>Monta\u017c membrany wodoodpornej<\/p>\n<\/div>\n\n\n\n<div class=\"is-layout-flow wp-block-column\" style=\"flex-basis:33.33%\">\n<p>Papa Matizol Fundament SBS<br>Papa Gorbit Standard PZ PYE PV140 S30<br>Papa Welplast PV60 S35<\/p>\n<\/div>\n<\/div>\n\n\n\n<div class=\"is-layout-flex wp-container-9 wp-block-columns has-background\" style=\"background-color:#ffffff\">\n<div class=\"is-layout-flow wp-block-column is-vertically-aligned-center\" style=\"flex-basis:66.66%\">\n<p>Izolacja przeciwilgociawa pod\u0142o\u017ca przed monta\u017cem p\u0142ytek<\/p>\n<\/div>\n\n\n\n<div class=\"is-layout-flow wp-block-column\" style=\"flex-basis:33.33%\">\n<p>Hydro 2K Masa uszczelniaj\u0105ca<br>Ta\u015bma do p\u0142ynnej folii i elementy uszczelniaj\u0105ce &#8222;TU&#8221;<br>Ta\u015bma do Hydro 2K i elementy uszczelniaj\u0105ce &#8222;TPER&#8221;<\/p>\n<\/div>\n<\/div>\n\n\n\n<div class=\"is-layout-flex wp-container-12 wp-block-columns has-background\" style=\"background-color:#ffffff\">\n<div class=\"is-layout-flow wp-block-column is-vertically-aligned-center\" style=\"flex-basis:66.66%\">\n<p>Monta\u017c p\u0142ytek ceramicznych na tarasach i balkonach<\/p>\n<\/div>\n\n\n\n<div class=\"is-layout-flow wp-block-column\" style=\"flex-basis:33.33%\">\n<p>Mocny klej elastyczny EA536<br>Rozp\u0142ywny klej GA636<br>Mocny klej wysokoelastyczny GEA736<br>Bia\u0142y klej z trasem GEA836<\/p>\n<\/div>\n<\/div>\n\n\n\n<div class=\"is-layout-flex wp-container-15 wp-block-columns has-background\" style=\"background-color:#ffffff\">\n<div class=\"is-layout-flow wp-block-column is-vertically-aligned-center\" style=\"flex-basis:66.66%\">\n<p>Fugowanie<\/p>\n<\/div>\n\n\n\n<div class=\"is-layout-flow wp-block-column\" style=\"flex-basis:33.33%\">\n<p>Fuga szeroka GEA746<\/p>\n<\/div>\n<\/div>\n\n\n\n<div class=\"is-layout-flex wp-container-18 wp-block-columns has-background\" style=\"background-color:#ffffff\">\n<div class=\"is-layout-flow wp-block-column is-vertically-aligned-center\" style=\"flex-basis:66.66%\">\n<p>Uszczelnianie po\u0142\u0105cze\u0144 mi\u0119dzy \u015bcian\u0105 a pod\u0142og\u0105 balkonu lub tarasu<\/p>\n<\/div>\n\n\n\n<div class=\"is-layout-flow wp-block-column\" style=\"flex-basis:33.33%\">\n<p>Uszczelniacz na tarasy i balkony<\/p>\n<\/div>\n<\/div>\n\n\n\n<div class=\"is-layout-flex wp-container-21 wp-block-columns has-background\" style=\"background-color:#ffffff\">\n<div class=\"is-layout-flow wp-block-column is-vertically-aligned-center\" style=\"flex-basis:66.66%\">\n<p>Monta\u017c por\u0119czy<\/p>\n<\/div>\n\n\n\n<div class=\"is-layout-flow wp-block-column\" style=\"flex-basis:33.33%\">\n<p>Evolution I Kotwa chemiczna<\/p>\n<\/div>\n<\/div>\n\n\n\n<div class=\"is-layout-flex wp-container-24 wp-block-columns has-background\" style=\"background-color:#ffffff\">\n<div class=\"is-layout-flow wp-block-column is-vertically-aligned-center\" style=\"flex-basis:66.66%\">\n<p>Uszczelnianie zewn\u0119trznych balustrad ze szk\u0142a i metalu<\/p>\n<\/div>\n\n\n\n<div class=\"is-layout-flow wp-block-column\" style=\"flex-basis:33.33%\">\n<p>FIX2 klej- uszczelniacz<\/p>\n<\/div>\n<\/div>\n\n\n\n<div class=\"is-layout-flex wp-container-27 wp-block-columns has-background\" style=\"background-color:#ffffff\">\n<div class=\"is-layout-flow wp-block-column is-vertically-aligned-center\" style=\"flex-basis:66.66%\">\n<p>Bie\u017c\u0105ce naprawy<\/p>\n<\/div>\n\n\n\n<div class=\"is-layout-flow wp-block-column\" style=\"flex-basis:33.33%\">\n<p>Uszczelniacz dekarski- kauczukowy<\/p>\n<\/div>\n<\/div>\n\n\n\n<div class=\"is-layout-flex wp-container-30 wp-block-columns has-background\" style=\"background-color:#ffffff\">\n<div class=\"is-layout-flow wp-block-column is-vertically-aligned-center\" style=\"flex-basis:66.66%\">\n<p>Monta\u017c paneli izolacji termicznej na tarasach i balkonach (system ETICS)<\/p>\n<\/div>\n\n\n\n<div class=\"is-layout-flow wp-block-column\" style=\"flex-basis:33.33%\">\n<p>STYRO 753 E\/B1 Klej do monta\u017cu zewn\u0119trznej izolacji termicznej<br>STYRO 753 Klej do monta\u017cu zewn\u0119trznej izolacji termicznej<br>Styro Uni Klej do monta\u017cu p\u0142yt izolacyjnych i dekoracyjnych<\/p>\n<\/div>\n<\/div>\n\n\n\n<div class=\"is-layout-flex wp-container-33 wp-block-columns has-background\" style=\"background-color:#ffffff\">\n<div class=\"is-layout-flow wp-block-column is-vertically-aligned-center\" style=\"flex-basis:66.66%\">\n<p>Wype\u0142nianie luk, p\u0119kni\u0119\u0107 i po\u0142\u0105cze\u0144 na tarasach i balkonach<\/p>\n<\/div>\n\n\n\n<div class=\"is-layout-flow wp-block-column\" style=\"flex-basis:33.33%\">\n<p>Piana monta\u017cowa O2 STD<br>Piana monta\u017cowa O2 LEXY 60\/40\/20 wielosezonowa<br>Uszczelniaj\u0105ca piana poliuretanowa Fill All<\/p>\n<\/div>\n<\/div>\n\n\n\n<p><\/p>\n","protected":false},"excerpt":{"rendered":"<p>Tarasy i balkony DO ZROBIENIA: POLECANE PRODUKTY: Monta\u017c membrany wodoodpornej Papa Matizol Fundament SBSPapa Gorbit Standard PZ PYE PV140 S30Papa Welplast PV60 S35 Izolacja przeciwilgociawa pod\u0142o\u017ca przed monta\u017cem p\u0142ytek Hydro 2K Masa uszczelniaj\u0105caTa\u015bma do p\u0142ynnej&#8230;<\/p>\n","protected":false},"author":1,"featured_media":13746,"parent":30,"menu_order":9,"comment_status":"closed","ping_status":"closed","template":"templates\/single-brands_and_products.php","meta":[],"acf":[],"_links":{"self":[{"href":"https:\/\/archiwum.selena.com\/pl\/wp-json\/wp\/v2\/pages\/1982"}],"collection":[{"href":"https:\/\/archiwum.selena.com\/pl\/wp-json\/wp\/v2\/pages"}],"about":[{"href":"https:\/\/archiwum.selena.com\/pl\/wp-json\/wp\/v2\/types\/page"}],"author":[{"embeddable":true,"href":"https:\/\/archiwum.selena.com\/pl\/wp-json\/wp\/v2\/users\/1"}],"replies":[{"embeddable":true,"href":"https:\/\/archiwum.selena.com\/pl\/wp-json\/wp\/v2\/comments?post=1982"}],"version-history":[{"count":3,"href":"https:\/\/archiwum.selena.com\/pl\/wp-json\/wp\/v2\/pages\/1982\/revisions"}],"predecessor-version":[{"id":13764,"href":"https:\/\/archiwum.selena.com\/pl\/wp-json\/wp\/v2\/pages\/1982\/revisions\/13764"}],"up":[{"embeddable":true,"href":"https:\/\/archiwum.selena.com\/pl\/wp-json\/wp\/v2\/pages\/30"}],"wp:featuredmedia":[{"embeddable":true,"href":"https:\/\/archiwum.selena.com\/pl\/wp-json\/wp\/v2\/media\/13746"}],"wp:attachment":[{"href":"https:\/\/archiwum.selena.com\/pl\/wp-json\/wp\/v2\/media?parent=1982"}],"curies":[{"name":"wp","href":"https:\/\/api.w.org\/{rel}","templated":true}]}}