{"id":1980,"date":"2021-01-28T12:18:09","date_gmt":"2021-01-28T12:18:09","guid":{"rendered":"http:\/\/selena.vot.pl\/?page_id=1980"},"modified":"2021-02-12T15:43:40","modified_gmt":"2021-02-12T15:43:40","slug":"fundamenty","status":"publish","type":"page","link":"https:\/\/archiwum.selena.com\/pl\/marki-i-produkty\/fundamenty\/","title":{"rendered":"Fundamenty"},"content":{"rendered":"\n<h2 class=\"has-text-align-center header_medium text-center\">Fundamenty<\/h2>\n\n\n\n<figure class=\"wp-block-image alignwide size-large\"><img decoding=\"async\" loading=\"lazy\" width=\"960\" height=\"205\" src=\"https:\/\/selena.com\/wp-content\/uploads\/fundamenty.png\" alt=\"\" class=\"wp-image-13752\" srcset=\"https:\/\/archiwum.selena.com\/wp-content\/uploads\/fundamenty.png 960w, https:\/\/archiwum.selena.com\/wp-content\/uploads\/fundamenty-300x64.png 300w, https:\/\/archiwum.selena.com\/wp-content\/uploads\/fundamenty-768x164.png 768w\" sizes=\"(max-width: 960px) 100vw, 960px\" \/><\/figure>\n\n\n\n<div class=\"is-layout-flex wp-container-3 wp-block-columns has-background\" style=\"background-color:#103b5f\">\n<div class=\"is-layout-flow wp-block-column\" style=\"flex-basis:66.66%\">\n<p class=\"has-text-align-center has-white-color has-text-color\"><strong>DO ZROBIENIA:<\/strong><\/p>\n<\/div>\n\n\n\n<div class=\"is-layout-flow wp-block-column\" style=\"flex-basis:33.33%\">\n<p class=\"has-text-align-center has-white-color has-text-color\"><strong>POLECANE PRODUKTY:<\/strong><\/p>\n<\/div>\n<\/div>\n\n\n\n<div class=\"is-layout-flex wp-container-6 wp-block-columns has-background\" style=\"background-color:#ffffff\">\n<div class=\"is-layout-flow wp-block-column is-vertically-aligned-center\" style=\"flex-basis:66.66%\">\n<p>Monta\u017c membrany wodoodpornej<\/p>\n<\/div>\n\n\n\n<div class=\"is-layout-flow wp-block-column\" style=\"flex-basis:33.33%\">\n<p>Papa Matizol Fundament SBS<br>Papa Gorbit Standard PZ PYE PV140 S30<\/p>\n<\/div>\n<\/div>\n\n\n\n<div class=\"is-layout-flex wp-container-9 wp-block-columns has-background\" style=\"background-color:#ffffff\">\n<div class=\"is-layout-flow wp-block-column is-vertically-aligned-center\" style=\"flex-basis:66.66%\">\n<p>Mocowanie paneli izolacji termicznej na fundamentach oraz w piwnicach<\/p>\n<\/div>\n\n\n\n<div class=\"is-layout-flow wp-block-column\" style=\"flex-basis:33.33%\">\n<p>STYRO 753 E\/B1 Klej do monta\u017cu zewn\u0119trznej izolacji termicznej<br>STYRO 753 klej do monta\u017cu zewn\u0119trznej izolacji termicznej<br>Styro Uni Klej do monta\u017cu p\u0142yt izolacyjnych i dekoracyjnych<\/p>\n<\/div>\n<\/div>\n\n\n\n<div class=\"is-layout-flex wp-container-12 wp-block-columns has-background\" style=\"background-color:#ffffff\">\n<div class=\"is-layout-flow wp-block-column is-vertically-aligned-center\" style=\"flex-basis:66.66%\">\n<p>Izolacja przeciwwilgociowa fundament\u00f3w<\/p>\n<\/div>\n\n\n\n<div class=\"is-layout-flow wp-block-column\" style=\"flex-basis:33.33%\">\n<p>Abizol P masa bitumiczna do izolacji pow\u0142okowych<br>Abizol ST dyspresyjna masa asfaltowo- kauczukowa do przyklejania p\u0142yt styropianowych i hydroizolacji<br>Abizol 2KS 2-sk\u0142adnikowa masa do hydroizolacji, szybkowi\u0105\u017c\u0105ca<br>Disprobit dyspresyjna masa asfaltowo- kauczukowa do hydroizolacji i konserwacji dach\u00f3w<\/p>\n<\/div>\n<\/div>\n\n\n\n<div class=\"is-layout-flex wp-container-15 wp-block-columns has-background\" style=\"background-color:#ffffff\">\n<div class=\"is-layout-flow wp-block-column is-vertically-aligned-center\" style=\"flex-basis:66.66%\">\n<p>Uszczelnianie po\u0142\u0105cze\u0144 fundament\u00f3w<\/p>\n<\/div>\n\n\n\n<div class=\"is-layout-flow wp-block-column\" style=\"flex-basis:33.33%\">\n<p>Uszczelniacz dekarski- kauczukowy<\/p>\n<\/div>\n<\/div>\n\n\n\n<div class=\"is-layout-flex wp-container-18 wp-block-columns has-background\" style=\"background-color:#ffffff\">\n<div class=\"is-layout-flow wp-block-column is-vertically-aligned-center\" style=\"flex-basis:66.66%\">\n<p>Wype\u0142nianie luk, p\u0119kni\u0119\u0107, szczelin i po\u0142\u0105cze\u0144 w fundamentach<\/p>\n<\/div>\n\n\n\n<div class=\"is-layout-flow wp-block-column\" style=\"flex-basis:33.33%\">\n<p>Piana instalacyjna WOD KAN<br>Piana poliuretanowa HD<br>Piana monta\u017cowa O2 STD<br>Uszczelniaj\u0105ca piana poliuretanowa Fill All<\/p>\n<\/div>\n<\/div>\n\n\n\n<p><\/p>\n","protected":false},"excerpt":{"rendered":"<p>Fundamenty DO ZROBIENIA: POLECANE PRODUKTY: Monta\u017c membrany wodoodpornej Papa Matizol Fundament SBSPapa Gorbit Standard PZ PYE PV140 S30 Mocowanie paneli izolacji termicznej na fundamentach oraz w piwnicach STYRO 753 E\/B1 Klej do monta\u017cu zewn\u0119trznej izolacji&#8230;<\/p>\n","protected":false},"author":1,"featured_media":13743,"parent":30,"menu_order":8,"comment_status":"closed","ping_status":"closed","template":"templates\/single-brands_and_products.php","meta":[],"acf":[],"_links":{"self":[{"href":"https:\/\/archiwum.selena.com\/pl\/wp-json\/wp\/v2\/pages\/1980"}],"collection":[{"href":"https:\/\/archiwum.selena.com\/pl\/wp-json\/wp\/v2\/pages"}],"about":[{"href":"https:\/\/archiwum.selena.com\/pl\/wp-json\/wp\/v2\/types\/page"}],"author":[{"embeddable":true,"href":"https:\/\/archiwum.selena.com\/pl\/wp-json\/wp\/v2\/users\/1"}],"replies":[{"embeddable":true,"href":"https:\/\/archiwum.selena.com\/pl\/wp-json\/wp\/v2\/comments?post=1980"}],"version-history":[{"count":6,"href":"https:\/\/archiwum.selena.com\/pl\/wp-json\/wp\/v2\/pages\/1980\/revisions"}],"predecessor-version":[{"id":13759,"href":"https:\/\/archiwum.selena.com\/pl\/wp-json\/wp\/v2\/pages\/1980\/revisions\/13759"}],"up":[{"embeddable":true,"href":"https:\/\/archiwum.selena.com\/pl\/wp-json\/wp\/v2\/pages\/30"}],"wp:featuredmedia":[{"embeddable":true,"href":"https:\/\/archiwum.selena.com\/pl\/wp-json\/wp\/v2\/media\/13743"}],"wp:attachment":[{"href":"https:\/\/archiwum.selena.com\/pl\/wp-json\/wp\/v2\/media?parent=1980"}],"curies":[{"name":"wp","href":"https:\/\/api.w.org\/{rel}","templated":true}]}}