{"id":1978,"date":"2021-01-28T12:17:46","date_gmt":"2021-01-28T12:17:46","guid":{"rendered":"http:\/\/selena.vot.pl\/?page_id=1978"},"modified":"2021-02-12T15:39:52","modified_gmt":"2021-02-12T15:39:52","slug":"dachy","status":"publish","type":"page","link":"https:\/\/archiwum.selena.com\/pl\/marki-i-produkty\/dachy\/","title":{"rendered":"Dachy"},"content":{"rendered":"\n<h2 class=\"has-text-align-center header_medium text-center\">Dachy<\/h2>\n\n\n\n<figure class=\"wp-block-image alignwide size-large\"><img decoding=\"async\" loading=\"lazy\" width=\"960\" height=\"205\" src=\"https:\/\/selena.com\/wp-content\/uploads\/dachy.png\" alt=\"\" class=\"wp-image-13748\" srcset=\"https:\/\/archiwum.selena.com\/wp-content\/uploads\/dachy.png 960w, https:\/\/archiwum.selena.com\/wp-content\/uploads\/dachy-300x64.png 300w, https:\/\/archiwum.selena.com\/wp-content\/uploads\/dachy-768x164.png 768w\" sizes=\"(max-width: 960px) 100vw, 960px\" \/><\/figure>\n\n\n\n<div class=\"is-layout-flex wp-container-3 wp-block-columns has-background\" style=\"background-color:#103b5f\">\n<div class=\"is-layout-flow wp-block-column\" style=\"flex-basis:66.66%\">\n<p class=\"has-text-align-center has-white-color has-text-color\"><strong>DO ZROBIENIA:<\/strong><\/p>\n<\/div>\n\n\n\n<div class=\"is-layout-flow wp-block-column\" style=\"flex-basis:33.33%\">\n<p class=\"has-text-align-center has-white-color has-text-color\"><strong>POLECANE PRODUKTY:<\/strong><\/p>\n<\/div>\n<\/div>\n\n\n\n<div class=\"is-layout-flex wp-container-6 wp-block-columns has-background\" style=\"background-color:#ffffff\">\n<div class=\"is-layout-flow wp-block-column is-vertically-aligned-center\" style=\"flex-basis:66.66%\">\n<p>Monta\u017c pokry\u0107 dachowych z gont\u00f3w asfaltowych<\/p>\n<\/div>\n\n\n\n<div class=\"is-layout-flow wp-block-column\" style=\"flex-basis:33.33%\">\n<p>Gonty Matizol SBS<\/p>\n\n\n\n<p>Papa Gorbit Standard PZ PYE PV140 S30<br>Papa Welplast PV60 S35<\/p>\n<\/div>\n<\/div>\n\n\n\n<div class=\"is-layout-flex wp-container-9 wp-block-columns has-background\" style=\"background-color:#ffffff\">\n<div class=\"is-layout-flow wp-block-column is-vertically-aligned-center\" style=\"flex-basis:66.66%\">\n<p>Monta\u017c pokry\u0107 dachowych z papy<\/p>\n<\/div>\n\n\n\n<div class=\"is-layout-flow wp-block-column\" style=\"flex-basis:33.33%\">\n<p>Papa Gordach Extra WZ PYE PV 200 S 52<br>Papa Matizol Fundamnet SBS<br>PapaGorbit Super WZ PYE PV 150 S 48<br>Papa Gorbit Standard PZ PYE PV 140 S 30<br>Papa Gordach Mono Extra WZM PYE PV 250 S 56<br>Papa Welplast Super WV 60 PYE S 42<br>Papa Welplast PV 60 S 35 super monta\u017c<br>Papa Matizol Max WZ PYE PV 250 S 52 super monta\u017c<br>Papa Matizol PYE G 200 S 4 super monta\u017c&#8221;<\/p>\n<\/div>\n<\/div>\n\n\n\n<div class=\"is-layout-flex wp-container-12 wp-block-columns has-background\" style=\"background-color:#ffffff\">\n<div class=\"is-layout-flow wp-block-column is-vertically-aligned-center\" style=\"flex-basis:66.66%\">\n<p>Monta\u017c i uszczelnienie dach\u00f3wek ceramicznych<\/p>\n<\/div>\n\n\n\n<div class=\"is-layout-flow wp-block-column\" style=\"flex-basis:33.33%\">\n<p>Piana pistoletowa do dach\u00f3w<br>Piana w\u0119\u017cykowa do dach\u00f3w<\/p>\n<\/div>\n<\/div>\n\n\n\n<div class=\"is-layout-flex wp-container-15 wp-block-columns has-background\" style=\"background-color:#ffffff\">\n<div class=\"is-layout-flow wp-block-column is-vertically-aligned-center\" style=\"flex-basis:66.66%\">\n<p>Mocowanie dach\u00f3wek lub gont\u00f3w<\/p>\n<\/div>\n\n\n\n<div class=\"is-layout-flow wp-block-column\" style=\"flex-basis:33.33%\">\n<p>Klej dekarski<\/p>\n<\/div>\n<\/div>\n\n\n\n<div class=\"is-layout-flex wp-container-18 wp-block-columns has-background\" style=\"background-color:#ffffff\">\n<div class=\"is-layout-flow wp-block-column is-vertically-aligned-center\" style=\"flex-basis:66.66%\">\n<p>Uszczelnianie przeciekaj\u0105cych rynien<\/p>\n<\/div>\n\n\n\n<div class=\"is-layout-flow wp-block-column\" style=\"flex-basis:33.33%\">\n<p>Uszczelniacz dekarski- kauczukowy<br>FIX\u00b2 klej- uszczelniacz<br>Uszczelniacz dekarski specjalistyczny<br>X-treme uszczelniacz z w\u0142\u00f3knami<\/p>\n<\/div>\n<\/div>\n\n\n\n<div class=\"is-layout-flex wp-container-21 wp-block-columns has-background\" style=\"background-color:#ffffff\">\n<div class=\"is-layout-flow wp-block-column is-vertically-aligned-center\" style=\"flex-basis:66.66%\">\n<p>Uszczelnianie i mocowanie r\u00f3\u017cnorodnych pokry\u0107 dachowych\/fasadowych<\/p>\n<\/div>\n\n\n\n<div class=\"is-layout-flow wp-block-column\" style=\"flex-basis:33.33%\">\n<p>Uszczelniacz dekarski srebrny- bitumiczny<br>Klej dekarski<\/p>\n<\/div>\n<\/div>\n\n\n\n<div class=\"is-layout-flex wp-container-24 wp-block-columns has-background\" style=\"background-color:#ffffff\">\n<div class=\"is-layout-flow wp-block-column is-vertically-aligned-center\" style=\"flex-basis:66.66%\">\n<p>Uszczelnianie wok\u00f3\u0142 ko\u0142nierzy i innych element\u00f3w dachu<\/p>\n<\/div>\n\n\n\n<div class=\"is-layout-flow wp-block-column\" style=\"flex-basis:33.33%\">\n<p>Uszczelniacz dekarski srebrny- bitumiczny<br>Ta\u015bma uszczelniaj\u0105ca dekarska<br>Uszczelniacz dekarski czarny- bitumiczny<\/p>\n<\/div>\n<\/div>\n\n\n\n<div class=\"is-layout-flex wp-container-27 wp-block-columns has-background\" style=\"background-color:#ffffff\">\n<div class=\"is-layout-flow wp-block-column is-vertically-aligned-center\" style=\"flex-basis:66.66%\">\n<p>Naprawa i konserwacja bitumicznych pokry\u0107 dachowych<\/p>\n<\/div>\n\n\n\n<div class=\"is-layout-flow wp-block-column\" style=\"flex-basis:33.33%\">\n<p>Abizol R &#8211; masa gruntuj\u0105ca asfaltowo-kauczukowa<br>Abizol P masa bitumiczna do izolacji pow\u0142okowych<\/p>\n<\/div>\n<\/div>\n\n\n\n<div class=\"is-layout-flex wp-container-30 wp-block-columns has-background\" style=\"background-color:#ffffff\">\n<div class=\"is-layout-flow wp-block-column is-vertically-aligned-center\" style=\"flex-basis:66.66%\">\n<p>Naprawa i konserwacja bitumicznych pokry\u0107 dachowych- wype\u0142nianie szczelin<\/p>\n<\/div>\n\n\n\n<div class=\"is-layout-flow wp-block-column\" style=\"flex-basis:33.33%\">\n<p>Abizol G masa szpachlowa asfaltowo- kauczukowa<\/p>\n<\/div>\n<\/div>\n\n\n\n<div class=\"is-layout-flex wp-container-33 wp-block-columns has-background\" style=\"background-color:#ffffff\">\n<div class=\"is-layout-flow wp-block-column is-vertically-aligned-center\" style=\"flex-basis:66.66%\">\n<p>Naprawa i konserwacja bitumicznych pokry\u0107 dachowych- mocowanie tradycyjnych membran bitumicznych<\/p>\n<\/div>\n\n\n\n<div class=\"is-layout-flow wp-block-column\" style=\"flex-basis:33.33%\">\n<p>Abizol KL-DM lepik na zimno do klejenia papy<\/p>\n<\/div>\n<\/div>\n\n\n\n<div class=\"is-layout-flex wp-container-36 wp-block-columns has-background\" style=\"background-color:#ffffff\">\n<div class=\"is-layout-flow wp-block-column is-vertically-aligned-center\" style=\"flex-basis:66.66%\">\n<p>Ochrona drewnianych element\u00f3w konstrukcyjnych przed grzybami i insektami<\/p>\n<\/div>\n\n\n\n<div class=\"is-layout-flow wp-block-column\" style=\"flex-basis:33.33%\">\n<p>Impregnat do drewna konstrukcyjnego koncentrat<\/p>\n<\/div>\n<\/div>\n\n\n\n<div class=\"is-layout-flex wp-container-39 wp-block-columns has-background\" style=\"background-color:#ffffff\">\n<div class=\"is-layout-flow wp-block-column is-vertically-aligned-center\" style=\"flex-basis:66.66%\">\n<p>Mocowanie paneli izolacji termicznej na dachach<\/p>\n<\/div>\n\n\n\n<div class=\"is-layout-flow wp-block-column\" style=\"flex-basis:33.33%\">\n<p>STYRO 753 E\/B1 Klej do monta\u017cu zewn\u0119trznej izolacji termicznej<br>STYRO 753 klej do monta\u017cu zewn\u0119trznej izolacji termicznej<br>Styro Uni Klej do monta\u017cu p\u0142yt izolacyjnych i dekoracyjnych<\/p>\n<\/div>\n<\/div>\n\n\n\n<div class=\"is-layout-flex wp-container-42 wp-block-columns has-background\" style=\"background-color:#ffffff\">\n<div class=\"is-layout-flow wp-block-column is-vertically-aligned-center\" style=\"flex-basis:66.66%\">\n<p>Wype\u0142nianie luk, p\u0119kni\u0119\u0107, szczelin, po\u0142\u0105cze\u0144 na dachach i strychach<\/p>\n<\/div>\n\n\n\n<div class=\"is-layout-flow wp-block-column\" style=\"flex-basis:33.33%\">\n<p>Piana pistoletowa do dach\u00f3w<br>Piana w\u0119\u017cykowa do dach\u00f3w<br>Piana w\u0119\u017cykowa HD<br>Piana w\u0119\u017cykowa do dach\u00f3w<br>Piana monta\u017cowa O2 Lexy 60, 40, 20 wielosezonowa<br>Uszczelniaj\u0105ca piana poliuretanowa Fill All<br>Uszczelniaj\u0105ca pistoletowa piana poliuretanowa Fill All<\/p>\n<\/div>\n<\/div>\n\n\n\n<p><\/p>\n","protected":false},"excerpt":{"rendered":"<p>Dachy DO ZROBIENIA: POLECANE PRODUKTY: Monta\u017c pokry\u0107 dachowych z gont\u00f3w asfaltowych Gonty Matizol SBS Papa Gorbit Standard PZ PYE PV140 S30Papa Welplast PV60 S35 Monta\u017c pokry\u0107 dachowych z papy Papa Gordach Extra WZ PYE PV&#8230;<\/p>\n","protected":false},"author":1,"featured_media":13741,"parent":30,"menu_order":7,"comment_status":"closed","ping_status":"closed","template":"templates\/single-brands_and_products.php","meta":[],"acf":[],"_links":{"self":[{"href":"https:\/\/archiwum.selena.com\/pl\/wp-json\/wp\/v2\/pages\/1978"}],"collection":[{"href":"https:\/\/archiwum.selena.com\/pl\/wp-json\/wp\/v2\/pages"}],"about":[{"href":"https:\/\/archiwum.selena.com\/pl\/wp-json\/wp\/v2\/types\/page"}],"author":[{"embeddable":true,"href":"https:\/\/archiwum.selena.com\/pl\/wp-json\/wp\/v2\/users\/1"}],"replies":[{"embeddable":true,"href":"https:\/\/archiwum.selena.com\/pl\/wp-json\/wp\/v2\/comments?post=1978"}],"version-history":[{"count":3,"href":"https:\/\/archiwum.selena.com\/pl\/wp-json\/wp\/v2\/pages\/1978\/revisions"}],"predecessor-version":[{"id":13751,"href":"https:\/\/archiwum.selena.com\/pl\/wp-json\/wp\/v2\/pages\/1978\/revisions\/13751"}],"up":[{"embeddable":true,"href":"https:\/\/archiwum.selena.com\/pl\/wp-json\/wp\/v2\/pages\/30"}],"wp:featuredmedia":[{"embeddable":true,"href":"https:\/\/archiwum.selena.com\/pl\/wp-json\/wp\/v2\/media\/13741"}],"wp:attachment":[{"href":"https:\/\/archiwum.selena.com\/pl\/wp-json\/wp\/v2\/media?parent=1978"}],"curies":[{"name":"wp","href":"https:\/\/api.w.org\/{rel}","templated":true}]}}