{"id":1976,"date":"2021-01-28T12:17:21","date_gmt":"2021-01-28T12:17:21","guid":{"rendered":"http:\/\/selena.vot.pl\/?page_id=1976"},"modified":"2021-02-12T15:49:44","modified_gmt":"2021-02-12T15:49:44","slug":"ocieplenia-fasady-elewacje","status":"publish","type":"page","link":"https:\/\/archiwum.selena.com\/pl\/marki-i-produkty\/ocieplenia-fasady-elewacje\/","title":{"rendered":"Ocieplenia, fasady, elewacje"},"content":{"rendered":"\n<h2 class=\"has-text-align-center header_medium text-center\">Izolacje i fasady<\/h2>\n\n\n\n<figure class=\"wp-block-image alignwide size-large\"><img decoding=\"async\" loading=\"lazy\" width=\"960\" height=\"205\" src=\"https:\/\/selena.com\/wp-content\/uploads\/ocieplenia1.png\" alt=\"\" class=\"wp-image-13733\" srcset=\"https:\/\/archiwum.selena.com\/wp-content\/uploads\/ocieplenia1.png 960w, https:\/\/archiwum.selena.com\/wp-content\/uploads\/ocieplenia1-300x64.png 300w, https:\/\/archiwum.selena.com\/wp-content\/uploads\/ocieplenia1-768x164.png 768w\" sizes=\"(max-width: 960px) 100vw, 960px\" \/><\/figure>\n\n\n\n<div class=\"is-layout-flex wp-container-3 wp-block-columns has-background\" style=\"background-color:#103b5f\">\n<div class=\"is-layout-flow wp-block-column\" style=\"flex-basis:66.66%\">\n<p class=\"has-text-align-center has-white-color has-text-color\"><strong>DO ZROBIENIA:<\/strong><\/p>\n<\/div>\n\n\n\n<div class=\"is-layout-flow wp-block-column\" style=\"flex-basis:33.33%\">\n<p class=\"has-text-align-center has-white-color has-text-color\"><strong>POLECANE PRODUKTY:<\/strong><\/p>\n<\/div>\n<\/div>\n\n\n\n<div class=\"is-layout-flex wp-container-6 wp-block-columns has-background\" style=\"background-color:#ffffff\">\n<div class=\"is-layout-flow wp-block-column is-vertically-aligned-center\" style=\"flex-basis:66.66%\">\n<p>Mocowanie paneli izolacji termicznej na fasadach ( SYSTEM ETICS)<\/p>\n<\/div>\n\n\n\n<div class=\"is-layout-flow wp-block-column\" style=\"flex-basis:33.33%\">\n<p>STYRO 753 E\/B1 Klej do monta\u017cu zewn\u0119trznej izolacji termicznej<br>STYRO 753 Klej do monta\u017cu zewn\u0119trznej izolacji termicznej<br>Styro Uni Klej do monta\u017cu p\u0142yt izolacyjnych i dekoracyjnych<\/p>\n<\/div>\n<\/div>\n\n\n\n<div class=\"is-layout-flex wp-container-9 wp-block-columns has-background\" style=\"background-color:#ffffff\">\n<div class=\"is-layout-flow wp-block-column is-vertically-aligned-center\" style=\"flex-basis:66.66%\">\n<p>Wype\u0142nianie luk, p\u0119kni\u0119\u0107, szczelin i po\u0142\u0105cze\u0144 mi\u0119dzy panelami izolacji<\/p>\n<\/div>\n\n\n\n<div class=\"is-layout-flow wp-block-column\" style=\"flex-basis:33.33%\">\n<p>STYRO 753 E\/B1 Klej do monta\u017cu zewn\u0119trznej izolacji termicznej<br>STYRO 753 klej do monta\u017cu zewn\u0119trznej izolacji termicznej<br>Styro Uni Klej do monta\u017cu p\u0142yt izolacyjnych i dekoracyjnych<\/p>\n<\/div>\n<\/div>\n\n\n\n<div class=\"is-layout-flex wp-container-12 wp-block-columns has-background\" style=\"background-color:#ffffff\">\n<div class=\"is-layout-flow wp-block-column is-vertically-aligned-center\" style=\"flex-basis:66.66%\">\n<p>Mocowanie paneli izolacji termicznej wewn\u0105trz i na zewn\u0105trz<\/p>\n<\/div>\n\n\n\n<div class=\"is-layout-flow wp-block-column\" style=\"flex-basis:33.33%\">\n<p>STYRO 753 klej do monta\u017cu zewn\u0119trznej izolacji termicznej<\/p>\n<\/div>\n<\/div>\n\n\n\n<div class=\"is-layout-flex wp-container-15 wp-block-columns has-background\" style=\"background-color:#ffffff\">\n<div class=\"is-layout-flow wp-block-column is-vertically-aligned-center\" style=\"flex-basis:66.66%\">\n<p>Mocowanie p\u0142yt EPS w systemie izolacji termicznej (ETICS)<\/p>\n<\/div>\n\n\n\n<div class=\"is-layout-flow wp-block-column\" style=\"flex-basis:33.33%\">\n<p>Zaprawa klejowa E118<br>Bia\u0142a zaprawa klejowo-szpachlowa EOS<br>Zaprawa klejowo- szpachlowa E128 Zaprawa klejowa E<\/p>\n<\/div>\n<\/div>\n\n\n\n<div class=\"is-layout-flex wp-container-18 wp-block-columns has-background\" style=\"background-color:#ffffff\">\n<div class=\"is-layout-flow wp-block-column is-vertically-aligned-center\" style=\"flex-basis:66.66%\">\n<p>Mocowanie we\u0142ny mineralnej w systemach izolacji termicznej (ETICS)<\/p>\n<\/div>\n\n\n\n<div class=\"is-layout-flow wp-block-column\" style=\"flex-basis:33.33%\">\n<p>Zaprawa klejowo- szpachlowa EO<br>Bia\u0142a zaprawa klejowo- szpachlowa EOS728<\/p>\n<\/div>\n<\/div>\n\n\n\n<div class=\"is-layout-flex wp-container-21 wp-block-columns has-background\" style=\"background-color:#ffffff\">\n<div class=\"is-layout-flow wp-block-column is-vertically-aligned-center\" style=\"flex-basis:66.66%\">\n<p>Wzmacnianie warstwy tynku<\/p>\n<\/div>\n\n\n\n<div class=\"is-layout-flow wp-block-column\" style=\"flex-basis:33.33%\">\n<p>Siatka z w\u0142\u00f3kna szklanego<\/p>\n<\/div>\n<\/div>\n\n\n\n<div class=\"is-layout-flex wp-container-24 wp-block-columns has-background\" style=\"background-color:#ffffff\">\n<div class=\"is-layout-flow wp-block-column is-vertically-aligned-center\" style=\"flex-basis:66.66%\">\n<p>Pokrycie siatki z w\u0142\u00f3kna szklanego w systemach izolacji termicznych<\/p>\n<\/div>\n\n\n\n<div class=\"is-layout-flow wp-block-column\" style=\"flex-basis:33.33%\">\n<p>Zaprawa klejowo- szpachlowa E128<br>Zaprawa klejowo- szpachlowa EO 338<br>Bia\u0142a zaprawa klejowo- spachlowa EOS728<\/p>\n<\/div>\n<\/div>\n\n\n\n<div class=\"is-layout-flex wp-container-27 wp-block-columns has-background\" style=\"background-color:#ffffff\">\n<div class=\"is-layout-flow wp-block-column is-vertically-aligned-center\" style=\"flex-basis:66.66%\">\n<p>Wyg\u0142adzanie i renowacja \u015bcian<\/p>\n<\/div>\n\n\n\n<div class=\"is-layout-flow wp-block-column\" style=\"flex-basis:33.33%\">\n<p>Zaprawa klejowo- szpachlowa E128<br>Zaprawa klejowo- szpachlowa EO<br>Bia\u0142a zaprawa klejowo- spachlowa EOS728<\/p>\n<\/div>\n<\/div>\n\n\n\n<div class=\"is-layout-flex wp-container-30 wp-block-columns has-background\" style=\"background-color:#ffffff\">\n<div class=\"is-layout-flow wp-block-column is-vertically-aligned-center\" style=\"flex-basis:66.66%\">\n<p>Przygotowanie powierzchni pod aplikacj\u0119 tynk\u00f3w cienkowarstwowych i malowanie<\/p>\n<\/div>\n\n\n\n<div class=\"is-layout-flow wp-block-column\" style=\"flex-basis:33.33%\">\n<p>Grunt do systemu E akrylowy<br>Grunt do systemu EO zolokrzemowy<br>Grunt do systemu EOS silikonowy<br>Grunt do systemu OS zolokrzemowy<\/p>\n<\/div>\n<\/div>\n\n\n\n<div class=\"is-layout-flex wp-container-33 wp-block-columns has-background\" style=\"background-color:#ffffff\">\n<div class=\"is-layout-flow wp-block-column is-vertically-aligned-center\" style=\"flex-basis:66.66%\">\n<p>Tynkowanie \u015bcian zewn\u0119trznych w systemach izolacji termicznej (ETICS)<\/p>\n<\/div>\n\n\n\n<div class=\"is-layout-flow wp-block-column\" style=\"flex-basis:33.33%\">\n<p>Tynk natryskowy E<br>Tynk cienkowarstwowy E<br>Tynk natryskowy EO<br>Tynk cienkowarstwowy EO<br>Tynk natryskowy EOS<br>Tynk cienkowarstwowy EOS<br>Tynk cienkowarstwowy OS mineralny<br>Mozaikowy tynk dekoracyjny E<\/p>\n<\/div>\n<\/div>\n\n\n\n<div class=\"is-layout-flex wp-container-36 wp-block-columns has-background\" style=\"background-color:#ffffff\">\n<div class=\"is-layout-flow wp-block-column is-vertically-aligned-center\" style=\"flex-basis:66.66%\">\n<p>Tynkowanie powierzchni nara\u017conych na uszkodzenia mechaniczne: przy wej\u015bciach, w korytarzach, biurach,<br>na klatkach schodowych, w budynkach mieszkalnych i u\u017cyteczno\u015bci publicznej; fundamenty, balustrady, balkony, wok\u00f3\u0142 okien i drzwi, r\u00f3wnie\u017c w systemach izolacji termicznej (ETICS)<\/p>\n<\/div>\n\n\n\n<div class=\"is-layout-flow wp-block-column\" style=\"flex-basis:33.33%\">\n<p>Mozaikowy tynk dekoracyjny E<\/p>\n<\/div>\n<\/div>\n\n\n\n<div class=\"is-layout-flex wp-container-39 wp-block-columns has-background\" style=\"background-color:#ffffff\">\n<div class=\"is-layout-flow wp-block-column is-vertically-aligned-center\" style=\"flex-basis:66.66%\">\n<p>Gruntowanie \u015bcian przed malowaniem<\/p>\n<\/div>\n\n\n\n<div class=\"is-layout-flow wp-block-column\" style=\"flex-basis:33.33%\">\n<p>Grunt do systemu E akrylowy<br>Grunt do systemu EOS silikonowy<br>Grunt do systemu EO zolokrzemowy<\/p>\n<\/div>\n<\/div>\n\n\n\n<div class=\"is-layout-flex wp-container-42 wp-block-columns has-background\" style=\"background-color:#ffffff\">\n<div class=\"is-layout-flow wp-block-column is-vertically-aligned-center\" style=\"flex-basis:66.66%\">\n<p>Zabezpieczanie fasad podczas malowania<\/p>\n<\/div>\n\n\n\n<div class=\"is-layout-flow wp-block-column\" style=\"flex-basis:33.33%\">\n<p>Ta\u015bma malarska PVC<\/p>\n<\/div>\n<\/div>\n\n\n\n<div class=\"is-layout-flex wp-container-45 wp-block-columns has-background\" style=\"background-color:#ffffff\">\n<div class=\"is-layout-flow wp-block-column is-vertically-aligned-center\" style=\"flex-basis:66.66%\">\n<p>Malowanie \u015bcian wewn\u0119trzych i zewn\u0119trznych, r\u00f3wnie\u017c w systemach izolacji termicznej (ETICS)<\/p>\n<\/div>\n\n\n\n<div class=\"is-layout-flow wp-block-column\" style=\"flex-basis:33.33%\">\n<p>Farba elewacyjna E akrylowa<br>Farba elewacyjna EO zolokrzemowa<br>Farba Elewacyjna EOS Silikonowa<\/p>\n<\/div>\n<\/div>\n\n\n\n<div class=\"is-layout-flex wp-container-48 wp-block-columns has-background\" style=\"background-color:#ffffff\">\n<div class=\"is-layout-flow wp-block-column is-vertically-aligned-center\" style=\"flex-basis:66.66%\">\n<p>Wype\u0142nianie otwor\u00f3w, pionowe i poziome wyr\u00f3wnywanie pod\u0142o\u017ca<\/p>\n<\/div>\n\n\n\n<div class=\"is-layout-flow wp-block-column\" style=\"flex-basis:33.33%\">\n<p>Zaprawa wyr\u00f3wnuj\u0105ca TEO 124<\/p>\n<\/div>\n<\/div>\n\n\n\n<div class=\"is-layout-flex wp-container-51 wp-block-columns has-background\" style=\"background-color:#ffffff\">\n<div class=\"is-layout-flow wp-block-column is-vertically-aligned-center\" style=\"flex-basis:66.66%\">\n<p>Budowanie \u015bcian no\u015bnych oraz dzia\u0142owych w oparciu o technologi\u0119 cienkowarstwow\u0105, wyg\u0142adzanie, wype\u0142nianie otwor\u00f3w i wyr\u00f3wnywanie \u015bcian z betonu<\/p>\n<\/div>\n\n\n\n<div class=\"is-layout-flow wp-block-column\" style=\"flex-basis:33.33%\">\n<p>Cienkowarstwowa zaprawa murarska TEO 224<\/p>\n<\/div>\n<\/div>\n\n\n\n<div class=\"is-layout-flex wp-container-54 wp-block-columns has-background\" style=\"background-color:#ffffff\">\n<div class=\"is-layout-flow wp-block-column is-vertically-aligned-center\" style=\"flex-basis:66.66%\">\n<p>Budowanie fasad, \u015bcian wewn\u0119trznych i zewn\u0119trznych z cegie\u0142 klinkierowych<\/p>\n<\/div>\n\n\n\n<div class=\"is-layout-flow wp-block-column\" style=\"flex-basis:33.33%\">\n<p>Zaprawa do klinkieru TEO234<\/p>\n<\/div>\n<\/div>\n\n\n\n<div class=\"is-layout-flex wp-container-57 wp-block-columns has-background\" style=\"background-color:#ffffff\">\n<div class=\"is-layout-flow wp-block-column is-vertically-aligned-center\" style=\"flex-basis:66.66%\">\n<p>Przygotowanie pod\u0142o\u017ca przed zastosowaniem tynku cemnetowo-wapiennego w celu wyr\u00f3wnania jego ch\u0142onno\u015bci i poprawy przyczepno\u015bci tynku do \u015bcian i sufit\u00f3w<\/p>\n<\/div>\n\n\n\n<div class=\"is-layout-flow wp-block-column\" style=\"flex-basis:33.33%\">\n<p>Zaprawa do obrzutki wst\u0119nej TEO314<\/p>\n<\/div>\n<\/div>\n\n\n\n<div class=\"is-layout-flex wp-container-60 wp-block-columns has-background\" style=\"background-color:#ffffff\">\n<div class=\"is-layout-flow wp-block-column is-vertically-aligned-center\" style=\"flex-basis:66.66%\">\n<p>Tynkowanie mechniczne, polecany jako tynk bazowy<\/p>\n<\/div>\n\n\n\n<div class=\"is-layout-flow wp-block-column\" style=\"flex-basis:33.33%\">\n<p>Tynk maszynowy TEO324<\/p>\n<\/div>\n<\/div>\n\n\n\n<div class=\"is-layout-flex wp-container-63 wp-block-columns has-background\" style=\"background-color:#ffffff\">\n<div class=\"is-layout-flow wp-block-column is-vertically-aligned-center\" style=\"flex-basis:66.66%\">\n<p>Tynkowanie mechaniczne, tynk drobnoziarnisty, szczeg\u00f3lnie polecany do materia\u0142\u00f3w lekkich (beton kom\u00f3rkowy) z du\u017c\u0105 ch\u0142onno\u015bci\u0105 (bloczki silikatowe)<\/p>\n<\/div>\n\n\n\n<div class=\"is-layout-flow wp-block-column\" style=\"flex-basis:33.33%\">\n<p>Evolution I Kotwa chemiczna<\/p>\n<\/div>\n<\/div>\n\n\n\n<div class=\"is-layout-flex wp-container-66 wp-block-columns has-background\" style=\"background-color:#ffffff\">\n<div class=\"is-layout-flow wp-block-column is-vertically-aligned-center\" style=\"flex-basis:66.66%\">\n<p>Uszczelnianie dylatacji poziomych i pionowych<\/p>\n<\/div>\n\n\n\n<div class=\"is-layout-flow wp-block-column\" style=\"flex-basis:33.33%\">\n<p>Uszczelniacz Multi-tool<\/p>\n<\/div>\n<\/div>\n\n\n\n<div class=\"is-layout-flex wp-container-69 wp-block-columns has-background\" style=\"background-color:#ffffff\">\n<div class=\"is-layout-flow wp-block-column is-vertically-aligned-center\" style=\"flex-basis:66.66%\">\n<p>Uszczelnianie p\u0142ytek z kamienia naturalnego<\/p>\n<\/div>\n\n\n\n<div class=\"is-layout-flow wp-block-column\" style=\"flex-basis:33.33%\">\n<p>Silikon do marmuru i kamienia<\/p>\n<\/div>\n<\/div>\n\n\n\n<div class=\"is-layout-flex wp-container-72 wp-block-columns has-background\" style=\"background-color:#ffffff\">\n<div class=\"is-layout-flow wp-block-column is-vertically-aligned-center\" style=\"flex-basis:66.66%\">\n<p>Uszczelnianie sp\u0119kanego tynku fasadowego<\/p>\n<\/div>\n\n\n\n<div class=\"is-layout-flow wp-block-column\" style=\"flex-basis:33.33%\">\n<p>Uszczelnianie sp\u0119kanego tynku fasadowego<\/p>\n<\/div>\n<\/div>\n\n\n\n<div class=\"is-layout-flex wp-container-75 wp-block-columns has-background\" style=\"background-color:#ffffff\">\n<div class=\"is-layout-flow wp-block-column is-vertically-aligned-center\" style=\"flex-basis:66.66%\">\n<p>Uszczelnianie luk mi\u0119dzy panelami dekoracyjnymi\/ alucabond<\/p>\n<\/div>\n\n\n\n<div class=\"is-layout-flow wp-block-column\" style=\"flex-basis:33.33%\">\n<p>Uszczelniacz poliuretanowy PU740<\/p>\n<\/div>\n<\/div>\n\n\n\n<div class=\"is-layout-flex wp-container-78 wp-block-columns has-background\" style=\"background-color:#ffffff\">\n<div class=\"is-layout-flow wp-block-column is-vertically-aligned-center\" style=\"flex-basis:66.66%\">\n<p>Uszczelnianie i mocowanie baner\u00f3w na \u015bcianach zewn\u0119trznych i fasadach<\/p>\n<\/div>\n\n\n\n<div class=\"is-layout-flow wp-block-column\" style=\"flex-basis:33.33%\">\n<p>FIX\u00b2 klej-uszczelniacz<\/p>\n<\/div>\n<\/div>\n\n\n\n<div class=\"is-layout-flex wp-container-81 wp-block-columns has-background\" style=\"background-color:#ffffff\">\n<div class=\"is-layout-flow wp-block-column is-vertically-aligned-center\" style=\"flex-basis:66.66%\">\n<p>Uszczelnianie zewn\u0119trznych metalowych urz\u0105dze\u0144 klimatyzacyjnych<\/p>\n<\/div>\n\n\n\n<div class=\"is-layout-flow wp-block-column\" style=\"flex-basis:33.33%\">\n<p>FIX\u00b2 klej-uszczelniacz<\/p>\n<\/div>\n<\/div>\n\n\n\n<div class=\"is-layout-flex wp-container-84 wp-block-columns has-background\" style=\"background-color:#ffffff\">\n<div class=\"is-layout-flow wp-block-column is-vertically-aligned-center\" style=\"flex-basis:66.66%\">\n<p>Nadaj\u0105ce si\u0119 do malowania uszczelnianie siding\u00f3w<\/p>\n<\/div>\n\n\n\n<div class=\"is-layout-flow wp-block-column\" style=\"flex-basis:33.33%\">\n<p>Uszczelniacz Multi-tool<\/p>\n<\/div>\n<\/div>\n\n\n\n<div class=\"is-layout-flex wp-container-87 wp-block-columns has-background\" style=\"background-color:#ffffff\">\n<div class=\"is-layout-flow wp-block-column is-vertically-aligned-center\" style=\"flex-basis:66.66%\">\n<p>Uszczelnianie i mocowanie membran fasadowych chroni\u0105cych izolacj\u0119 z we\u0142ny mineralnej<\/p>\n<\/div>\n\n\n\n<div class=\"is-layout-flow wp-block-column\" style=\"flex-basis:33.33%\">\n<p>Uszczelniacz dekarski specjalistyczny<\/p>\n<\/div>\n<\/div>\n\n\n\n<div class=\"is-layout-flex wp-container-90 wp-block-columns has-background\" style=\"background-color:#ffffff\">\n<div class=\"is-layout-flow wp-block-column is-vertically-aligned-center\" style=\"flex-basis:66.66%\">\n<p>Uszczelnianie kompozyt\u00f3w drewno-szk\u0142o<\/p>\n<\/div>\n\n\n\n<div class=\"is-layout-flow wp-block-column\" style=\"flex-basis:33.33%\">\n<p>FIX\u00b2 klej-uszczelniacz<\/p>\n<\/div>\n<\/div>\n\n\n\n<figure class=\"wp-block-image alignwide size-large\"><img decoding=\"async\" loading=\"lazy\" width=\"960\" height=\"205\" src=\"https:\/\/selena.com\/wp-content\/uploads\/ocieplenia2.png\" alt=\"\" class=\"wp-image-13738\" srcset=\"https:\/\/archiwum.selena.com\/wp-content\/uploads\/ocieplenia2.png 960w, https:\/\/archiwum.selena.com\/wp-content\/uploads\/ocieplenia2-300x64.png 300w, https:\/\/archiwum.selena.com\/wp-content\/uploads\/ocieplenia2-768x164.png 768w\" sizes=\"(max-width: 960px) 100vw, 960px\" \/><\/figure>\n\n\n\n<p><\/p>\n","protected":false},"excerpt":{"rendered":"<p>Izolacje i fasady DO ZROBIENIA: POLECANE PRODUKTY: Mocowanie paneli izolacji termicznej na fasadach ( SYSTEM ETICS) STYRO 753 E\/B1 Klej do monta\u017cu zewn\u0119trznej izolacji termicznejSTYRO 753 Klej do monta\u017cu zewn\u0119trznej izolacji termicznejStyro Uni Klej do&#8230;<\/p>\n","protected":false},"author":1,"featured_media":13735,"parent":30,"menu_order":6,"comment_status":"closed","ping_status":"closed","template":"templates\/single-brands_and_products.php","meta":[],"acf":[],"_links":{"self":[{"href":"https:\/\/archiwum.selena.com\/pl\/wp-json\/wp\/v2\/pages\/1976"}],"collection":[{"href":"https:\/\/archiwum.selena.com\/pl\/wp-json\/wp\/v2\/pages"}],"about":[{"href":"https:\/\/archiwum.selena.com\/pl\/wp-json\/wp\/v2\/types\/page"}],"author":[{"embeddable":true,"href":"https:\/\/archiwum.selena.com\/pl\/wp-json\/wp\/v2\/users\/1"}],"replies":[{"embeddable":true,"href":"https:\/\/archiwum.selena.com\/pl\/wp-json\/wp\/v2\/comments?post=1976"}],"version-history":[{"count":3,"href":"https:\/\/archiwum.selena.com\/pl\/wp-json\/wp\/v2\/pages\/1976\/revisions"}],"predecessor-version":[{"id":13767,"href":"https:\/\/archiwum.selena.com\/pl\/wp-json\/wp\/v2\/pages\/1976\/revisions\/13767"}],"up":[{"embeddable":true,"href":"https:\/\/archiwum.selena.com\/pl\/wp-json\/wp\/v2\/pages\/30"}],"wp:featuredmedia":[{"embeddable":true,"href":"https:\/\/archiwum.selena.com\/pl\/wp-json\/wp\/v2\/media\/13735"}],"wp:attachment":[{"href":"https:\/\/archiwum.selena.com\/pl\/wp-json\/wp\/v2\/media?parent=1976"}],"curies":[{"name":"wp","href":"https:\/\/api.w.org\/{rel}","templated":true}]}}