{"id":1973,"date":"2021-01-28T12:16:53","date_gmt":"2021-01-28T12:16:53","guid":{"rendered":"http:\/\/selena.vot.pl\/?page_id=1973"},"modified":"2021-02-12T15:49:38","modified_gmt":"2021-02-12T15:49:38","slug":"podlogi","status":"publish","type":"page","link":"https:\/\/archiwum.selena.com\/pl\/marki-i-produkty\/podlogi\/","title":{"rendered":"Pod\u0142ogi"},"content":{"rendered":"\n<h2 class=\"has-text-align-center header_medium text-center\">Pod\u0142ogi<\/h2>\n\n\n\n<figure class=\"wp-block-image alignwide size-large\"><img decoding=\"async\" loading=\"lazy\" width=\"960\" height=\"205\" src=\"https:\/\/selena.com\/wp-content\/uploads\/podlogi1.png\" alt=\"\" class=\"wp-image-13723\" srcset=\"https:\/\/archiwum.selena.com\/wp-content\/uploads\/podlogi1.png 960w, https:\/\/archiwum.selena.com\/wp-content\/uploads\/podlogi1-300x64.png 300w, https:\/\/archiwum.selena.com\/wp-content\/uploads\/podlogi1-768x164.png 768w\" sizes=\"(max-width: 960px) 100vw, 960px\" \/><\/figure>\n\n\n\n<div class=\"is-layout-flex wp-container-3 wp-block-columns has-background\" style=\"background-color:#103b5f\">\n<div class=\"is-layout-flow wp-block-column\" style=\"flex-basis:66.66%\">\n<p class=\"has-text-align-center has-white-color has-text-color\"><strong>DO ZROBIENIA:<\/strong><\/p>\n<\/div>\n\n\n\n<div class=\"is-layout-flow wp-block-column\" style=\"flex-basis:33.33%\">\n<p class=\"has-text-align-center has-white-color has-text-color\"><strong>POLECANE PRODUKTY:<\/strong><\/p>\n<\/div>\n<\/div>\n\n\n\n<div class=\"is-layout-flex wp-container-6 wp-block-columns has-background\" style=\"background-color:#ffffff\">\n<div class=\"is-layout-flow wp-block-column is-vertically-aligned-center\" style=\"flex-basis:66.66%\">\n<p>Uszczelnianie dylatacji w pod\u0142ogach betonowych i wylewkach<\/p>\n<\/div>\n\n\n\n<div class=\"is-layout-flow wp-block-column\" style=\"flex-basis:33.33%\">\n<p>Piana monta\u017cowa HD<br>Piana monta\u017cowa O2 STD<br>Piana monta\u017cowa O2 LEXY 60\/40\/20 wielosezonowa<br>Uszczelniaj\u0105ca piana poliuretanowa Fill All<br>Uszczelniaj\u0105ca piana pistoletowa Fill All<\/p>\n<\/div>\n<\/div>\n\n\n\n<div class=\"is-layout-flex wp-container-8 wp-block-columns\">\n<div class=\"is-layout-flow wp-block-column\" style=\"flex-basis:100%\">\n<p class=\"has-text-align-center has-white-color has-text-color has-background\" style=\"background-color:#1e2c42\"><strong>TILE FLOORS<\/strong><\/p>\n<\/div>\n<\/div>\n\n\n\n<div class=\"is-layout-flex wp-container-11 wp-block-columns has-background\" style=\"background-color:#ffffff\">\n<div class=\"is-layout-flow wp-block-column is-vertically-aligned-center\" style=\"flex-basis:66.66%\">\n<p>Wyr\u00f3wnywanie powierzchni przed aplikacj\u0105 kleju do p\u0142ytek<\/p>\n<\/div>\n\n\n\n<div class=\"is-layout-flow wp-block-column\" style=\"flex-basis:33.33%\">\n<p>Zaprawa wyr\u00f3wnuj\u0105ca TEO 124<\/p>\n<\/div>\n<\/div>\n\n\n\n<div class=\"is-layout-flex wp-container-14 wp-block-columns has-background\" style=\"background-color:#ffffff\">\n<div class=\"is-layout-flow wp-block-column is-vertically-aligned-center\" style=\"flex-basis:66.66%\">\n<p>Uk\u0142adanie p\u0142ytek ceramicznych na typowych pod\u0142ogach, wewn\u0105trz i na zewn\u0105trz<\/p>\n<\/div>\n\n\n\n<div class=\"is-layout-flow wp-block-column\" style=\"flex-basis:33.33%\">\n<p>Uniwersalny klej do p\u0142ytek A136<br>Klej do p\u0142ytek standardowych G236<br>Klej do p\u0142ytek gresowych E336<br>Szybkowi\u0105\u017c\u0105cy klej GE436<br>Mocny klej elestyczny EA536<br>Rozp\u0142ywny klej GA636<br>Mocny klej wysokoelastyczny GEA736<br>Bia\u0142y klej z trasem GEA836<\/p>\n<\/div>\n<\/div>\n\n\n\n<div class=\"is-layout-flex wp-container-17 wp-block-columns has-background\" style=\"background-color:#ffffff\">\n<div class=\"is-layout-flow wp-block-column is-vertically-aligned-center\" style=\"flex-basis:66.66%\">\n<p>Uk\u0142adanie p\u0142ytek ceramicznych na pod\u0142ogach podgrzewanych<\/p>\n<\/div>\n\n\n\n<div class=\"is-layout-flow wp-block-column\" style=\"flex-basis:33.33%\">\n<p>Klej do p\u0142ytek gresowych E336<br>Rozp\u0142ywny klej GA636<br>Mocny klej wysokoelastyczny GEA736<br>Bia\u0142y klej z trasem GEA836<\/p>\n<\/div>\n<\/div>\n\n\n\n<div class=\"is-layout-flex wp-container-20 wp-block-columns has-background\" style=\"background-color:#ffffff\">\n<div class=\"is-layout-flow wp-block-column is-vertically-aligned-center\" style=\"flex-basis:66.66%\">\n<p>Uk\u0142adanie p\u0142ytek ceramicznych na starych p\u0142ytkach<\/p>\n<\/div>\n\n\n\n<div class=\"is-layout-flow wp-block-column\" style=\"flex-basis:33.33%\">\n<p>Rozp\u0142ywny klej GA636<br>Mocny klej wysokoelastyczny GEA736<br>Bia\u0142y klej z trasem GEA836<\/p>\n<\/div>\n<\/div>\n\n\n\n<div class=\"is-layout-flex wp-container-23 wp-block-columns has-background\" style=\"background-color:#ffffff\">\n<div class=\"is-layout-flow wp-block-column is-vertically-aligned-center\" style=\"flex-basis:66.66%\">\n<p>Uk\u0142adanie du\u017cych p\u0142ytek ceramicznych<\/p>\n<\/div>\n\n\n\n<div class=\"is-layout-flow wp-block-column\" style=\"flex-basis:33.33%\">\n<p>Rozp\u0142ywny klej GA636<br>Mocny klej wysokoelastyczny GEA736<br>Bia\u0142y klej z trasem GEA836<\/p>\n<\/div>\n<\/div>\n\n\n\n<div class=\"is-layout-flex wp-container-26 wp-block-columns has-background\" style=\"background-color:#ffffff\">\n<div class=\"is-layout-flow wp-block-column is-vertically-aligned-center\" style=\"flex-basis:66.66%\">\n<p>Uk\u0142adanie p\u0142ytek z kamienia naturalnego<\/p>\n<\/div>\n\n\n\n<div class=\"is-layout-flow wp-block-column\" style=\"flex-basis:33.33%\">\n<p>Bia\u0142y klej z trasem GEA836<\/p>\n<\/div>\n<\/div>\n\n\n\n<div class=\"is-layout-flex wp-container-29 wp-block-columns has-background\" style=\"background-color:#ffffff\">\n<div class=\"is-layout-flow wp-block-column is-vertically-aligned-center\" style=\"flex-basis:66.66%\">\n<p>Uk\u0142adanie p\u0142ytek na mocno obci\u0105\u017conych pod\u0142ogach<\/p>\n<\/div>\n\n\n\n<div class=\"is-layout-flow wp-block-column\" style=\"flex-basis:33.33%\">\n<p>Klej do p\u0142ytek gresowych E336<br>Rozp\u0142ywny klej GA636<br>Mocny klej wysokoelastyczny GEA736<br>Bia\u0142y klej z trasem GEA836<\/p>\n<\/div>\n<\/div>\n\n\n\n<div class=\"is-layout-flex wp-container-32 wp-block-columns has-background\" style=\"background-color:#ffffff\">\n<div class=\"is-layout-flow wp-block-column is-vertically-aligned-center\" style=\"flex-basis:66.66%\">\n<p>Uk\u0142adanie p\u0142ytek ceramicznych na basenie i pod prysznicem<\/p>\n<\/div>\n\n\n\n<div class=\"is-layout-flow wp-block-column\" style=\"flex-basis:33.33%\">\n<p>Klej do p\u0142ytek gresowych E336<br>Mocny klej wysokoelastyczny GEA736<br>Bia\u0142y klej z trasem GEA836<\/p>\n<\/div>\n<\/div>\n\n\n\n<div class=\"is-layout-flex wp-container-35 wp-block-columns has-background\" style=\"background-color:#ffffff\">\n<div class=\"is-layout-flow wp-block-column is-vertically-aligned-center\" style=\"flex-basis:66.66%\">\n<p>Fugowanie<\/p>\n<\/div>\n\n\n\n<div class=\"is-layout-flow wp-block-column\" style=\"flex-basis:33.33%\">\n<p>Fuga szeroka GEA746<\/p>\n<\/div>\n<\/div>\n\n\n\n<p class=\"has-text-align-center has-white-color has-text-color has-background\" style=\"background-color:#1e2c42\"><strong>WOODEN FLOORS<\/strong><\/p>\n\n\n\n<div class=\"is-layout-flex wp-container-38 wp-block-columns has-background\" style=\"background-color:#ffffff\">\n<div class=\"is-layout-flow wp-block-column is-vertically-aligned-center\" style=\"flex-basis:66.66%\">\n<p>Gruntowanie powierzchni przed na\u0142o\u017ceniem mieszanki wyr\u00f3wnuj\u0105cej<\/p>\n<\/div>\n\n\n\n<div class=\"is-layout-flow wp-block-column\" style=\"flex-basis:33.33%\">\n<p>Grunt EB-270<br>Grunt do powierzchni niech\u0142onnych WB-280<br>Grunt do powierzchni ch\u0142onnych WB-290<\/p>\n<\/div>\n<\/div>\n\n\n\n<div class=\"is-layout-flex wp-container-41 wp-block-columns has-background\" style=\"background-color:#ffffff\">\n<div class=\"is-layout-flow wp-block-column is-vertically-aligned-center\" style=\"flex-basis:66.66%\">\n<p>Naprawa i wyg\u0142adzanie powierzchni przed na\u0142o\u017ceniem mieszanki wyr\u00f3wnuj\u0105cej<\/p>\n<\/div>\n\n\n\n<div class=\"is-layout-flow wp-block-column\" style=\"flex-basis:33.33%\">\n<p>\u017bywica naprawcza dwusk\u0142adnikowa RC-001<br>Wyg\u0142adzaj\u0105ca masa naprawcza LC-700<\/p>\n<\/div>\n<\/div>\n\n\n\n<div class=\"is-layout-flex wp-container-44 wp-block-columns has-background\" style=\"background-color:#ffffff\">\n<div class=\"is-layout-flow wp-block-column is-vertically-aligned-center\" style=\"flex-basis:66.66%\">\n<p>Wyr\u00f3wnywanie powierzchni przed monta\u017cem parkietu<\/p>\n<\/div>\n\n\n\n<div class=\"is-layout-flow wp-block-column\" style=\"flex-basis:33.33%\">\n<p>Masa samopoziomuj\u0105ca cienkowarstwowa od 2 do 10 mm LC-710<br>Masa szybkowi\u0105\u017c\u0105ca 5 do 35 mm LC-735<br>Cienkowarstwowa samopoziomuj\u0105ca masa anhydrytowa LC-720<\/p>\n<\/div>\n<\/div>\n\n\n\n<div class=\"is-layout-flex wp-container-47 wp-block-columns has-background\" style=\"background-color:#ffffff\">\n<div class=\"is-layout-flow wp-block-column is-vertically-aligned-center\" style=\"flex-basis:66.66%\">\n<p>Przygotowywanie pod\u0142o\u017ca pod wylewk\u0119<\/p>\n<\/div>\n\n\n\n<div class=\"is-layout-flow wp-block-column\" style=\"flex-basis:33.33%\">\n<p>Masa szybkowi\u0105\u017c\u0105ca 5 do 35 mm LC-735<br>Masa szybkowi\u0105\u017c\u0105ca do 60 mm LC-760<\/p>\n<\/div>\n<\/div>\n\n\n\n<div class=\"is-layout-flex wp-container-50 wp-block-columns has-background\" style=\"background-color:#ffffff\">\n<div class=\"is-layout-flow wp-block-column is-vertically-aligned-center\" style=\"flex-basis:66.66%\">\n<p>Gruntowanie powierzchni przed aplikacj\u0105 kleju do parkietu<\/p>\n<\/div>\n\n\n\n<div class=\"is-layout-flow wp-block-column\" style=\"flex-basis:33.33%\">\n<p>Grunt rozpuszczalnikowy SB-210<br>Grunt poliuretanowy PB-230<br>Grunt poliuretanowy niskoemisyjny PB-235<\/p>\n<\/div>\n<\/div>\n\n\n\n<div class=\"is-layout-flex wp-container-53 wp-block-columns has-background\" style=\"background-color:#ffffff\">\n<div class=\"is-layout-flow wp-block-column is-vertically-aligned-center\" style=\"flex-basis:66.66%\">\n<p>Monta\u017c parkietu z europejskiego drewna, do 600 mm<\/p>\n<\/div>\n\n\n\n<div class=\"is-layout-flow wp-block-column\" style=\"flex-basis:33.33%\">\n<p>Klej syntetyczny do parkietu SB-870<br>Klej rozpuszczalnikowy do parkietu RB-860<\/p>\n<\/div>\n<\/div>\n\n\n\n<div class=\"is-layout-flex wp-container-56 wp-block-columns has-background\" style=\"background-color:#ffffff\">\n<div class=\"is-layout-flow wp-block-column is-vertically-aligned-center\" style=\"flex-basis:66.66%\">\n<p>Monta\u017c parkietu z europejskiego drewna, ponad 600 mm<\/p>\n<\/div>\n\n\n\n<div class=\"is-layout-flow wp-block-column\" style=\"flex-basis:33.33%\">\n<p>Klej poliuretanowy jednosk\u0142adnikowy do parkietu PB-835<br>Klej poliuretanowy do parkietu PB-890<br>Klej poliuretanowy do parkietu szybkowi\u0105\u017c\u0105cy PB-890R<br>Klej elastyczny do parkietu HB-810<\/p>\n<\/div>\n<\/div>\n\n\n\n<div class=\"is-layout-flex wp-container-59 wp-block-columns has-background\" style=\"background-color:#ffffff\">\n<div class=\"is-layout-flow wp-block-column is-vertically-aligned-center\" style=\"flex-basis:66.66%\">\n<p>Wype\u0142nianie szczelin w pod\u0142ogach parkietowych<\/p>\n<\/div>\n\n\n\n<div class=\"is-layout-flow wp-block-column\" style=\"flex-basis:33.33%\">\n<p>Szpachla do parkietu FW-400<br>Szpachla do parkietu FS-415<br>Szpachla do parkietu<\/p>\n<\/div>\n<\/div>\n\n\n\n<div class=\"is-layout-flex wp-container-62 wp-block-columns has-background\" style=\"background-color:#ffffff\">\n<div class=\"is-layout-flow wp-block-column is-vertically-aligned-center\" style=\"flex-basis:66.66%\">\n<p>Lakierowanie pod\u0142\u00f3g drewnianych w pomieszczeniach mieszkalnych<\/p>\n<\/div>\n\n\n\n<div class=\"is-layout-flow wp-block-column\" style=\"flex-basis:33.33%\">\n<p>Lakier podk\u0142adowy do parkietu syntetyczny S-460<br>Lakier podk\u0142adowy do parkietu wodny W-430<br>Lakier poliuretanowo-akrylowy wodny PA-470<\/p>\n<\/div>\n<\/div>\n\n\n\n<div class=\"is-layout-flex wp-container-65 wp-block-columns has-background\" style=\"background-color:#ffffff\">\n<div class=\"is-layout-flow wp-block-column is-vertically-aligned-center\" style=\"flex-basis:66.66%\">\n<p>Lakierowanie pod\u0142\u00f3g drewnianych w pomieszczeniach u\u017cyteczno\u015bci publicznej<\/p>\n<\/div>\n\n\n\n<div class=\"is-layout-flow wp-block-column\" style=\"flex-basis:33.33%\">\n<p>Lakier podk\u0142adowy do parkietu syntetyczny S-460<br>Lakier podk\u0142adowy do parkietu wodny W-430<br>Lakier 2-sk\u0142adnikowy chemoutwardzalny AB-441<\/p>\n<\/div>\n<\/div>\n\n\n\n<div class=\"is-layout-flex wp-container-68 wp-block-columns has-background\" style=\"background-color:#ffffff\">\n<div class=\"is-layout-flow wp-block-column is-vertically-aligned-center\" style=\"flex-basis:66.66%\">\n<p>Lakierowanie pod\u0142\u00f3g drewnianych w obiektach sportowych<\/p>\n<\/div>\n\n\n\n<div class=\"is-layout-flow wp-block-column\" style=\"flex-basis:33.33%\">\n<p>Lakier podk\u0142adowy do parkietu syntetyczny S-460<br>Lakier podk\u0142adowy do parkietu wodny W-430<br>Lakier alkidowo-uretanowy KH-440<\/p>\n<\/div>\n<\/div>\n\n\n\n<div class=\"is-layout-flex wp-container-71 wp-block-columns has-background\" style=\"background-color:#ffffff\">\n<div class=\"is-layout-flow wp-block-column is-vertically-aligned-center\" style=\"flex-basis:66.66%\">\n<p>Olejowanie parkietu<\/p>\n<\/div>\n\n\n\n<div class=\"is-layout-flow wp-block-column\" style=\"flex-basis:33.33%\">\n<p>Olej HS, utwardzacz do oleju, rozcie\u0144czalnik OL-610<\/p>\n\n\n\n<p>Olej do pod\u0142\u00f3g drewnianych OL-620<\/p>\n<\/div>\n<\/div>\n\n\n\n<div class=\"is-layout-flex wp-container-74 wp-block-columns has-background\" style=\"background-color:#ffffff\">\n<div class=\"is-layout-flow wp-block-column is-vertically-aligned-center\" style=\"flex-basis:66.66%\">\n<p>Impregnacja parkietu<\/p>\n<\/div>\n\n\n\n<div class=\"is-layout-flow wp-block-column\" style=\"flex-basis:33.33%\">\n<p>Olejowosk OL-650<\/p>\n<\/div>\n<\/div>\n\n\n\n<div class=\"is-layout-flex wp-container-77 wp-block-columns has-background\" style=\"background-color:#ffffff\">\n<div class=\"is-layout-flow wp-block-column is-vertically-aligned-center\" style=\"flex-basis:66.66%\">\n<p>Piel\u0119gnacja pod\u0142\u00f3g lakierowanych<\/p>\n<\/div>\n\n\n\n<div class=\"is-layout-flow wp-block-column\" style=\"flex-basis:33.33%\">\n<p>Czy\u015bcik PM-100<br>\u015arodek do piel\u0119gnacji parkietu PM-120<\/p>\n<\/div>\n<\/div>\n\n\n\n<div class=\"is-layout-flex wp-container-80 wp-block-columns has-background\" style=\"background-color:#ffffff\">\n<div class=\"is-layout-flow wp-block-column is-vertically-aligned-center\" style=\"flex-basis:66.66%\">\n<p>Piel\u0119gnacja pod\u0142\u00f3g olejowanych<\/p>\n<\/div>\n\n\n\n<div class=\"is-layout-flow wp-block-column\" style=\"flex-basis:33.33%\">\n<p>Myd\u0142o do pod\u0142\u00f3g OL-680<br>Olej piel\u0119gnacyjny OL-690<\/p>\n<\/div>\n<\/div>\n\n\n\n<div class=\"is-layout-flex wp-container-83 wp-block-columns has-background\" style=\"background-color:#ffffff\">\n<div class=\"is-layout-flow wp-block-column is-vertically-aligned-center\" style=\"flex-basis:66.66%\">\n<p>Piel\u0119gnacja pod\u0142\u00f3g impregnowanych<\/p>\n<\/div>\n\n\n\n<div class=\"is-layout-flow wp-block-column\" style=\"flex-basis:33.33%\">\n<p>Myd\u0142o do pod\u0142\u00f3g OL-680<br>Wosk piel\u0119gnacyjny OL-670<\/p>\n<\/div>\n<\/div>\n\n\n\n<div class=\"is-layout-flex wp-container-86 wp-block-columns has-background\" style=\"background-color:#ffffff\">\n<div class=\"is-layout-flow wp-block-column is-vertically-aligned-center\" style=\"flex-basis:66.66%\">\n<p>Monta\u017c listw przypod\u0142ogowych<\/p>\n<\/div>\n\n\n\n<div class=\"is-layout-flow wp-block-column\" style=\"flex-basis:33.33%\">\n<p>Classic Fix klej monta\u017cowy<br>Klej monta\u017cowy SBS<br>Klej ekologiczny<br>FIX\u00b2 Rapid klej High Tack<\/p>\n<\/div>\n<\/div>\n\n\n\n<div class=\"is-layout-flex wp-container-89 wp-block-columns has-background\" style=\"background-color:#ffffff\">\n<div class=\"is-layout-flow wp-block-column is-vertically-aligned-center\" style=\"flex-basis:66.66%\">\n<p>Classic Fix klej monta\u017cowy<br>Klej monta\u017cowy SBS<br>Klej ekologiczny<br>FIX\u00b2 Rapid klej High Tack<\/p>\n<\/div>\n\n\n\n<div class=\"is-layout-flow wp-block-column\" style=\"flex-basis:33.33%\">\n<p>Kit do parkietu<\/p>\n<\/div>\n<\/div>\n\n\n\n<p class=\"has-text-align-center has-white-color has-text-color has-background\" style=\"background-color:#1e2c42\"><strong>WOODEN FLOORS<\/strong><\/p>\n\n\n\n<div class=\"is-layout-flex wp-container-92 wp-block-columns has-background\" style=\"background-color:#ffffff\">\n<div class=\"is-layout-flow wp-block-column is-vertically-aligned-center\" style=\"flex-basis:66.66%\">\n<p>Wyr\u00f3wnywanie powierzchni przed monta\u017cem elestacznych pokry\u0107 pod\u0142ogowych<\/p>\n<\/div>\n\n\n\n<div class=\"is-layout-flow wp-block-column\" style=\"flex-basis:33.33%\">\n<p>Elastyczna masa szpachlowa LC-702<br>Masa samopoziomuj\u0105ca cienkowarstwowa 1-5 mm LC-705<br>Masa samopoziomuj\u0105ca cienkowarstwowa od 2 do 10 mm LC-710<br>Cienkowarstwowa samopoziomuj\u0105ca masa anhydrytowa LC-720<\/p>\n<\/div>\n<\/div>\n\n\n\n<div class=\"is-layout-flex wp-container-95 wp-block-columns has-background\" style=\"background-color:#ffffff\">\n<div class=\"is-layout-flow wp-block-column is-vertically-aligned-center\" style=\"flex-basis:66.66%\">\n<p>Monta\u017c wyk\u0142adzin dywanowych<\/p>\n<\/div>\n\n\n\n<div class=\"is-layout-flow wp-block-column\" style=\"flex-basis:33.33%\">\n<p>Klej do wyk\u0142adzin tekstylnych WB-965<br>Klej uniwersalny do wyk\u0142adzin WB-982<\/p>\n<\/div>\n<\/div>\n\n\n\n<div class=\"is-layout-flex wp-container-98 wp-block-columns has-background\" style=\"background-color:#ffffff\">\n<div class=\"is-layout-flow wp-block-column is-vertically-aligned-center\" style=\"flex-basis:66.66%\">\n<p>Monta\u017c wyk\u0142adzin z PCV<\/p>\n<\/div>\n\n\n\n<div class=\"is-layout-flow wp-block-column\" style=\"flex-basis:33.33%\">\n<p>Klej do wyk\u0142adzin z PCW WB-975<br>Klej uniwersalny do wyk\u0142adzin WB-982<\/p>\n<\/div>\n<\/div>\n\n\n\n<div class=\"is-layout-flex wp-container-101 wp-block-columns has-background\" style=\"background-color:#ffffff\">\n<div class=\"is-layout-flow wp-block-column is-vertically-aligned-center\" style=\"flex-basis:66.66%\">\n<p>Monta\u017c pokry\u0107 pod\u0142ogowych z linoleum<\/p>\n<\/div>\n\n\n\n<div class=\"is-layout-flow wp-block-column\" style=\"flex-basis:33.33%\">\n<p>Klej do linoleum WB-976<\/p>\n<\/div>\n<\/div>\n\n\n\n<div class=\"is-layout-flex wp-container-104 wp-block-columns has-background\" style=\"background-color:#ffffff\">\n<div class=\"is-layout-flow wp-block-column is-vertically-aligned-center\" style=\"flex-basis:66.66%\">\n<p>Monta\u017c przewodz\u0105cych pokry\u0107 pod\u0142ogowych<\/p>\n<\/div>\n\n\n\n<div class=\"is-layout-flow wp-block-column\" style=\"flex-basis:33.33%\">\n<p>Pr\u0105doprzewodz\u0105cy klej do wyk\u0142adzin WB-977<\/p>\n<\/div>\n<\/div>\n\n\n\n<div class=\"is-layout-flex wp-container-107 wp-block-columns has-background\" style=\"background-color:#ffffff\">\n<div class=\"is-layout-flow wp-block-column is-vertically-aligned-center\" style=\"flex-basis:66.66%\">\n<p>Monta\u017c dywanowych p\u0142ytek pod\u0142ogowych<\/p>\n<\/div>\n\n\n\n<div class=\"is-layout-flow wp-block-column\" style=\"flex-basis:33.33%\">\n<p>Klej do p\u0142ytek dywanowych FIX WB-984<\/p>\n<\/div>\n<\/div>\n\n\n\n<div class=\"is-layout-flex wp-container-110 wp-block-columns has-background\" style=\"background-color:#ffffff\">\n<div class=\"is-layout-flow wp-block-column is-vertically-aligned-center\" style=\"flex-basis:66.66%\">\n<p>Monta\u017c winylowych p\u0142ytek pod\u0142ogpwych<\/p>\n<\/div>\n\n\n\n<div class=\"is-layout-flow wp-block-column\" style=\"flex-basis:33.33%\">\n<p>Specjalistyczny klej do wyk\u0142adzin WB-981<\/p>\n<\/div>\n<\/div>\n\n\n\n<figure class=\"wp-block-image alignwide size-large\"><img decoding=\"async\" loading=\"lazy\" width=\"960\" height=\"205\" src=\"https:\/\/selena.com\/wp-content\/uploads\/podlogi2-1.png\" alt=\"\" class=\"wp-image-13729\" srcset=\"https:\/\/archiwum.selena.com\/wp-content\/uploads\/podlogi2-1.png 960w, https:\/\/archiwum.selena.com\/wp-content\/uploads\/podlogi2-1-300x64.png 300w, https:\/\/archiwum.selena.com\/wp-content\/uploads\/podlogi2-1-768x164.png 768w\" sizes=\"(max-width: 960px) 100vw, 960px\" \/><\/figure>\n\n\n\n<p><\/p>\n","protected":false},"excerpt":{"rendered":"<p>Pod\u0142ogi DO ZROBIENIA: POLECANE PRODUKTY: Uszczelnianie dylatacji w pod\u0142ogach betonowych i wylewkach Piana monta\u017cowa HDPiana monta\u017cowa O2 STDPiana monta\u017cowa O2 LEXY 60\/40\/20 wielosezonowaUszczelniaj\u0105ca piana poliuretanowa Fill AllUszczelniaj\u0105ca piana pistoletowa Fill All TILE FLOORS Wyr\u00f3wnywanie powierzchni&#8230;<\/p>\n","protected":false},"author":1,"featured_media":13721,"parent":30,"menu_order":5,"comment_status":"closed","ping_status":"closed","template":"templates\/single-brands_and_products.php","meta":[],"acf":[],"_links":{"self":[{"href":"https:\/\/archiwum.selena.com\/pl\/wp-json\/wp\/v2\/pages\/1973"}],"collection":[{"href":"https:\/\/archiwum.selena.com\/pl\/wp-json\/wp\/v2\/pages"}],"about":[{"href":"https:\/\/archiwum.selena.com\/pl\/wp-json\/wp\/v2\/types\/page"}],"author":[{"embeddable":true,"href":"https:\/\/archiwum.selena.com\/pl\/wp-json\/wp\/v2\/users\/1"}],"replies":[{"embeddable":true,"href":"https:\/\/archiwum.selena.com\/pl\/wp-json\/wp\/v2\/comments?post=1973"}],"version-history":[{"count":5,"href":"https:\/\/archiwum.selena.com\/pl\/wp-json\/wp\/v2\/pages\/1973\/revisions"}],"predecessor-version":[{"id":13766,"href":"https:\/\/archiwum.selena.com\/pl\/wp-json\/wp\/v2\/pages\/1973\/revisions\/13766"}],"up":[{"embeddable":true,"href":"https:\/\/archiwum.selena.com\/pl\/wp-json\/wp\/v2\/pages\/30"}],"wp:featuredmedia":[{"embeddable":true,"href":"https:\/\/archiwum.selena.com\/pl\/wp-json\/wp\/v2\/media\/13721"}],"wp:attachment":[{"href":"https:\/\/archiwum.selena.com\/pl\/wp-json\/wp\/v2\/media?parent=1973"}],"curies":[{"name":"wp","href":"https:\/\/api.w.org\/{rel}","templated":true}]}}