{"id":1971,"date":"2021-01-28T12:16:09","date_gmt":"2021-01-28T12:16:09","guid":{"rendered":"http:\/\/selena.vot.pl\/?page_id=1971"},"modified":"2021-02-12T15:49:20","modified_gmt":"2021-02-12T15:49:20","slug":"instalacje","status":"publish","type":"page","link":"https:\/\/archiwum.selena.com\/pl\/marki-i-produkty\/instalacje\/","title":{"rendered":"Instalacje"},"content":{"rendered":"\n<h2 class=\"has-text-align-center header_medium text-center\">Instalacje<\/h2>\n\n\n\n<figure class=\"wp-block-image alignwide size-large\"><img decoding=\"async\" loading=\"lazy\" width=\"960\" height=\"205\" src=\"https:\/\/selena.com\/wp-content\/uploads\/instalacje.png\" alt=\"\" class=\"wp-image-13716\" srcset=\"https:\/\/archiwum.selena.com\/wp-content\/uploads\/instalacje.png 960w, https:\/\/archiwum.selena.com\/wp-content\/uploads\/instalacje-300x64.png 300w, https:\/\/archiwum.selena.com\/wp-content\/uploads\/instalacje-768x164.png 768w\" sizes=\"(max-width: 960px) 100vw, 960px\" \/><\/figure>\n\n\n\n<div class=\"is-layout-flex wp-container-3 wp-block-columns has-background\" style=\"background-color:#103b5f\">\n<div class=\"is-layout-flow wp-block-column\" style=\"flex-basis:66.66%\">\n<p class=\"has-text-align-center has-white-color has-text-color\"><strong>DO ZROBIENIA:<\/strong><\/p>\n<\/div>\n\n\n\n<div class=\"is-layout-flow wp-block-column\" style=\"flex-basis:33.33%\">\n<p class=\"has-text-align-center has-white-color has-text-color\"><strong>POLECANE PRODUKTY:<\/strong><\/p>\n<\/div>\n<\/div>\n\n\n\n<div class=\"is-layout-flex wp-container-6 wp-block-columns has-background\" style=\"background-color:#ffffff\">\n<div class=\"is-layout-flow wp-block-column is-vertically-aligned-center\" style=\"flex-basis:66.66%\">\n<p>Wype\u0142nianie szczelin, p\u0119kni\u0119\u0107, luk wok\u00f3\u0142 rur i przepust\u00f3w przy zwi\u0119kszonych wymogach wodoodporno\u015bci<\/p>\n<\/div>\n\n\n\n<div class=\"is-layout-flow wp-block-column\" style=\"flex-basis:33.33%\">\n<p>Piana instalacyjna WOD KAN<\/p>\n<\/div>\n<\/div>\n\n\n\n<div class=\"is-layout-flex wp-container-9 wp-block-columns has-background\" style=\"background-color:#ffffff\">\n<div class=\"is-layout-flow wp-block-column is-vertically-aligned-center\" style=\"flex-basis:66.66%\">\n<p>Ognioodporne uszczelnianie przepust\u00f3w<\/p>\n<\/div>\n\n\n\n<div class=\"is-layout-flow wp-block-column\" style=\"flex-basis:33.33%\">\n<p>Pianka Poliuretanowa Fire Block<br>Pistoletowa Pianka Poluuretanowa Fire Block<\/p>\n<\/div>\n<\/div>\n\n\n\n<div class=\"is-layout-flex wp-container-12 wp-block-columns has-background\" style=\"background-color:#ffffff\">\n<div class=\"is-layout-flow wp-block-column is-vertically-aligned-center\" style=\"flex-basis:66.66%\">\n<p>Klejenie po\u0142\u0105cze\u0144 rurowych<\/p>\n<\/div>\n\n\n\n<div class=\"is-layout-flow wp-block-column\" style=\"flex-basis:33.33%\">\n<p>Klej monta\u017cowy do twardego PVC<\/p>\n<\/div>\n<\/div>\n\n\n\n<div class=\"is-layout-flex wp-container-15 wp-block-columns has-background\" style=\"background-color:#ffffff\">\n<div class=\"is-layout-flow wp-block-column is-vertically-aligned-center\" style=\"flex-basis:66.66%\">\n<p>Uszczelnianie po\u0142\u0105cze\u0144 w izolacji przewod\u00f3w grzewczych, wentylacyjnych i klimatyzacyjnych<\/p>\n<\/div>\n\n\n\n<div class=\"is-layout-flow wp-block-column\" style=\"flex-basis:33.33%\">\n<p>Ta\u015bma aluminiowa PP<\/p>\n<\/div>\n<\/div>\n\n\n\n<div class=\"is-layout-flex wp-container-18 wp-block-columns has-background\" style=\"background-color:#ffffff\">\n<div class=\"is-layout-flow wp-block-column is-vertically-aligned-center\" style=\"flex-basis:66.66%\">\n<p>Uszczelnianie po\u0142\u0105cze\u0144 przewod\u00f3w grzewczych, wentylacyjnych i klimatyzacyjnych<\/p>\n<\/div>\n\n\n\n<div class=\"is-layout-flow wp-block-column\" style=\"flex-basis:33.33%\">\n<p>Ta\u015bma aluminiowa PP<\/p>\n<\/div>\n<\/div>\n\n\n\n<p><\/p>\n","protected":false},"excerpt":{"rendered":"<p>Instalacje DO ZROBIENIA: POLECANE PRODUKTY: Wype\u0142nianie szczelin, p\u0119kni\u0119\u0107, luk wok\u00f3\u0142 rur i przepust\u00f3w przy zwi\u0119kszonych wymogach wodoodporno\u015bci Piana instalacyjna WOD KAN Ognioodporne uszczelnianie przepust\u00f3w Pianka Poliuretanowa Fire BlockPistoletowa Pianka Poluuretanowa Fire Block Klejenie po\u0142\u0105cze\u0144 rurowych&#8230;<\/p>\n","protected":false},"author":1,"featured_media":13718,"parent":30,"menu_order":4,"comment_status":"closed","ping_status":"closed","template":"templates\/single-brands_and_products.php","meta":[],"acf":[],"_links":{"self":[{"href":"https:\/\/archiwum.selena.com\/pl\/wp-json\/wp\/v2\/pages\/1971"}],"collection":[{"href":"https:\/\/archiwum.selena.com\/pl\/wp-json\/wp\/v2\/pages"}],"about":[{"href":"https:\/\/archiwum.selena.com\/pl\/wp-json\/wp\/v2\/types\/page"}],"author":[{"embeddable":true,"href":"https:\/\/archiwum.selena.com\/pl\/wp-json\/wp\/v2\/users\/1"}],"replies":[{"embeddable":true,"href":"https:\/\/archiwum.selena.com\/pl\/wp-json\/wp\/v2\/comments?post=1971"}],"version-history":[{"count":4,"href":"https:\/\/archiwum.selena.com\/pl\/wp-json\/wp\/v2\/pages\/1971\/revisions"}],"predecessor-version":[{"id":13765,"href":"https:\/\/archiwum.selena.com\/pl\/wp-json\/wp\/v2\/pages\/1971\/revisions\/13765"}],"up":[{"embeddable":true,"href":"https:\/\/archiwum.selena.com\/pl\/wp-json\/wp\/v2\/pages\/30"}],"wp:featuredmedia":[{"embeddable":true,"href":"https:\/\/archiwum.selena.com\/pl\/wp-json\/wp\/v2\/media\/13718"}],"wp:attachment":[{"href":"https:\/\/archiwum.selena.com\/pl\/wp-json\/wp\/v2\/media?parent=1971"}],"curies":[{"name":"wp","href":"https:\/\/api.w.org\/{rel}","templated":true}]}}