{"id":1969,"date":"2021-01-28T12:15:40","date_gmt":"2021-01-28T12:15:40","guid":{"rendered":"http:\/\/selena.vot.pl\/?page_id=1969"},"modified":"2021-02-12T14:39:53","modified_gmt":"2021-02-12T14:39:53","slug":"kuchnie-i-lazienki","status":"publish","type":"page","link":"https:\/\/archiwum.selena.com\/pl\/marki-i-produkty\/kuchnie-i-lazienki\/","title":{"rendered":"Kuchnie i \u0142azienki"},"content":{"rendered":"\n<h2 class=\"has-text-align-center header_medium text-center\">Kuchnie i \u0142azienki<\/h2>\n\n\n\n<figure class=\"wp-block-image alignwide size-large\"><img decoding=\"async\" loading=\"lazy\" width=\"960\" height=\"205\" src=\"https:\/\/selena.com\/wp-content\/uploads\/kuchnie_lazienki.png\" alt=\"\" class=\"wp-image-13704\" srcset=\"https:\/\/archiwum.selena.com\/wp-content\/uploads\/kuchnie_lazienki.png 960w, https:\/\/archiwum.selena.com\/wp-content\/uploads\/kuchnie_lazienki-300x64.png 300w, https:\/\/archiwum.selena.com\/wp-content\/uploads\/kuchnie_lazienki-768x164.png 768w\" sizes=\"(max-width: 960px) 100vw, 960px\" \/><\/figure>\n\n\n\n<div class=\"is-layout-flex wp-container-3 wp-block-columns has-background\" style=\"background-color:#103b5f\">\n<div class=\"is-layout-flow wp-block-column\" style=\"flex-basis:66.66%\">\n<p class=\"has-text-align-center has-white-color has-text-color\"><strong>DO ZROBIENIA:<\/strong><\/p>\n<\/div>\n\n\n\n<div class=\"is-layout-flow wp-block-column\" style=\"flex-basis:33.33%\">\n<p class=\"has-text-align-center has-white-color has-text-color\"><strong>POLECANE PRODUKTY:<\/strong><\/p>\n<\/div>\n<\/div>\n\n\n\n<div class=\"is-layout-flex wp-container-6 wp-block-columns has-background\" style=\"background-color:#ffffff\">\n<div class=\"is-layout-flow wp-block-column is-vertically-aligned-center\" style=\"flex-basis:66.66%\">\n<p>Wype\u0142nianie luk, p\u0119kni\u0119\u0107, szczelin wok\u00f3\u0142 rur i przepust\u00f3w przy zwi\u0119kszonych wymogach wodoodporno\u015bci<\/p>\n<\/div>\n\n\n\n<div class=\"is-layout-flow wp-block-column\" style=\"flex-basis:33.33%\">\n<p>Piana instalacyjna WOD KAN<\/p>\n<\/div>\n<\/div>\n\n\n\n<div class=\"is-layout-flex wp-container-9 wp-block-columns has-background\" style=\"background-color:#ffffff\">\n<div class=\"is-layout-flow wp-block-column is-vertically-aligned-center\" style=\"flex-basis:66.66%\">\n<p>Hydroizolacja \u015bcian i pod\u0142o\u017ca przed k\u0142adzeniem glazury<\/p>\n<\/div>\n\n\n\n<div class=\"is-layout-flow wp-block-column\" style=\"flex-basis:33.33%\">\n<p>P\u0142ynna folia<\/p>\n<\/div>\n<\/div>\n\n\n\n<div class=\"is-layout-flex wp-container-12 wp-block-columns has-background\" style=\"background-color:#ffffff\">\n<div class=\"is-layout-flow wp-block-column is-vertically-aligned-center\" style=\"flex-basis:66.66%\">\n<p>Monta\u017c \u015bciennych p\u0142ytek ceramicznych<\/p>\n<\/div>\n\n\n\n<div class=\"is-layout-flow wp-block-column\" style=\"flex-basis:33.33%\">\n<p>Uniwersalny klej do p\u0142ytek A136<br>Klej do p\u0142ytek standardowych G236<br>Klej do p\u0142ytek gresowych E336<br>Szybkowi\u0105\u017c\u0105cy klej GE436<br>Mocny klej elastyczny EA536<br>Mocny klej wysokoelastyczny GEA736<br>Bia\u0142y klej z trasem GEA836<\/p>\n<\/div>\n<\/div>\n\n\n\n<div class=\"is-layout-flex wp-container-15 wp-block-columns has-background\" style=\"background-color:#ffffff\">\n<div class=\"is-layout-flow wp-block-column is-vertically-aligned-center\" style=\"flex-basis:66.66%\">\n<p>Uszczelnianie dooko\u0142a ceramiki sanitarnej<\/p>\n<\/div>\n\n\n\n<div class=\"is-layout-flow wp-block-column\" style=\"flex-basis:33.33%\">\n<p>Silikon sanitarny<br>Silikon sanitarny UPG<br>Ta\u015bma monta\u017cowa do \u0142azienek<\/p>\n<\/div>\n<\/div>\n\n\n\n<div class=\"is-layout-flex wp-container-18 wp-block-columns has-background\" style=\"background-color:#ffffff\">\n<div class=\"is-layout-flow wp-block-column is-vertically-aligned-center\" style=\"flex-basis:66.66%\">\n<p>Uszczelnianie dooko\u0142a sprz\u0119t\u00f3w sanitarnych wykonanych z akrylu<\/p>\n<\/div>\n\n\n\n<div class=\"is-layout-flow wp-block-column\" style=\"flex-basis:33.33%\">\n<p>Silikon do wanien akrylowych i PVC<br>Silikon Neutralny Sanitarny<br>Uszczelniacz do kuchni i \u0142azienek<br>Silikon akrylowy<br>Ta\u015bma monta\u017cowa do \u0142azienek<\/p>\n<\/div>\n<\/div>\n\n\n\n<div class=\"is-layout-flex wp-container-21 wp-block-columns has-background\" style=\"background-color:#ffffff\">\n<div class=\"is-layout-flow wp-block-column is-vertically-aligned-center\" style=\"flex-basis:66.66%\">\n<p>Uszczelnianie po\u0142\u0105cze\u0144 mi\u0119dzy p\u0142ytkami ceramicznymi<\/p>\n<\/div>\n\n\n\n<div class=\"is-layout-flow wp-block-column\" style=\"flex-basis:33.33%\">\n<p>Silikon sanitarny<br>Silikon sanitarny UPG<\/p>\n<\/div>\n<\/div>\n\n\n\n<div class=\"is-layout-flex wp-container-24 wp-block-columns has-background\" style=\"background-color:#ffffff\">\n<div class=\"is-layout-flow wp-block-column is-vertically-aligned-center\" style=\"flex-basis:66.66%\">\n<p>Monta\u017c luster<\/p>\n<\/div>\n\n\n\n<div class=\"is-layout-flow wp-block-column\" style=\"flex-basis:33.33%\">\n<p>Klej do luster<br>FIX\u00b2 Rapid klej High Tack<br>Klej monta\u017cowy Silne sklejanie<\/p>\n<\/div>\n<\/div>\n\n\n\n<div class=\"is-layout-flex wp-container-27 wp-block-columns has-background\" style=\"background-color:#ffffff\">\n<div class=\"is-layout-flow wp-block-column is-vertically-aligned-center\" style=\"flex-basis:66.66%\">\n<p>Monta\u017c element\u00f3w dekoracyjnych<\/p>\n<\/div>\n\n\n\n<div class=\"is-layout-flow wp-block-column\" style=\"flex-basis:33.33%\">\n<p>FIX\u00b2 Rapid klej High Tack<br>Mutli fix klej monta\u017cowy<br>Classic fix klej monta\u017cowy<br>Klej monta\u017cowy SBS<br>Klej ekologiczny<\/p>\n<\/div>\n<\/div>\n\n\n\n<div class=\"is-layout-flex wp-container-30 wp-block-columns has-background\" style=\"background-color:#ffffff\">\n<div class=\"is-layout-flow wp-block-column is-vertically-aligned-center\" style=\"flex-basis:66.66%\">\n<p>Inne uszczelnienia sanitarne<\/p>\n<\/div>\n\n\n\n<div class=\"is-layout-flow wp-block-column\" style=\"flex-basis:33.33%\">\n<p>Silikon sanitarny<br>Silikon sanitarny UPG<br>Silikon Neutralny Sanitarny<\/p>\n<\/div>\n<\/div>\n\n\n\n<div class=\"is-layout-flex wp-container-33 wp-block-columns has-background\" style=\"background-color:#ffffff\">\n<div class=\"is-layout-flow wp-block-column is-vertically-aligned-center\" style=\"flex-basis:66.66%\">\n<p>Usuwanie ple\u015bni<\/p>\n<\/div>\n\n\n\n<div class=\"is-layout-flow wp-block-column\" style=\"flex-basis:33.33%\">\n<p>\u015arodek grzybob\u00f3jczy FG-1<\/p>\n<\/div>\n<\/div>\n\n\n\n<p><\/p>\n","protected":false},"excerpt":{"rendered":"<p>Kuchnie i \u0142azienki DO ZROBIENIA: POLECANE PRODUKTY: Wype\u0142nianie luk, p\u0119kni\u0119\u0107, szczelin wok\u00f3\u0142 rur i przepust\u00f3w przy zwi\u0119kszonych wymogach wodoodporno\u015bci Piana instalacyjna WOD KAN Hydroizolacja \u015bcian i pod\u0142o\u017ca przed k\u0142adzeniem glazury P\u0142ynna folia Monta\u017c \u015bciennych p\u0142ytek&#8230;<\/p>\n","protected":false},"author":1,"featured_media":13712,"parent":30,"menu_order":3,"comment_status":"closed","ping_status":"closed","template":"templates\/single-brands_and_products.php","meta":[],"acf":[],"_links":{"self":[{"href":"https:\/\/archiwum.selena.com\/pl\/wp-json\/wp\/v2\/pages\/1969"}],"collection":[{"href":"https:\/\/archiwum.selena.com\/pl\/wp-json\/wp\/v2\/pages"}],"about":[{"href":"https:\/\/archiwum.selena.com\/pl\/wp-json\/wp\/v2\/types\/page"}],"author":[{"embeddable":true,"href":"https:\/\/archiwum.selena.com\/pl\/wp-json\/wp\/v2\/users\/1"}],"replies":[{"embeddable":true,"href":"https:\/\/archiwum.selena.com\/pl\/wp-json\/wp\/v2\/comments?post=1969"}],"version-history":[{"count":9,"href":"https:\/\/archiwum.selena.com\/pl\/wp-json\/wp\/v2\/pages\/1969\/revisions"}],"predecessor-version":[{"id":13714,"href":"https:\/\/archiwum.selena.com\/pl\/wp-json\/wp\/v2\/pages\/1969\/revisions\/13714"}],"up":[{"embeddable":true,"href":"https:\/\/archiwum.selena.com\/pl\/wp-json\/wp\/v2\/pages\/30"}],"wp:featuredmedia":[{"embeddable":true,"href":"https:\/\/archiwum.selena.com\/pl\/wp-json\/wp\/v2\/media\/13712"}],"wp:attachment":[{"href":"https:\/\/archiwum.selena.com\/pl\/wp-json\/wp\/v2\/media?parent=1969"}],"curies":[{"name":"wp","href":"https:\/\/api.w.org\/{rel}","templated":true}]}}