{"id":1959,"date":"2021-01-28T12:04:07","date_gmt":"2021-01-28T12:04:07","guid":{"rendered":"http:\/\/selena.vot.pl\/?page_id=1959"},"modified":"2021-02-11T12:37:18","modified_gmt":"2021-02-11T12:37:18","slug":"sciany-i-sufity","status":"publish","type":"page","link":"https:\/\/archiwum.selena.com\/pl\/marki-i-produkty\/sciany-i-sufity\/","title":{"rendered":"\u015aciany i sufity"},"content":{"rendered":"\n<h2 class=\"has-text-align-center header_medium text-center\">\u015aciany i sufity<\/h2>\n\n\n\n<figure class=\"wp-block-image alignwide size-large\"><img decoding=\"async\" loading=\"lazy\" width=\"960\" height=\"205\" src=\"https:\/\/selena.com\/wp-content\/uploads\/sciany_sufity1.png\" alt=\"\" class=\"wp-image-1961\" srcset=\"https:\/\/archiwum.selena.com\/wp-content\/uploads\/sciany_sufity1.png 960w, https:\/\/archiwum.selena.com\/wp-content\/uploads\/sciany_sufity1-300x64.png 300w, https:\/\/archiwum.selena.com\/wp-content\/uploads\/sciany_sufity1-768x164.png 768w\" sizes=\"(max-width: 960px) 100vw, 960px\" \/><\/figure>\n\n\n\n<div class=\"is-layout-flex wp-container-3 wp-block-columns has-background\" style=\"background-color:#103b5f\">\n<div class=\"is-layout-flow wp-block-column\" style=\"flex-basis:66.66%\">\n<p class=\"has-text-align-center has-white-color has-text-color\"><strong>DO ZROBIENIA:<\/strong><\/p>\n<\/div>\n\n\n\n<div class=\"is-layout-flow wp-block-column\" style=\"flex-basis:33.33%\">\n<p class=\"has-text-align-center has-white-color has-text-color\"><strong>POLECANE PRODUKTY:<\/strong><\/p>\n<\/div>\n<\/div>\n\n\n\n<div class=\"is-layout-flex wp-container-6 wp-block-columns has-background\" style=\"background-color:#ffffff\">\n<div class=\"is-layout-flow wp-block-column is-vertically-aligned-center\" style=\"flex-basis:66.66%\">\n<p>Mocowanie element\u00f3w konstrukcyjnych, budowanie \u015bcian no\u015bnych i dzia\u0142owych<\/p>\n<\/div>\n\n\n\n<div class=\"is-layout-flow wp-block-column\" style=\"flex-basis:33.33%\">\n<p>Zaprawa murarska cienkowarstwowa<\/p>\n<\/div>\n<\/div>\n\n\n\n<div class=\"is-layout-flex wp-container-9 wp-block-columns has-background\" style=\"background-color:#ffffff\">\n<div class=\"is-layout-flow wp-block-column is-vertically-aligned-center\" style=\"flex-basis:66.66%\">\n<p>Mocowanie wewn\u0119trznych element\u00f3w dekoracyjnych<\/p>\n<\/div>\n\n\n\n<div class=\"is-layout-flow wp-block-column\" style=\"flex-basis:33.33%\">\n<p>Styro Uni Klej do monta\u017cu p\u0142yt izolacyjnych i dekoracyjnych<\/p>\n<\/div>\n<\/div>\n\n\n\n<div class=\"is-layout-flex wp-container-12 wp-block-columns has-background\" style=\"background-color:#ffffff\">\n<div class=\"is-layout-flow wp-block-column is-vertically-aligned-center\" style=\"flex-basis:66.66%\">\n<p>Mocowanie i uszczelnianie p\u0142yt G-K<\/p>\n<\/div>\n\n\n\n<div class=\"is-layout-flow wp-block-column\" style=\"flex-basis:33.33%\">\n<p>Pistoletowy Piano-Klej Poliuretanowy Drywall<br>Styro Uni Klej do monta\u017cu p\u0142yt izolacyjnych i dekoracyjnych<\/p>\n<\/div>\n<\/div>\n\n\n\n<div class=\"is-layout-flex wp-container-15 wp-block-columns has-background\" style=\"background-color:#ffffff\">\n<div class=\"is-layout-flow wp-block-column is-vertically-aligned-center\" style=\"flex-basis:66.66%\">\n<p>Wzmacnianie p\u0142yt G-K<\/p>\n<\/div>\n\n\n\n<div class=\"is-layout-flow wp-block-column\" style=\"flex-basis:33.33%\">\n<p>Siatka z w\u0142\u00f3kna szklanego<\/p>\n<\/div>\n<\/div>\n\n\n\n<div class=\"is-layout-flex wp-container-18 wp-block-columns has-background\" style=\"background-color:#ffffff\">\n<div class=\"is-layout-flow wp-block-column is-vertically-aligned-center\" style=\"flex-basis:66.66%\">\n<p>Wzmacnianie po\u0142\u0105cze\u0144 mi\u0119dzy p\u0142ytami G-K<\/p>\n<\/div>\n\n\n\n<div class=\"is-layout-flow wp-block-column\" style=\"flex-basis:33.33%\">\n<p>Ta\u015bma monta\u017cowa<\/p>\n<\/div>\n<\/div>\n\n\n\n<div class=\"is-layout-flex wp-container-21 wp-block-columns has-background\" style=\"background-color:#ffffff\">\n<div class=\"is-layout-flow wp-block-column is-vertically-aligned-center\" style=\"flex-basis:66.66%\">\n<p>Wzmacnianie p\u0142yt G-K<\/p>\n<\/div>\n\n\n\n<div class=\"is-layout-flow wp-block-column\" style=\"flex-basis:33.33%\">\n<p>Akryl do p\u0142yt G-K<\/p>\n<\/div>\n<\/div>\n\n\n\n<div class=\"is-layout-flex wp-container-24 wp-block-columns has-background\" style=\"background-color:#ffffff\">\n<div class=\"is-layout-flow wp-block-column is-vertically-aligned-center\" style=\"flex-basis:66.66%\">\n<p>Uszczelnianie p\u0142yt G-K<\/p>\n<\/div>\n\n\n\n<div class=\"is-layout-flow wp-block-column\" style=\"flex-basis:33.33%\">\n<p>Siatka z w\u0142\u00f3kna szklanego<\/p>\n<\/div>\n<\/div>\n\n\n\n<div class=\"is-layout-flex wp-container-27 wp-block-columns has-background\" style=\"background-color:#ffffff\">\n<div class=\"is-layout-flow wp-block-column is-vertically-aligned-center\" style=\"flex-basis:66.66%\">\n<p>Uszczelnianie \u0142\u0105czy mi\u0119dzy \u015bcian\u0105 i sufitem<\/p>\n<\/div>\n\n\n\n<div class=\"is-layout-flow wp-block-column\" style=\"flex-basis:33.33%\">\n<p>Akryl Uniwersalny<\/p>\n<\/div>\n<\/div>\n\n\n\n<div class=\"is-layout-flex wp-container-30 wp-block-columns has-background\" style=\"background-color:#ffffff\">\n<div class=\"is-layout-flow wp-block-column is-vertically-aligned-center\" style=\"flex-basis:66.66%\">\n<p>Uszczelnianie i wype\u0142nianie szpar w \u015bcianach, tynkach itp.<\/p>\n<\/div>\n\n\n\n<div class=\"is-layout-flow wp-block-column\" style=\"flex-basis:33.33%\">\n<p>Akryl szpachlowy szybki<\/p>\n<\/div>\n<\/div>\n\n\n\n<div class=\"is-layout-flex wp-container-33 wp-block-columns has-background\" style=\"background-color:#ffffff\">\n<div class=\"is-layout-flow wp-block-column is-vertically-aligned-center\" style=\"flex-basis:66.66%\">\n<p>Wype\u0142nianie p\u0119kni\u0119\u0107 i szpar w \u015bcianach<\/p>\n<\/div>\n\n\n\n<div class=\"is-layout-flow wp-block-column\" style=\"flex-basis:33.33%\">\n<p>Akryl szpachlowy<\/p>\n<\/div>\n<\/div>\n\n\n\n<div class=\"is-layout-flex wp-container-36 wp-block-columns has-background\" style=\"background-color:#ffffff\">\n<div class=\"is-layout-flow wp-block-column is-vertically-aligned-center\" style=\"flex-basis:66.66%\">\n<p>Wype\u0142nianie szpar, p\u0119kni\u0119\u0107, szczelin w \u015bcianach i sufitach<\/p>\n<\/div>\n\n\n\n<div class=\"is-layout-flow wp-block-column\" style=\"flex-basis:33.33%\">\n<p>Piana w\u0119\u017cykowa HD<br>Piana monta\u017cowa O<sub>2<\/sub>\u00a0STD<br>Piana monta\u017cowa O<sub>2<\/sub>\u00a0LEXY 60\/40\/20 wielosezonowa<\/p>\n<\/div>\n<\/div>\n\n\n\n<div class=\"is-layout-flex wp-container-39 wp-block-columns has-background\" style=\"background-color:#ffffff\">\n<div class=\"is-layout-flow wp-block-column is-vertically-aligned-center\" style=\"flex-basis:66.66%\">\n<p>Ognioodporne uszczelnienie otwor\u00f3w w \u015bcianach i sufitach<\/p>\n<\/div>\n\n\n\n<div class=\"is-layout-flow wp-block-column\" style=\"flex-basis:33.33%\">\n<p>Piana poliuretanowa Fire Block<br>Pistoletowa piana poliuretanowa Fire Block<\/p>\n<\/div>\n<\/div>\n\n\n\n<div class=\"is-layout-flex wp-container-42 wp-block-columns has-background\" style=\"background-color:#ffffff\">\n<div class=\"is-layout-flow wp-block-column is-vertically-aligned-center\" style=\"flex-basis:66.66%\">\n<p>Tynkowanie \u015bcian wewn\u0119trznych<\/p>\n<\/div>\n\n\n\n<div class=\"is-layout-flow wp-block-column\" style=\"flex-basis:33.33%\">\n<p>Tynk natryskowy E<br>Tynk cienkowarstwowy E<br>Tynk natryskowy EO<br>Tynk cienkowarstwowy EO<br>Tynk natryskowy EOS<br>Tynk cienkowarstwowy EOS<br>Tynk cienkowarstwowy OS mineralny<br>Mozaikowy tynk dekoracyjny E<\/p>\n<\/div>\n<\/div>\n\n\n\n<div class=\"is-layout-flex wp-container-45 wp-block-columns has-background\" style=\"background-color:#ffffff\">\n<div class=\"is-layout-flow wp-block-column is-vertically-aligned-center\" style=\"flex-basis:66.66%\">\n<p>Tynkowanie powierzchni nara\u017conych na uszkodzenia mechaniczne: przy wej\u015bciach, w korytarzach, biurowe klatki schodowe, budynki mieszkalne, budynki u\u017cyteczno\u015bci publicznej, balustrady, balkony, okolice okien i drzwi<\/p>\n<\/div>\n\n\n\n<div class=\"is-layout-flow wp-block-column\" style=\"flex-basis:33.33%\">\n<p>Mozaikowy tynk dekoracyjny E<\/p>\n<\/div>\n<\/div>\n\n\n\n<div class=\"is-layout-flex wp-container-48 wp-block-columns has-background\" style=\"background-color:#ffffff\">\n<div class=\"is-layout-flow wp-block-column is-vertically-aligned-center\" style=\"flex-basis:66.66%\">\n<p>Wyko\u0144czenie \u015bcian wewn\u0119trznych &#8211; wyr\u00f3wnywanie powierzchni<\/p>\n<\/div>\n\n\n\n<div class=\"is-layout-flow wp-block-column\" style=\"flex-basis:33.33%\">\n<p>NEO Finish<\/p>\n<\/div>\n<\/div>\n\n\n\n<div class=\"is-layout-flex wp-container-51 wp-block-columns has-background\" style=\"background-color:#ffffff\">\n<div class=\"is-layout-flow wp-block-column is-vertically-aligned-center\" style=\"flex-basis:66.66%\">\n<p>Gruntowanie \u015bcian przed malowaniem<\/p>\n<\/div>\n\n\n\n<div class=\"is-layout-flow wp-block-column\" style=\"flex-basis:33.33%\">\n<p>Ta\u015bma maskuj\u0105ca malarska<\/p>\n<\/div>\n<\/div>\n\n\n\n<div class=\"is-layout-flex wp-container-54 wp-block-columns has-background\" style=\"background-color:#ffffff\">\n<div class=\"is-layout-flow wp-block-column is-vertically-aligned-center\" style=\"flex-basis:66.66%\">\n<p>Malowanie \u015bcian<\/p>\n<\/div>\n\n\n\n<div class=\"is-layout-flow wp-block-column\" style=\"flex-basis:33.33%\">\n<p>Farba elewacyjna E akrylowa<br>Farba elewacyjna EO zolokrzemowa<br>Farba Elewacyjna EOS Silikonowa<\/p>\n<\/div>\n<\/div>\n\n\n\n<div class=\"is-layout-flex wp-container-57 wp-block-columns has-background\" style=\"background-color:#ffffff\">\n<div class=\"is-layout-flow wp-block-column is-vertically-aligned-center\" style=\"flex-basis:66.66%\">\n<p>Malowanie \u015bcian wewn\u0119trznych i sufit\u00f3w &#8211; du\u017ce bia\u0142e powierzchnie<\/p>\n<\/div>\n\n\n\n<div class=\"is-layout-flow wp-block-column\" style=\"flex-basis:33.33%\">\n<p>Neo Invest<\/p>\n<\/div>\n<\/div>\n\n\n\n<div class=\"is-layout-flex wp-container-60 wp-block-columns has-background\" style=\"background-color:#ffffff\">\n<div class=\"is-layout-flow wp-block-column is-vertically-aligned-center\" style=\"flex-basis:66.66%\">\n<p>Malowanie \u015bcian wewn\u0119trznych i sufit\u00f3w, szczeg\u00f3lnie w &#8222;suchych&#8221; pomieszczeniach, takich jak salony, jadalnie, sypialnie, korytarze, biura, sale konferencyjne<\/p>\n<\/div>\n\n\n\n<div class=\"is-layout-flow wp-block-column\" style=\"flex-basis:33.33%\">\n<p>Neo Regular<\/p>\n<\/div>\n<\/div>\n\n\n\n<div class=\"is-layout-flex wp-container-63 wp-block-columns has-background\" style=\"background-color:#ffffff\">\n<div class=\"is-layout-flow wp-block-column is-vertically-aligned-center\" style=\"flex-basis:66.66%\">\n<p>Malowanie \u015bcian wewn\u0119trznych i sufit\u00f3w: pojedyncza warstwa farby<\/p>\n<\/div>\n\n\n\n<div class=\"is-layout-flow wp-block-column\" style=\"flex-basis:33.33%\">\n<p>Neo Express<\/p>\n<\/div>\n<\/div>\n\n\n\n<div class=\"is-layout-flex wp-container-66 wp-block-columns has-background\" style=\"background-color:#ffffff\">\n<div class=\"is-layout-flow wp-block-column is-vertically-aligned-center\" style=\"flex-basis:66.66%\">\n<p>Malowanie \u015bcian wewn\u0119trznych i sufit\u00f3w: szczeg\u00f3lnie w mocno eksploatowanych pomieszczeniach takich jak kuchnie i jadalnie, restauracje, biura, r\u00f3wnie\u017c w miejscach, gdzie jest wymagana wysokoa odporno\u015b\u0107 na mycie i szorowanie<\/p>\n<\/div>\n\n\n\n<div class=\"is-layout-flow wp-block-column\" style=\"flex-basis:33.33%\">\n<p>Neo Latex<\/p>\n<\/div>\n<\/div>\n\n\n\n<div class=\"is-layout-flex wp-container-69 wp-block-columns has-background\" style=\"background-color:#ffffff\">\n<div class=\"is-layout-flow wp-block-column is-vertically-aligned-center\" style=\"flex-basis:66.66%\">\n<p>Malowanie \u015bcian wewn\u0119trznych i sufit\u00f3w, szczeg\u00f3lnie w miejscach o podwy\u017cszonej wilgotno\u015bci takich jak \u0142azienki, baseny, kuchnie, jak i we wszystkich pomieszczeniach budynk\u00f3w systemu dry-building<\/p>\n<\/div>\n\n\n\n<div class=\"is-layout-flow wp-block-column\" style=\"flex-basis:33.33%\">\n<p>Neo Mineral<\/p>\n<\/div>\n<\/div>\n\n\n\n<div class=\"is-layout-flex wp-container-72 wp-block-columns has-background\" style=\"background-color:#ffffff\">\n<div class=\"is-layout-flow wp-block-column is-vertically-aligned-center\" style=\"flex-basis:66.66%\">\n<p>Wype\u0142nianie szczelin i dziur, wyr\u00f3wnywanie powierzchni pionowych i poziomych<\/p>\n<\/div>\n\n\n\n<div class=\"is-layout-flow wp-block-column\" style=\"flex-basis:33.33%\">\n<p>Zaprawa wyr\u00f3wnuj\u0105ca TEO124<\/p>\n<\/div>\n<\/div>\n\n\n\n<div class=\"is-layout-flex wp-container-75 wp-block-columns has-background\" style=\"background-color:#ffffff\">\n<div class=\"is-layout-flow wp-block-column is-vertically-aligned-center\" style=\"flex-basis:66.66%\">\n<p>Wznoszenie \u015bcian no\u015bnych i dzia\u0142owych metod\u0105 cienkowarstwow\u0105, wyg\u0142adzanie, wype\u0142nianie dziur i wyr\u00f3wnywanie \u015bcian z betonu kom\u00f3rkowego<\/p>\n<\/div>\n\n\n\n<div class=\"is-layout-flow wp-block-column\" style=\"flex-basis:33.33%\">\n<p>Cienkowarstwowa zaprawa murarska TEO224<\/p>\n<\/div>\n<\/div>\n\n\n\n<div class=\"is-layout-flex wp-container-78 wp-block-columns has-background\" style=\"background-color:#ffffff\">\n<div class=\"is-layout-flow wp-block-column is-vertically-aligned-center\" style=\"flex-basis:66.66%\">\n<p>Budowanie fasad, \u015bcian wewn\u0119trznych i zewn\u0119trznych oraz innych element\u00f3w architektonicznych z cegie\u0142 klinkierowych<\/p>\n<\/div>\n\n\n\n<div class=\"is-layout-flow wp-block-column\" style=\"flex-basis:33.33%\">\n<p>Zaprawa do klinkieru TEO234<\/p>\n<\/div>\n<\/div>\n\n\n\n<div class=\"is-layout-flex wp-container-81 wp-block-columns has-background\" style=\"background-color:#ffffff\">\n<div class=\"is-layout-flow wp-block-column is-vertically-aligned-center\" style=\"flex-basis:66.66%\">\n<p>Przygotowanie pod\u0142o\u017ca przed zastosowaniem tynku cemnetowo-wapiennego w celu wyr\u00f3wnania jego ch\u0142onno\u015bci i poprawy przyczepno\u015bci tynku do \u015bcian i sufit\u00f3w<\/p>\n<\/div>\n\n\n\n<div class=\"is-layout-flow wp-block-column\" style=\"flex-basis:33.33%\">\n<p>Zaprawa do obrzutki wst\u0119pnej TEO314<\/p>\n<\/div>\n<\/div>\n\n\n\n<div class=\"is-layout-flex wp-container-84 wp-block-columns has-background\" style=\"background-color:#ffffff\">\n<div class=\"is-layout-flow wp-block-column is-vertically-aligned-center\" style=\"flex-basis:66.66%\">\n<p>Tynkowanie mechaniczne, polecany jako tynk bazowy<\/p>\n<\/div>\n\n\n\n<div class=\"is-layout-flow wp-block-column\" style=\"flex-basis:33.33%\">\n<p>Tynk maszynowy TEO324<\/p>\n<\/div>\n<\/div>\n\n\n\n<div class=\"is-layout-flex wp-container-87 wp-block-columns has-background\" style=\"background-color:#ffffff\">\n<div class=\"is-layout-flow wp-block-column is-vertically-aligned-center\" style=\"flex-basis:66.66%\">\n<p>Tynkowanie mechaniczne, tynk drobnoziarnisty, szczeg\u00f3lnie polecany do materia\u0142\u00f3w lekkich (beton kom\u00f3rkowy) z du\u017c\u0105 ch\u0142onno\u015bci\u0105 (bloczki silikatowe)<\/p>\n<\/div>\n\n\n\n<div class=\"is-layout-flow wp-block-column\" style=\"flex-basis:33.33%\">\n<p>Lekki tynk maszynowy TEO334<\/p>\n<\/div>\n<\/div>\n\n\n\n<div class=\"is-layout-flex wp-container-90 wp-block-columns has-background\" style=\"background-color:#ffffff\">\n<div class=\"is-layout-flow wp-block-column is-vertically-aligned-center\" style=\"flex-basis:66.66%\">\n<p>Instalacja \u015bciennych p\u0142ytek ceramicznych<\/p>\n<\/div>\n\n\n\n<div class=\"is-layout-flow wp-block-column\" style=\"flex-basis:33.33%\">\n<p>Uniwersalny klej do p\u0142ytek A136<br>Klej do p\u0142ytek standardowych G236<br>Klej do p\u0142ytek gresowych E336<br>Szybkowi\u0105\u017c\u0105cy klej GE436<br>Mocny klej elastyczny EA536<br>Mocny klej wysokoelastyczny GEA736<br>Bia\u0142y klej z trasem GEA836<\/p>\n<\/div>\n<\/div>\n\n\n\n<div class=\"is-layout-flex wp-container-93 wp-block-columns has-background\" style=\"background-color:#ffffff\">\n<div class=\"is-layout-flow wp-block-column is-vertically-aligned-center\" style=\"flex-basis:66.66%\">\n<p>Mocowanie kaseton\u00f3w, rozet i gzyms\u00f3w z gipsu lub poliuretanu<\/p>\n<\/div>\n\n\n\n<div class=\"is-layout-flow wp-block-column\" style=\"flex-basis:33.33%\">\n<p>Multi fix klej monta\u017cowy<br>Klej neoprenowy<br>Klej polistyrenowy<br>Klej monta\u017cowy SBS<\/p>\n<\/div>\n<\/div>\n\n\n\n<div class=\"is-layout-flex wp-container-96 wp-block-columns has-background\" style=\"background-color:#ffffff\">\n<div class=\"is-layout-flow wp-block-column is-vertically-aligned-center\" style=\"flex-basis:66.66%\">\n<p>Mocowanie r\u00f3\u017cnorodnych ci\u0119\u017ckich element\u00f3w wyko\u0144czeniowych (w tym p\u0142ytek ceramicznych)<\/p>\n<\/div>\n\n\n\n<div class=\"is-layout-flow wp-block-column\" style=\"flex-basis:33.33%\">\n<p>FIX\u00b2 Rapid klej High Tack Klej do glazury i terakoty<\/p>\n<\/div>\n<\/div>\n\n\n\n<div class=\"is-layout-flex wp-container-99 wp-block-columns has-background\" style=\"background-color:#ffffff\">\n<div class=\"is-layout-flow wp-block-column is-vertically-aligned-center\" style=\"flex-basis:66.66%\">\n<p>Mocowanie listew, paneli, boazerii naturalnych i z tworzywa<\/p>\n<\/div>\n\n\n\n<div class=\"is-layout-flow wp-block-column\" style=\"flex-basis:33.33%\">\n<p>Klej monta\u017cowy SBS<br>Multi fix klej monta\u017cowy<br>Classic fix klej monta\u017cowy<br>Klej monta\u017cowy Hydro Fix<\/p>\n<\/div>\n<\/div>\n\n\n\n<div class=\"is-layout-flex wp-container-102 wp-block-columns has-background\" style=\"background-color:#ffffff\">\n<div class=\"is-layout-flow wp-block-column is-vertically-aligned-center\" style=\"flex-basis:66.66%\">\n<p>Mocowanie luster i element\u00f3w szklanych<\/p>\n<\/div>\n\n\n\n<div class=\"is-layout-flow wp-block-column\" style=\"flex-basis:33.33%\">\n<p>Klej do luster<\/p>\n<\/div>\n<\/div>\n\n\n\n<div class=\"is-layout-flex wp-container-105 wp-block-columns has-background\" style=\"background-color:#ffffff\">\n<div class=\"is-layout-flow wp-block-column is-vertically-aligned-center\" style=\"flex-basis:66.66%\">\n<p>Mocowanie cie\u017ckich przedmiot\u00f3w na \u015bcianach i sufitach (telewizory, por\u0119cze, rolety, itp.)<\/p>\n<\/div>\n\n\n\n<div class=\"is-layout-flow wp-block-column\" style=\"flex-basis:33.33%\">\n<p>Evolution I \u017cywica poliestrowa bez styrenu<\/p>\n<\/div>\n<\/div>\n\n\n\n<div class=\"is-layout-flex wp-container-108 wp-block-columns has-background\" style=\"background-color:#ffffff\">\n<div class=\"is-layout-flow wp-block-column is-vertically-aligned-center\" style=\"flex-basis:66.66%\">\n<p>Usuwanie ple\u015bni<\/p>\n<\/div>\n\n\n\n<div class=\"is-layout-flow wp-block-column\" style=\"flex-basis:33.33%\">\n<p>\u015arodek grzybob\u00f3jczy<\/p>\n<\/div>\n<\/div>\n\n\n\n<figure class=\"wp-block-image alignwide size-large\"><img decoding=\"async\" loading=\"lazy\" width=\"960\" height=\"205\" src=\"https:\/\/selena.com\/wp-content\/uploads\/sciany_sufity2.png\" alt=\"\" class=\"wp-image-1964\" srcset=\"https:\/\/archiwum.selena.com\/wp-content\/uploads\/sciany_sufity2.png 960w, https:\/\/archiwum.selena.com\/wp-content\/uploads\/sciany_sufity2-300x64.png 300w, https:\/\/archiwum.selena.com\/wp-content\/uploads\/sciany_sufity2-768x164.png 768w\" sizes=\"(max-width: 960px) 100vw, 960px\" \/><\/figure>\n\n\n\n<p><\/p>\n","protected":false},"excerpt":{"rendered":"<p>\u015aciany i sufity DO ZROBIENIA: POLECANE PRODUKTY: Mocowanie element\u00f3w konstrukcyjnych, budowanie \u015bcian no\u015bnych i dzia\u0142owych Zaprawa murarska cienkowarstwowa Mocowanie wewn\u0119trznych element\u00f3w dekoracyjnych Styro Uni Klej do monta\u017cu p\u0142yt izolacyjnych i dekoracyjnych Mocowanie i uszczelnianie p\u0142yt&#8230;<\/p>\n","protected":false},"author":1,"featured_media":1960,"parent":30,"menu_order":1,"comment_status":"closed","ping_status":"closed","template":"templates\/single-brands_and_products.php","meta":[],"acf":[],"_links":{"self":[{"href":"https:\/\/archiwum.selena.com\/pl\/wp-json\/wp\/v2\/pages\/1959"}],"collection":[{"href":"https:\/\/archiwum.selena.com\/pl\/wp-json\/wp\/v2\/pages"}],"about":[{"href":"https:\/\/archiwum.selena.com\/pl\/wp-json\/wp\/v2\/types\/page"}],"author":[{"embeddable":true,"href":"https:\/\/archiwum.selena.com\/pl\/wp-json\/wp\/v2\/users\/1"}],"replies":[{"embeddable":true,"href":"https:\/\/archiwum.selena.com\/pl\/wp-json\/wp\/v2\/comments?post=1959"}],"version-history":[{"count":3,"href":"https:\/\/archiwum.selena.com\/pl\/wp-json\/wp\/v2\/pages\/1959\/revisions"}],"predecessor-version":[{"id":13139,"href":"https:\/\/archiwum.selena.com\/pl\/wp-json\/wp\/v2\/pages\/1959\/revisions\/13139"}],"up":[{"embeddable":true,"href":"https:\/\/archiwum.selena.com\/pl\/wp-json\/wp\/v2\/pages\/30"}],"wp:featuredmedia":[{"embeddable":true,"href":"https:\/\/archiwum.selena.com\/pl\/wp-json\/wp\/v2\/media\/1960"}],"wp:attachment":[{"href":"https:\/\/archiwum.selena.com\/pl\/wp-json\/wp\/v2\/media?parent=1959"}],"curies":[{"name":"wp","href":"https:\/\/api.w.org\/{rel}","templated":true}]}}