{"id":1912,"date":"2021-01-27T10:20:29","date_gmt":"2021-01-27T10:20:29","guid":{"rendered":"http:\/\/selena.vot.pl\/?page_id=1912"},"modified":"2021-05-28T07:41:47","modified_gmt":"2021-05-28T07:41:47","slug":"andrzej-kramer","status":"publish","type":"page","link":"https:\/\/archiwum.selena.com\/pl\/grupa-selena\/organizacja\/rada-nadzorcza\/andrzej-kramer\/","title":{"rendered":"Andrzej Kr\u00e4mer"},"content":{"rendered":"\n<div class=\"is-layout-flex wp-container-3 wp-block-columns\">\n<div class=\"is-layout-flow wp-block-column\">\n<p>Andrzej Kr\u00e4mer jest absolwentem Wydzia\u0142u In\u017cynierii Sanitarnej Politechniki Warszawskiej i managerem wy\u017cszego szczebla z trzydziestoletnim do\u015bwiadczeniem w sprzeda\u017cy, operacjach i og\u00f3lnym zarz\u0105dzaniu, obejmuj\u0105cym szeroki zakres rynk\u00f3w w bran\u017cy grzewczej i sanitarnej.<\/p>\n\n\n\n<p>Karier\u0119 zawodow\u0105 zaczyna\u0142 w 1989 roku od w\u0142asnej firmy specjalizuj\u0105cej si\u0119 w us\u0142ugach hydraulicznych, nast\u0119pnie w\u00a01991 roku rozpocz\u0105\u0142 prac\u0119 w firmie Danfoss.<\/p>\n\n\n\n<p>Przeszed\u0142 \u015bcie\u017ck\u0119 kariery od Dyrektora Sprzeda\u017cy w polskim Danfoss, nast\u0119pnie pe\u0142ni\u0142 funkcj\u0119 Dyrektora Zarz\u0105dzaj\u0105cego w Danfoss Plumbing Controls w Szwecji, sk\u0105d przeni\u00f3s\u0142 si\u0119 do Danii, gdzie by\u0142 Dyrektorem Regionalnym i potem Wiceprezesem Danfoss A\/S Hydronic Balancing. Nast\u0119pnie, r\u00f3wnie\u017c w Danii, przeni\u00f3s\u0142 si\u0119 do\u00a0Danfoss A\/S, Residential Heating, gdzie zajmowa\u0142 funkcj\u0119 Wiceprezesa. W latach 2017-2018 pe\u0142ni\u0142 funkcj\u0119 CEO w\u00a0Marmite Sp. z o.o., b\u0119d\u0105cej czo\u0142owym europejskim producentem umywalek, brodzik\u00f3w i wanien wykonanych z\u00a0materia\u0142u Mineral Composite.<\/p>\n<\/div>\n\n\n\n<div class=\"is-layout-flow wp-block-column\">\n<p>Od 1 wrze\u015bnia 2018 roku pe\u0142ni funkcj\u0119 Dyrektora Sprzeda\u017cy jako CCO (Chief Commercial Officer) w Logstor A\/S z\u00a0siedzib\u0105 w Danii, sp\u00f3\u0142ce b\u0119d\u0105cej tw\u00f3rc\u0105 pionierskich rozwi\u0105za\u0144 w dziedzinie ogrzewania zdalaczynnego. Firma tworzy energooszcz\u0119dne i zr\u00f3wnowa\u017cone systemy, zar\u00f3wno te s\u0142u\u017c\u0105ce do transportu cieczy i gaz\u00f3w dla ogrzewania i\u00a0ch\u0142odzenia zdalaczynnego oraz sektora przesy\u0142owego, jak i dla bran\u017cy ropy naftowej i gazu.<\/p>\n\n\n\n<p>W dniu 14 czerwca 2018 roku uchwa\u0142\u0105 Zwyczajnego Walnego Zgromadzenia Akcjonariuszy Selena FM S.A. zosta\u0142 powo\u0142any w sk\u0142ad Rady Nadzorczej Sp\u00f3\u0142ki. Zgodnie z uchwa\u0142\u0105 Nadzwyczajnego Walnego Zgromadzenia Akcjonariuszy Selena FM S.A. podj\u0119t\u0105 w dniu 28 lutego 2019 roku pe\u0142ni\u0142 funkcj\u0119 Przewodnicz\u0105cego Rady Nadzorczej Sp\u00f3\u0142ki.<\/p>\n\n\n\n<p>W dniu 27 maja 2021 roku uchwa\u0142\u0105 Zwyczajnego Walnego Zgromadzenia Akcjonariuszy Selena FM S.A. zosta\u0142 powo\u0142any w sk\u0142ad Rady Nadzorczej Sp\u00f3\u0142ki na kolejn\u0105 kadencj\u0119 i powierzono mu wykonywanie obowi\u0105zk\u00f3w Przewodnicz\u0105cego Rady Nadzorczej Sp\u00f3\u0142ki.<\/p>\n<\/div>\n<\/div>\n","protected":false},"excerpt":{"rendered":"<p>Andrzej Kr\u00e4mer jest absolwentem Wydzia\u0142u In\u017cynierii Sanitarnej Politechniki Warszawskiej i managerem wy\u017cszego szczebla z trzydziestoletnim do\u015bwiadczeniem w sprzeda\u017cy, operacjach i og\u00f3lnym zarz\u0105dzaniu, obejmuj\u0105cym szeroki zakres rynk\u00f3w w bran\u017cy grzewczej i sanitarnej. Karier\u0119 zawodow\u0105 zaczyna\u0142 w&#8230;<\/p>\n","protected":false},"author":1,"featured_media":1913,"parent":1886,"menu_order":1,"comment_status":"closed","ping_status":"closed","template":"templates\/single-authorite.php","meta":[],"acf":[],"_links":{"self":[{"href":"https:\/\/archiwum.selena.com\/pl\/wp-json\/wp\/v2\/pages\/1912"}],"collection":[{"href":"https:\/\/archiwum.selena.com\/pl\/wp-json\/wp\/v2\/pages"}],"about":[{"href":"https:\/\/archiwum.selena.com\/pl\/wp-json\/wp\/v2\/types\/page"}],"author":[{"embeddable":true,"href":"https:\/\/archiwum.selena.com\/pl\/wp-json\/wp\/v2\/users\/1"}],"replies":[{"embeddable":true,"href":"https:\/\/archiwum.selena.com\/pl\/wp-json\/wp\/v2\/comments?post=1912"}],"version-history":[{"count":4,"href":"https:\/\/archiwum.selena.com\/pl\/wp-json\/wp\/v2\/pages\/1912\/revisions"}],"predecessor-version":[{"id":14942,"href":"https:\/\/archiwum.selena.com\/pl\/wp-json\/wp\/v2\/pages\/1912\/revisions\/14942"}],"up":[{"embeddable":true,"href":"https:\/\/archiwum.selena.com\/pl\/wp-json\/wp\/v2\/pages\/1886"}],"wp:featuredmedia":[{"embeddable":true,"href":"https:\/\/archiwum.selena.com\/pl\/wp-json\/wp\/v2\/media\/1913"}],"wp:attachment":[{"href":"https:\/\/archiwum.selena.com\/pl\/wp-json\/wp\/v2\/media?parent=1912"}],"curies":[{"name":"wp","href":"https:\/\/api.w.org\/{rel}","templated":true}]}}