{"id":1908,"date":"2021-01-27T09:50:37","date_gmt":"2021-01-27T09:50:37","guid":{"rendered":"http:\/\/selena.vot.pl\/?page_id=1908"},"modified":"2021-10-01T07:10:05","modified_gmt":"2021-10-01T07:10:05","slug":"andrzej-zygadlo","status":"publish","type":"page","link":"https:\/\/archiwum.selena.com\/pl\/grupa-selena\/organizacja\/zarzad-spolki\/andrzej-zygadlo\/","title":{"rendered":"Andrzej Zygad\u0142o"},"content":{"rendered":"\n<div class=\"is-layout-flex wp-container-3 wp-block-columns\">\n<div class=\"is-layout-flow wp-block-column\">\n<p>Andrzej Zygad\u0142o jest absolwentem Wydzia\u0142u Prawa na Uniwersytecie Wroc\u0142awskim, kt\u00f3ry uko\u0144czy\u0142 w 1996 r. Posiada ponad dwudziestoletnie do\u015bwiadczenie w zarz\u0105dzaniu zasobami ludzkimi. Podczas swojej kariery zawodowej bra\u0142 udzia\u0142 w specjalistycznych szkoleniach dla wy\u017cszej kadry menad\u017cerskiej, mi\u0119dzy innymi w firmach Goodyear i PPG.<\/p>\n\n\n\n<p>W latach 2008 \u2013 2011 pracowa\u0142 w firmie Goodyear, gdzie obj\u0105\u0142 stanowisko dyrektora personalnego w regionalnej centrali firmy w Pradze i odpowiada\u0142 za region Europy Po\u0142udniowo-Wschodniej, a nast\u0119pnie za region Polski i Ukrainy.<\/p>\n\n\n\n<p>W latach\u00a0 2012 \u2013 2018 pracowa\u0142 w firmie PPG, b\u0119d\u0105cej globalnym liderem w produkcji farb i lakier\u00f3w. Pe\u0142ni\u0142 funkcj\u0119 dyrektora personalnego, odpowiadaj\u0105cego za budowanie kultury organizacyjnej oraz wprowadzanie standard\u00f3w w\u00a0zarz\u0105dzaniu zasobami ludzkimi i rozwoju pracownik\u00f3w we wszystkich operacjach PPG na terenie Polski. <\/p>\n<\/div>\n\n\n\n<div class=\"is-layout-flow wp-block-column\">\n<p>Nast\u0119pnie obj\u0105\u0142 stanowisko regionalnego dyrektora personalnego na region Europy Centralnej oraz Bliskiego Wschodu. Odpowiada\u0142 za zasoby ludzkie w takich krajach jak: Polska, Czechy, S\u0142owacja, W\u0119gry, Rumunia, Rosja, Zjednoczone Emiraty Arabskie, Arabia Saudyjska oraz Turcja. By\u0142 odpowiedzialny za wprowadzanie kultury organizacyjnej firmy i\u00a0rozw\u00f3j pracownik\u00f3w. Bra\u0142 czynny udzia\u0142 w procesach integracyjnych nowo przejmowanych firm. Wsp\u00f3\u0142tworzy\u0142 i rozwija\u0142 globalne centra us\u0142ug wsp\u00f3lnych w Polsce i w Czechach, specjalizuj\u0105cych si\u0119 w obs\u0142udze klienta, zakupach, IT, ksi\u0119gowo\u015bci oraz HR. Kierowa\u0142 projektami mapowania i podnoszenia kompetencji zespo\u0142\u00f3w sprzeda\u017cowych.<\/p>\n\n\n\n<p>W 2019 roku do\u0142\u0105czy\u0142 do Seleny FM S.A. na stanowisku Globalnego Dyrektora HR, gdzie zbudowa\u0142 globalny zesp\u00f3\u0142 HR, aby&nbsp;realizowa\u0107 strategiczne cele firmy Selena poprzez budowanie przewagi konkurencyjnej w zasobach ludzkich, ze&nbsp;szczeg\u00f3lnym uwzgl\u0119dnieniem pozyskiwania talent\u00f3w, budowania zaanga\u017cowania oraz rozwoju pracownik\u00f3w.<\/p>\n\n\n\n<p>W dniu 23 wrze\u015bnia 2021 roku uchwa\u0142\u0105 Rady Nadzorczej Selena FM S.A. zosta\u0142 powo\u0142any z dniem 1 pa\u017adziernika 2021 roku w&nbsp;sk\u0142ad Zarz\u0105du Sp\u00f3\u0142ki jako Cz\u0142onek Zarz\u0105du ds. Personalnych.<\/p>\n<\/div>\n<\/div>\n","protected":false},"excerpt":{"rendered":"<p>Andrzej Zygad\u0142o jest absolwentem Wydzia\u0142u Prawa na Uniwersytecie Wroc\u0142awskim, kt\u00f3ry uko\u0144czy\u0142 w 1996 r. Posiada ponad dwudziestoletnie do\u015bwiadczenie w zarz\u0105dzaniu zasobami ludzkimi. Podczas swojej kariery zawodowej bra\u0142 udzia\u0142 w specjalistycznych szkoleniach dla wy\u017cszej kadry menad\u017cerskiej,&#8230;<\/p>\n","protected":false},"author":1,"featured_media":15545,"parent":1888,"menu_order":6,"comment_status":"closed","ping_status":"closed","template":"templates\/single-authorite.php","meta":[],"acf":[],"_links":{"self":[{"href":"https:\/\/archiwum.selena.com\/pl\/wp-json\/wp\/v2\/pages\/1908"}],"collection":[{"href":"https:\/\/archiwum.selena.com\/pl\/wp-json\/wp\/v2\/pages"}],"about":[{"href":"https:\/\/archiwum.selena.com\/pl\/wp-json\/wp\/v2\/types\/page"}],"author":[{"embeddable":true,"href":"https:\/\/archiwum.selena.com\/pl\/wp-json\/wp\/v2\/users\/1"}],"replies":[{"embeddable":true,"href":"https:\/\/archiwum.selena.com\/pl\/wp-json\/wp\/v2\/comments?post=1908"}],"version-history":[{"count":8,"href":"https:\/\/archiwum.selena.com\/pl\/wp-json\/wp\/v2\/pages\/1908\/revisions"}],"predecessor-version":[{"id":15553,"href":"https:\/\/archiwum.selena.com\/pl\/wp-json\/wp\/v2\/pages\/1908\/revisions\/15553"}],"up":[{"embeddable":true,"href":"https:\/\/archiwum.selena.com\/pl\/wp-json\/wp\/v2\/pages\/1888"}],"wp:featuredmedia":[{"embeddable":true,"href":"https:\/\/archiwum.selena.com\/pl\/wp-json\/wp\/v2\/media\/15545"}],"wp:attachment":[{"href":"https:\/\/archiwum.selena.com\/pl\/wp-json\/wp\/v2\/media?parent=1908"}],"curies":[{"name":"wp","href":"https:\/\/api.w.org\/{rel}","templated":true}]}}