{"id":1904,"date":"2021-01-27T09:47:54","date_gmt":"2021-01-27T09:47:54","guid":{"rendered":"http:\/\/selena.vot.pl\/?page_id=1904"},"modified":"2021-06-28T09:11:48","modified_gmt":"2021-06-28T09:11:48","slug":"jacek-michalak","status":"publish","type":"page","link":"https:\/\/archiwum.selena.com\/pl\/grupa-selena\/organizacja\/zarzad-spolki\/jacek-michalak\/","title":{"rendered":"Jacek Michalak"},"content":{"rendered":"\n<div class=\"is-layout-flex wp-container-3 wp-block-columns\">\n<div class=\"is-layout-flow wp-block-column\">\n<p>Jacek Michalak jest absolwentem Wydzia\u0142u Ekonomiczno-Socjologicznego Uniwersytetu \u0141\u00f3dzkiego, kierunku Finanse i\u00a0Bankowo\u015b\u0107. W czasie kariery zawodowej odbywa\u0142 szkolenia i kursy w znanych europejskich uczelniach biznesowych m.in. INSEAD, IMD, ESADE. W roku 2002 uko\u0144czy\u0142 INSEAD International Management Program i\u00a0uzyska\u0142 status \u201eINSEAD alumni\u201d.<\/p>\n\n\n\n<p>W latach 1992-1995 pracowa\u0142 dla Huhtamaki, Leaf Poland jako Dyrektor Finansowy, a w latach 1995-1998 dla PepsiCo, Wedel S.A. pe\u0142ni\u0105c funkcj\u0119 Kontrolera Finansowego.<\/p>\n\n\n\n<p>W latach 1998-1999 pracowa\u0142 dla Pepsico, Frito Lay, Londyn jako Kierownik Planowania na region Europa, Bliski Wsch\u00f3d i Afryka, a w latach 1999-2000 w Pepsico Frito Lay jako Kontroler Regionalny Europy Wschodniej.<\/p>\n\n\n\n<p>Nast\u0119pnie pe\u0142ni\u0142 funkcj\u0119 Dyrektora Finansowego i Cz\u0142onka Zarz\u0105du w firmie Carlsberg Poland (Okocim S.A.), Carlsberg UK z&nbsp;siedzib\u0105 w Northampton oraz Carlsberg Shared Service Center, Pozna\u0144 w kt\u00f3rej pe\u0142ni\u0142 r\u00f3wnie\u017c funkcj\u0119 Dyrektora Naczelnego.<\/p>\n<\/div>\n\n\n\n<div class=\"is-layout-flow wp-block-column\">\n<p>W latach 2011-2012 pracowa\u0142 dla Petrolot sp. z o.o. pe\u0142ni\u0105c funkcj\u0119 Dyrektora Finansowego. W latach 2012-2019 roku pe\u0142ni\u0142 funkcj\u0119 Dyrektora Finansowego w ZT \u201eKruszwica\u201d S.A. i by\u0142 Cz\u0142onkiem Zarz\u0105du Sp\u00f3\u0142ki.<\/p>\n\n\n\n<p>W dniu 24 czerwca 2019 roku uchwa\u0142\u0105 Rady Nadzorczej Selena FM S.A. zosta\u0142 powo\u0142any z dniem 1 lipca 2019 roku w&nbsp;sk\u0142ad Zarz\u0105du Sp\u00f3\u0142ki jako Cz\u0142onek Zarz\u0105du ds. Finansowych.<\/p>\n\n\n\n<p>W dniu 16 lutego 2021 roku uchwa\u0142\u0105 Rady Nadzorczej Selena FM S.A. zosta\u0142 powo\u0142any z dniem 1 marca 2021 roku na&nbsp;stanowisko Prezesa Zarz\u0105du Sp\u00f3\u0142ki.<\/p>\n\n\n\n<p>W dniu 27 maja 2021 roku uchwa\u0142\u0105 Rady Nadzorczej Selena FM S.A. zosta\u0142 powo\u0142any w&nbsp;sk\u0142ad Zarz\u0105du sp\u00f3\u0142ki na now\u0105 kadencj\u0119 jako Prezes Zarz\u0105du Sp\u00f3\u0142ki.<\/p>\n<\/div>\n<\/div>\n\n\n\n<p><\/p>\n","protected":false},"excerpt":{"rendered":"<p>Jacek Michalak jest absolwentem Wydzia\u0142u Ekonomiczno-Socjologicznego Uniwersytetu \u0141\u00f3dzkiego, kierunku Finanse i\u00a0Bankowo\u015b\u0107. W czasie kariery zawodowej odbywa\u0142 szkolenia i kursy w znanych europejskich uczelniach biznesowych m.in. INSEAD, IMD, ESADE. W roku 2002 uko\u0144czy\u0142 INSEAD International Management&#8230;<\/p>\n","protected":false},"author":1,"featured_media":14418,"parent":1888,"menu_order":0,"comment_status":"closed","ping_status":"closed","template":"templates\/single-authorite.php","meta":[],"acf":[],"_links":{"self":[{"href":"https:\/\/archiwum.selena.com\/pl\/wp-json\/wp\/v2\/pages\/1904"}],"collection":[{"href":"https:\/\/archiwum.selena.com\/pl\/wp-json\/wp\/v2\/pages"}],"about":[{"href":"https:\/\/archiwum.selena.com\/pl\/wp-json\/wp\/v2\/types\/page"}],"author":[{"embeddable":true,"href":"https:\/\/archiwum.selena.com\/pl\/wp-json\/wp\/v2\/users\/1"}],"replies":[{"embeddable":true,"href":"https:\/\/archiwum.selena.com\/pl\/wp-json\/wp\/v2\/comments?post=1904"}],"version-history":[{"count":9,"href":"https:\/\/archiwum.selena.com\/pl\/wp-json\/wp\/v2\/pages\/1904\/revisions"}],"predecessor-version":[{"id":15231,"href":"https:\/\/archiwum.selena.com\/pl\/wp-json\/wp\/v2\/pages\/1904\/revisions\/15231"}],"up":[{"embeddable":true,"href":"https:\/\/archiwum.selena.com\/pl\/wp-json\/wp\/v2\/pages\/1888"}],"wp:featuredmedia":[{"embeddable":true,"href":"https:\/\/archiwum.selena.com\/pl\/wp-json\/wp\/v2\/media\/14418"}],"wp:attachment":[{"href":"https:\/\/archiwum.selena.com\/pl\/wp-json\/wp\/v2\/media?parent=1904"}],"curies":[{"name":"wp","href":"https:\/\/api.w.org\/{rel}","templated":true}]}}