{"id":1888,"date":"2021-01-27T08:48:59","date_gmt":"2021-01-27T08:48:59","guid":{"rendered":"http:\/\/selena.vot.pl\/?page_id=1888"},"modified":"2021-01-27T08:48:59","modified_gmt":"2021-01-27T08:48:59","slug":"zarzad-spolki","status":"publish","type":"page","link":"https:\/\/archiwum.selena.com\/pl\/grupa-selena\/organizacja\/zarzad-spolki\/","title":{"rendered":"Zarz\u0105d sp\u00f3\u0142ki"},"content":{"rendered":"","protected":false},"excerpt":{"rendered":"","protected":false},"author":1,"featured_media":0,"parent":23,"menu_order":2,"comment_status":"closed","ping_status":"closed","template":"templates\/authorites.php","meta":[],"acf":[],"_links":{"self":[{"href":"https:\/\/archiwum.selena.com\/pl\/wp-json\/wp\/v2\/pages\/1888"}],"collection":[{"href":"https:\/\/archiwum.selena.com\/pl\/wp-json\/wp\/v2\/pages"}],"about":[{"href":"https:\/\/archiwum.selena.com\/pl\/wp-json\/wp\/v2\/types\/page"}],"author":[{"embeddable":true,"href":"https:\/\/archiwum.selena.com\/pl\/wp-json\/wp\/v2\/users\/1"}],"replies":[{"embeddable":true,"href":"https:\/\/archiwum.selena.com\/pl\/wp-json\/wp\/v2\/comments?post=1888"}],"version-history":[{"count":1,"href":"https:\/\/archiwum.selena.com\/pl\/wp-json\/wp\/v2\/pages\/1888\/revisions"}],"predecessor-version":[{"id":1889,"href":"https:\/\/archiwum.selena.com\/pl\/wp-json\/wp\/v2\/pages\/1888\/revisions\/1889"}],"up":[{"embeddable":true,"href":"https:\/\/archiwum.selena.com\/pl\/wp-json\/wp\/v2\/pages\/23"}],"wp:attachment":[{"href":"https:\/\/archiwum.selena.com\/pl\/wp-json\/wp\/v2\/media?parent=1888"}],"curies":[{"name":"wp","href":"https:\/\/api.w.org\/{rel}","templated":true}]}}