{"id":16570,"date":"2022-10-01T01:01:00","date_gmt":"2022-10-01T00:01:00","guid":{"rendered":"https:\/\/selena.com\/?page_id=16570"},"modified":"2022-09-30T15:29:51","modified_gmt":"2022-09-30T14:29:51","slug":"krzysztof-oscilowicz","status":"publish","type":"page","link":"https:\/\/archiwum.selena.com\/pl\/grupa-selena\/organizacja\/zarzad-spolki\/krzysztof-oscilowicz\/","title":{"rendered":"Krzysztof O\u015bci\u0142owicz"},"content":{"rendered":"\n<div class=\"is-layout-flex wp-container-3 wp-block-columns\">\n<div class=\"is-layout-flow wp-block-column\">\n<p>Krzysztof O\u015bci\u0142owicz uko\u0144czy\u0142 Uniwersytet Warszawski na kierunku stosunki mi\u0119dzynarodowe oraz SGH w Warszawie na kierunku finanse i bankowo\u015b\u0107. Posiada te\u017c dyplom ACCA (Association of Chartered Certified Accountants) i certyfikat CFA (Chartered Financial Analyst).<\/p>\n\n\n\n<p>Karier\u0119 zawodow\u0105 rozpocz\u0105\u0142 w PKN Orlen w 2005 roku jako kontroler finansowy, specjalizuj\u0105c si\u0119 w sprawozdawczo\u015bci zarz\u0105dczej, zarz\u0105dzaniu warto\u015bci\u0105 sp\u00f3\u0142ki oraz wprowadzaniu narz\u0119dzi informatycznych w obszarze finansowym. Nast\u0119pnie by\u0142 cz\u0142onkiem zespo\u0142u przygotowuj\u0105cego strategi\u0119 na lata 2007-2013, odpowiadaj\u0105c za koordynacj\u0119 ca\u0142ego procesu i \u015brednioterminowe planowanie finansowe. W latach 2009-2011 do\u0142\u0105czy\u0142 do Grupy Unipetrol (gas &amp; oil) w Czechach jako dyrektor ds. controllingu, gdzie odpowiada\u0142 za przygotowanie i nadzorowanie programu restrukturyzacji oraz koordynacj\u0119 rocznego i \u015brednioterminowego planu finansowego. W latach 2012-2018, jako menad\u017cer w Dziale Inwestycyjnym PKN Orlen, odpowiada\u0142 za wdra\u017canie standard\u00f3w operacyjnych w zakresie zarz\u0105dzania projektami inwestycyjnymi, w tym procedur inwestycyjnych i nowych narz\u0119dzi informatycznych. W latach 2017-2018 pe\u0142ni\u0142 te\u017c rol\u0119 dyrektora nadzoruj\u0105cego portfel projekt\u00f3w inwestycyjnych w Grupie Orlen. Realizowa\u0142 kluczowe projekty energetyczne i petrochemiczne zarz\u0105dzaj\u0105c kontraktami inwestycyjnymi.<\/p>\n<\/div>\n\n\n\n<div class=\"is-layout-flow wp-block-column\">\n<p>Przed do\u0142\u0105czeniem do sp\u00f3\u0142ki Selena FM S.A., pracowa\u0142 jako Interim Finance Manager w sp\u00f3\u0142ce Profim (Flokk Group), wspieraj\u0105c zarz\u0105d w procesach planowania, analizy rentowno\u015bci segment\u00f3w biznesowych oraz sprawozdawczo\u015bci obligatoryjnej i zarz\u0105dczej.<\/p>\n\n\n\n<p>W Selena FM S.A. pracuje od 2019 roku jako Group Controlling Director i od kwietnia 2021 roku jako pe\u0142ni\u0105cy obowi\u0105zki Chief Financial Officer. Realizowa\u0142 wsparcie biznesu poprzez wdro\u017cenia narz\u0119dzi klasy Business Intelligence, wsparcie i nadz\u00f3r nad projektami biznesowymi oraz poprzez usprawnienia proces\u00f3w w Grupie Selena.<\/p>\n\n\n\n<p>W dniu 20 wrze\u015bnia 2022 roku uchwa\u0142\u0105 Rady Nadzorczej Selena FM S.A. zosta\u0142 powo\u0142any z dniem 1 pa\u017adziernika 2022 roku w&nbsp;sk\u0142ad Zarz\u0105du Sp\u00f3\u0142ki jako Cz\u0142onek Zarz\u0105du ds. Finansowych.<\/p>\n<\/div>\n<\/div>\n","protected":false},"excerpt":{"rendered":"<p>Krzysztof O\u015bci\u0142owicz uko\u0144czy\u0142 Uniwersytet Warszawski na kierunku stosunki mi\u0119dzynarodowe oraz SGH w Warszawie na kierunku finanse i bankowo\u015b\u0107. Posiada te\u017c dyplom ACCA (Association of Chartered Certified Accountants) i certyfikat CFA (Chartered Financial Analyst). Karier\u0119 zawodow\u0105&#8230;<\/p>\n","protected":false},"author":2,"featured_media":16584,"parent":1888,"menu_order":6,"comment_status":"closed","ping_status":"closed","template":"templates\/single-authorite.php","meta":[],"acf":[],"_links":{"self":[{"href":"https:\/\/archiwum.selena.com\/pl\/wp-json\/wp\/v2\/pages\/16570"}],"collection":[{"href":"https:\/\/archiwum.selena.com\/pl\/wp-json\/wp\/v2\/pages"}],"about":[{"href":"https:\/\/archiwum.selena.com\/pl\/wp-json\/wp\/v2\/types\/page"}],"author":[{"embeddable":true,"href":"https:\/\/archiwum.selena.com\/pl\/wp-json\/wp\/v2\/users\/2"}],"replies":[{"embeddable":true,"href":"https:\/\/archiwum.selena.com\/pl\/wp-json\/wp\/v2\/comments?post=16570"}],"version-history":[{"count":4,"href":"https:\/\/archiwum.selena.com\/pl\/wp-json\/wp\/v2\/pages\/16570\/revisions"}],"predecessor-version":[{"id":16586,"href":"https:\/\/archiwum.selena.com\/pl\/wp-json\/wp\/v2\/pages\/16570\/revisions\/16586"}],"up":[{"embeddable":true,"href":"https:\/\/archiwum.selena.com\/pl\/wp-json\/wp\/v2\/pages\/1888"}],"wp:featuredmedia":[{"embeddable":true,"href":"https:\/\/archiwum.selena.com\/pl\/wp-json\/wp\/v2\/media\/16584"}],"wp:attachment":[{"href":"https:\/\/archiwum.selena.com\/pl\/wp-json\/wp\/v2\/media?parent=16570"}],"curies":[{"name":"wp","href":"https:\/\/api.w.org\/{rel}","templated":true}]}}