{"id":14688,"date":"2021-05-01T05:00:00","date_gmt":"2021-05-01T05:00:00","guid":{"rendered":"https:\/\/selena.com\/?page_id=14688"},"modified":"2021-06-28T09:21:15","modified_gmt":"2021-06-28T09:21:15","slug":"roman-dziuba","status":"publish","type":"page","link":"https:\/\/archiwum.selena.com\/pl\/grupa-selena\/organizacja\/zarzad-spolki\/roman-dziuba\/","title":{"rendered":"Dr Roman Dziuba"},"content":{"rendered":"\n<div class=\"is-layout-flex wp-container-3 wp-block-columns\">\n<div class=\"is-layout-flow wp-block-column\">\n<p>Roman Dziuba jest absolwentem Institute for Manufacturing, University of Cambridge oraz doktorem nauk Wydzia\u0142u Mechanicznego Politechniki Wroc\u0142awskiej. Uko\u0144czy\u0142 te\u017c program studi\u00f3w Production for Markets Uniwersytetu Stanowego Central Connecticut w USA i Politechniki Wroc\u0142awskiej.<\/p>\n\n\n\n<p>Posiada ponad dwudziestoletnie do\u015bwiadczenie w operacjach produkcyjnych w bran\u017cy motoryzacyjnej. Swoj\u0105 karier\u0119 zawodow\u0105 budowa\u0142 przede wszystkim w mi\u0119dzynarodowym koncernie GKN, w dywizji Automotive, specjalizuj\u0105cej si\u0119\u00a0w\u00a0technologii uk\u0142ad\u00f3w nap\u0119dowych.<\/p>\n\n\n\n<p>W latach 1998 &#8211; 2007 pe\u0142ni\u0142 funkcje managerskie w obszarach jako\u015bci i in\u017cynierii w GKN Driveline Polska. W latach 2007 &#8211; 2013 by\u0142 Dyrektorem Zak\u0142adu a nast\u0119pnie Dyrektorem Naczelnym GKN Driveline Polska. W latach 2013 \u2013 2016, jako Vice President Operations in Europe w GKN Driveline, by\u0142 odpowiedzialny za zak\u0142ady produkcyjne w\u00a0Polsce, Turcji, S\u0142owenii, Wielkiej Brytanii, Hiszpanii i we W\u0142oszech.<\/p>\n<\/div>\n\n\n\n<div class=\"is-layout-flow wp-block-column\">\n<p>Nast\u0119pnie, w latach 2016-2018 jako Vice President Operations w GKN All-wheel &amp; eDrive, odpowiada\u0142 za\u00a07\u00a0zak\u0142ad\u00f3w produkcyjnych w Japonii, Szwecji, USA, Tajlandii i we W\u0142oszech.<\/p>\n\n\n\n<p>Od 2018 roku do 2019 roku pe\u0142ni\u0142 funkcj\u0119 Senior Vice President Europe w GKN Driveline i by\u0142 odpowiedzialny za 14\u00a0zak\u0142ad\u00f3w produkcyjnych w Hiszpanii, Niemczech, Polsce, S\u0142owenii, Turcji, Wielkiej Brytanii oraz we Francji i\u00a0W\u0142oszech. W 2019 roku, po przej\u0119ciu GKN przez Melrose Industries, pe\u0142ni\u0142 funkcj\u0119 Vice President Operations.<\/p>\n\n\n\n<p>W dniu 22 kwietnia 2021 roku uchwa\u0142\u0105 Rady Nadzorczej Selena FM S.A. zosta\u0142 powo\u0142any z dniem 1 maja 2021 roku w\u00a0sk\u0142ad Zarz\u0105du Sp\u00f3\u0142ki jako Cz\u0142onek Zarz\u0105du ds. Operacyjnych.<\/p>\n\n\n\n<p>W dniu 27 maja 2021 roku uchwa\u0142\u0105 Rady Nadzorczej Selena FM S.A. zosta\u0142 powo\u0142any w\u00a0sk\u0142ad Zarz\u0105du Sp\u00f3\u0142ki na now\u0105 kadencj\u0119 jako Cz\u0142onek Zarz\u0105du ds. Operacyjnych.<\/p>\n<\/div>\n<\/div>\n\n\n\n<p><\/p>\n","protected":false},"excerpt":{"rendered":"<p>Roman Dziuba jest absolwentem Institute for Manufacturing, University of Cambridge oraz doktorem nauk Wydzia\u0142u Mechanicznego Politechniki Wroc\u0142awskiej. Uko\u0144czy\u0142 te\u017c program studi\u00f3w Production for Markets Uniwersytetu Stanowego Central Connecticut w USA i Politechniki Wroc\u0142awskiej. Posiada ponad&#8230;<\/p>\n","protected":false},"author":2,"featured_media":14695,"parent":1888,"menu_order":5,"comment_status":"closed","ping_status":"closed","template":"templates\/single-authorite.php","meta":[],"acf":[],"_links":{"self":[{"href":"https:\/\/archiwum.selena.com\/pl\/wp-json\/wp\/v2\/pages\/14688"}],"collection":[{"href":"https:\/\/archiwum.selena.com\/pl\/wp-json\/wp\/v2\/pages"}],"about":[{"href":"https:\/\/archiwum.selena.com\/pl\/wp-json\/wp\/v2\/types\/page"}],"author":[{"embeddable":true,"href":"https:\/\/archiwum.selena.com\/pl\/wp-json\/wp\/v2\/users\/2"}],"replies":[{"embeddable":true,"href":"https:\/\/archiwum.selena.com\/pl\/wp-json\/wp\/v2\/comments?post=14688"}],"version-history":[{"count":10,"href":"https:\/\/archiwum.selena.com\/pl\/wp-json\/wp\/v2\/pages\/14688\/revisions"}],"predecessor-version":[{"id":15241,"href":"https:\/\/archiwum.selena.com\/pl\/wp-json\/wp\/v2\/pages\/14688\/revisions\/15241"}],"up":[{"embeddable":true,"href":"https:\/\/archiwum.selena.com\/pl\/wp-json\/wp\/v2\/pages\/1888"}],"wp:featuredmedia":[{"embeddable":true,"href":"https:\/\/archiwum.selena.com\/pl\/wp-json\/wp\/v2\/media\/14695"}],"wp:attachment":[{"href":"https:\/\/archiwum.selena.com\/pl\/wp-json\/wp\/v2\/media?parent=14688"}],"curies":[{"name":"wp","href":"https:\/\/api.w.org\/{rel}","templated":true}]}}