{"id":14025,"date":"2021-01-28T12:17:46","date_gmt":"2021-01-28T12:17:46","guid":{"rendered":"http:\/\/selena.vot.pl\/brands-and-products\/dachy\/"},"modified":"2021-02-22T21:54:56","modified_gmt":"2021-02-22T21:54:56","slug":"dachy","status":"publish","type":"page","link":"https:\/\/archiwum.selena.com\/en\/brands-and-products\/dachy\/","title":{"rendered":"Dachy"},"content":{"rendered":"\n<h2 class=\"has-text-align-center header_medium text-center\">Roofs<\/h2>\n\n\n\n<figure class=\"wp-block-image alignwide size-large\"><img decoding=\"async\" loading=\"lazy\" width=\"960\" height=\"205\" src=\"https:\/\/selena.com\/wp-content\/uploads\/dachy.png\" alt=\"\" class=\"wp-image-13748\" srcset=\"https:\/\/archiwum.selena.com\/wp-content\/uploads\/dachy.png 960w, https:\/\/archiwum.selena.com\/wp-content\/uploads\/dachy-300x64.png 300w, https:\/\/archiwum.selena.com\/wp-content\/uploads\/dachy-768x164.png 768w\" sizes=\"(max-width: 960px) 100vw, 960px\" \/><\/figure>\n\n\n\n<div class=\"is-layout-flex wp-container-3 wp-block-columns has-background\" style=\"background-color:#103b5f\">\n<div class=\"is-layout-flow wp-block-column\" style=\"flex-basis:66.66%\">\n<p class=\"has-text-align-center has-white-color has-text-color\"><strong>JOB TO BE DONE<\/strong><\/p>\n<\/div>\n\n\n\n<div class=\"is-layout-flow wp-block-column\" style=\"flex-basis:33.33%\">\n<p class=\"has-text-align-center has-white-color has-text-color\"><strong>RECOMMENDED PRODUCTS<\/strong><\/p>\n<\/div>\n<\/div>\n\n\n\n<div class=\"is-layout-flex wp-container-6 wp-block-columns has-background\" style=\"background-color:#ffffff\">\n<div class=\"is-layout-flow wp-block-column is-vertically-aligned-center\" style=\"flex-basis:66.66%\">\n<figure class=\"wp-block-table\"><table><tbody><tr><td>Installation of roof covering made of asphalt shingles<\/td><\/tr><\/tbody><\/table><\/figure>\n<\/div>\n\n\n\n<div class=\"is-layout-flow wp-block-column\" style=\"flex-basis:33.33%\">\n<figure class=\"wp-block-table\"><table><tbody><tr><td>Asphalt shingles, Roofing Paper Gorbit Standard PZ PYE PV 140 S 30, Roofing Paper Welplast PV 60 S 35 super monta\u017c<\/td><\/tr><tr><\/tr><\/tbody><\/table><\/figure>\n<\/div>\n<\/div>\n\n\n\n<div class=\"is-layout-flex wp-container-9 wp-block-columns has-background\" style=\"background-color:#ffffff\">\n<div class=\"is-layout-flow wp-block-column is-vertically-aligned-center\" style=\"flex-basis:66.66%\">\n<figure class=\"wp-block-table\"><table><tbody><tr><td>Installation of waterproofing membrane<\/td><\/tr><\/tbody><\/table><\/figure>\n<\/div>\n\n\n\n<div class=\"is-layout-flow wp-block-column\" style=\"flex-basis:33.33%\">\n<figure class=\"wp-block-table\"><table><tbody><tr><td>Roofing Paper Gordach Extra WZ PYE PV 200 S 52, Roofing Paper Matizol Fundamnet SBS, Roofing Paper Gorbit Super WZ PYE PV 150 S 48, Roofing Paper Gorbit Standard PZ PYE PV 140 S 30, Roofing Paper Gordach Mono Extra WZM PYE PV 250 S 56, Roofing Paper Welplast Super WV 60 PYE S 42, Roofing Paper Welplast PV 60 S 35 super monta\u017c, Roofing Paper Matizol Max WZ PYE PV 250 S 52 super monta\u017c, Roofing Paper Matizol PYE G 200 S 4 super monta\u017c<\/td><\/tr><tr><\/tr><\/tbody><\/table><\/figure>\n<\/div>\n<\/div>\n\n\n\n<div class=\"is-layout-flex wp-container-12 wp-block-columns has-background\" style=\"background-color:#ffffff\">\n<div class=\"is-layout-flow wp-block-column is-vertically-aligned-center\" style=\"flex-basis:66.66%\">\n<figure class=\"wp-block-table\"><table><tbody><tr><td>Sealing and bonding of any roof\/facade metal coverings<\/td><\/tr><\/tbody><\/table><\/figure>\n<\/div>\n\n\n\n<div class=\"is-layout-flow wp-block-column\" style=\"flex-basis:33.33%\">\n<figure class=\"wp-block-table\"><table><tbody><tr><td>Metal Roof Sealant, Roof adhesive<\/td><\/tr><tr><\/tr><\/tbody><\/table><\/figure>\n<\/div>\n<\/div>\n\n\n\n<div class=\"is-layout-flex wp-container-15 wp-block-columns has-background\" style=\"background-color:#ffffff\">\n<div class=\"is-layout-flow wp-block-column is-vertically-aligned-center\" style=\"flex-basis:66.66%\">\n<figure class=\"wp-block-table\"><table><tbody><tr><td>Bonding roof tiles or shingles<\/td><\/tr><\/tbody><\/table><\/figure>\n<\/div>\n\n\n\n<div class=\"is-layout-flow wp-block-column\" style=\"flex-basis:33.33%\">\n<figure class=\"wp-block-table\"><table><tbody><tr><td>Roof adhesive<\/td><\/tr><tr><\/tr><\/tbody><\/table><\/figure>\n<\/div>\n<\/div>\n\n\n\n<div class=\"is-layout-flex wp-container-18 wp-block-columns has-background\" style=\"background-color:#ffffff\">\n<div class=\"is-layout-flow wp-block-column is-vertically-aligned-center\" style=\"flex-basis:66.66%\">\n<figure class=\"wp-block-table\"><table><tbody><tr><td>Sealing of a leaking gutter<\/td><\/tr><\/tbody><\/table><\/figure>\n<\/div>\n\n\n\n<div class=\"is-layout-flow wp-block-column\" style=\"flex-basis:33.33%\">\n<figure class=\"wp-block-table\"><table><tbody><tr><td>Rubber Roof sealant, FIX2 MS 1000 Adhesive Sealant , Specialised roof sealant<\/td><\/tr><tr><\/tr><\/tbody><\/table><\/figure>\n<\/div>\n<\/div>\n\n\n\n<div class=\"is-layout-flex wp-container-21 wp-block-columns has-background\" style=\"background-color:#ffffff\">\n<div class=\"is-layout-flow wp-block-column is-vertically-aligned-center\" style=\"flex-basis:66.66%\">\n<figure class=\"wp-block-table\"><table><tbody><tr><td>Sealing and bonding of any roof\/facade metal coverings<\/td><\/tr><\/tbody><\/table><\/figure>\n<\/div>\n\n\n\n<div class=\"is-layout-flow wp-block-column\" style=\"flex-basis:33.33%\">\n<figure class=\"wp-block-table\"><table><tbody><tr><td>Metal Roof Sealant, Roof adhesive<\/td><\/tr><tr><\/tr><\/tbody><\/table><\/figure>\n<\/div>\n<\/div>\n\n\n\n<div class=\"is-layout-flex wp-container-24 wp-block-columns has-background\" style=\"background-color:#ffffff\">\n<div class=\"is-layout-flow wp-block-column is-vertically-aligned-center\" style=\"flex-basis:66.66%\">\n<figure class=\"wp-block-table\"><table><tbody><tr><td>Sealing around flashing and other roof elements<\/td><\/tr><\/tbody><\/table><\/figure>\n<\/div>\n\n\n\n<div class=\"is-layout-flow wp-block-column\" style=\"flex-basis:33.33%\">\n<figure class=\"wp-block-table\"><table><tbody><tr><td>Metal Roof Sealant, Roofing Sealing Tape, Bituminous Roof sealant , Roofing Sealing Tape<\/td><\/tr><tr><\/tr><\/tbody><\/table><\/figure>\n<\/div>\n<\/div>\n\n\n\n<div class=\"is-layout-flex wp-container-27 wp-block-columns has-background\" style=\"background-color:#ffffff\">\n<div class=\"is-layout-flow wp-block-column is-vertically-aligned-center\" style=\"flex-basis:66.66%\">\n<figure class=\"wp-block-table\"><table><tbody><tr><td>Bitumen roof repairs and maintaince<\/td><\/tr><\/tbody><\/table><\/figure>\n<\/div>\n\n\n\n<div class=\"is-layout-flow wp-block-column\" style=\"flex-basis:33.33%\">\n<figure class=\"wp-block-table\"><table><tbody><tr><td>Abizol R \u2013 bituminous primer, Abizol P &#8211; roof maintenance compound<\/td><\/tr><tr><\/tr><\/tbody><\/table><\/figure>\n<\/div>\n<\/div>\n\n\n\n<div class=\"is-layout-flex wp-container-30 wp-block-columns has-background\" style=\"background-color:#ffffff\">\n<div class=\"is-layout-flow wp-block-column is-vertically-aligned-center\" style=\"flex-basis:66.66%\">\n<figure class=\"wp-block-table\"><table><tbody><tr><td>Bitumen roof repairs and maintaince &#8211; gap filling<\/td><\/tr><\/tbody><\/table><\/figure>\n<\/div>\n\n\n\n<div class=\"is-layout-flow wp-block-column\" style=\"flex-basis:33.33%\">\n<figure class=\"wp-block-table\"><table><tbody><tr><td>Abizol G \u2013 elastic bitumen putty<\/td><\/tr><tr><\/tr><\/tbody><\/table><\/figure>\n<\/div>\n<\/div>\n\n\n\n<div class=\"is-layout-flex wp-container-33 wp-block-columns has-background\" style=\"background-color:#ffffff\">\n<div class=\"is-layout-flow wp-block-column is-vertically-aligned-center\" style=\"flex-basis:66.66%\">\n<figure class=\"wp-block-table\"><table><tbody><tr><td>Bitumen roof repairs and maintaince &#8211; bonding of traditional bitumen membranes<\/td><\/tr><\/tbody><\/table><\/figure>\n<\/div>\n\n\n\n<div class=\"is-layout-flow wp-block-column\" style=\"flex-basis:33.33%\">\n<figure class=\"wp-block-table\"><table><tbody><tr><td>Abizol KL-DM &#8211; cold adhesive<\/td><\/tr><tr><\/tr><\/tbody><\/table><\/figure>\n<\/div>\n<\/div>\n\n\n\n<div class=\"is-layout-flex wp-container-36 wp-block-columns has-background\" style=\"background-color:#ffffff\">\n<div class=\"is-layout-flow wp-block-column is-vertically-aligned-center\" style=\"flex-basis:66.66%\">\n<figure class=\"wp-block-table\"><table><tbody><tr><td>Protection of wooden construction elements against fungi and insects<\/td><\/tr><\/tbody><\/table><\/figure>\n<\/div>\n\n\n\n<div class=\"is-layout-flow wp-block-column\" style=\"flex-basis:33.33%\">\n<figure class=\"wp-block-table\"><table><tbody><tr><td>2S Preserver for wood trusses \u2013 concentrate<\/td><\/tr><tr><\/tr><\/tbody><\/table><\/figure>\n<\/div>\n<\/div>\n\n\n\n<div class=\"is-layout-flex wp-container-39 wp-block-columns has-background\" style=\"background-color:#ffffff\">\n<div class=\"is-layout-flow wp-block-column is-vertically-aligned-center\" style=\"flex-basis:66.66%\">\n<figure class=\"wp-block-table\"><table><tbody><tr><td>Bonding of thermal insulation panels on roofs<\/td><\/tr><\/tbody><\/table><\/figure>\n<\/div>\n\n\n\n<div class=\"is-layout-flow wp-block-column\" style=\"flex-basis:33.33%\">\n<figure class=\"wp-block-table\"><table><tbody><tr><td>Polyurethane foam adhesive STYRO 753 E\/B1, Polyurethane foam adhesive STYRO 753, Polyurethane foam adhesive STYRO UNI<\/td><\/tr><tr><\/tr><\/tbody><\/table><\/figure>\n<\/div>\n<\/div>\n\n\n\n<div class=\"is-layout-flex wp-container-42 wp-block-columns has-background\" style=\"background-color:#ffffff\">\n<div class=\"is-layout-flow wp-block-column is-vertically-aligned-center\" style=\"flex-basis:66.66%\">\n<figure class=\"wp-block-table\"><table><tbody><tr><td>Filling gaps, cracks, slits, joints in roof and attic areas<\/td><\/tr><\/tbody><\/table><\/figure>\n<\/div>\n\n\n\n<div class=\"is-layout-flow wp-block-column\" style=\"flex-basis:33.33%\">\n<figure class=\"wp-block-table\"><table><tbody><tr><td>Gun polyurethane foam for roofs, Straw polyurethane foam for roofs, Straw polyurethane foam HD, Straw polyurethane foam for roofs, Lexy 60\/40\/20 PU-Foam All Season, Fill All Insulating Foam Sealant (straw), Fill All Insulating Foam Sealant Pro (gun)<\/td><\/tr><\/tbody><\/table><\/figure>\n<\/div>\n<\/div>\n\n\n\n<p><\/p>\n","protected":false},"excerpt":{"rendered":"<p>Roofs JOB TO BE DONE RECOMMENDED PRODUCTS Installation of roof covering made of asphalt shingles Asphalt shingles, Roofing Paper Gorbit Standard PZ PYE PV 140 S 30, Roofing Paper Welplast PV 60 S 35 super&#8230;<\/p>\n","protected":false},"author":1,"featured_media":13742,"parent":13987,"menu_order":7,"comment_status":"closed","ping_status":"closed","template":"templates\/single-brands_and_products.php","meta":[],"acf":[],"_links":{"self":[{"href":"https:\/\/archiwum.selena.com\/en\/wp-json\/wp\/v2\/pages\/14025"}],"collection":[{"href":"https:\/\/archiwum.selena.com\/en\/wp-json\/wp\/v2\/pages"}],"about":[{"href":"https:\/\/archiwum.selena.com\/en\/wp-json\/wp\/v2\/types\/page"}],"author":[{"embeddable":true,"href":"https:\/\/archiwum.selena.com\/en\/wp-json\/wp\/v2\/users\/1"}],"replies":[{"embeddable":true,"href":"https:\/\/archiwum.selena.com\/en\/wp-json\/wp\/v2\/comments?post=14025"}],"version-history":[{"count":1,"href":"https:\/\/archiwum.selena.com\/en\/wp-json\/wp\/v2\/pages\/14025\/revisions"}],"predecessor-version":[{"id":14027,"href":"https:\/\/archiwum.selena.com\/en\/wp-json\/wp\/v2\/pages\/14025\/revisions\/14027"}],"up":[{"embeddable":true,"href":"https:\/\/archiwum.selena.com\/en\/wp-json\/wp\/v2\/pages\/13987"}],"wp:featuredmedia":[{"embeddable":true,"href":"https:\/\/archiwum.selena.com\/en\/wp-json\/wp\/v2\/media\/13742"}],"wp:attachment":[{"href":"https:\/\/archiwum.selena.com\/en\/wp-json\/wp\/v2\/media?parent=14025"}],"curies":[{"name":"wp","href":"https:\/\/api.w.org\/{rel}","templated":true}]}}