{"id":14021,"date":"2021-01-28T12:17:21","date_gmt":"2021-01-28T12:17:21","guid":{"rendered":"http:\/\/selena.vot.pl\/brands-and-products\/ocieplenia-fasady-elewacje\/"},"modified":"2021-02-22T21:47:26","modified_gmt":"2021-02-22T21:47:26","slug":"ocieplenia-fasady-elewacje","status":"publish","type":"page","link":"https:\/\/archiwum.selena.com\/en\/brands-and-products\/ocieplenia-fasady-elewacje\/","title":{"rendered":"Thermal insulation, facades, cladding"},"content":{"rendered":"\n<h2 class=\"has-text-align-center header_medium text-center\">Thermal insulation, facades<\/h2>\n\n\n\n<figure class=\"wp-block-image alignwide size-large\"><img decoding=\"async\" loading=\"lazy\" width=\"960\" height=\"205\" src=\"https:\/\/selena.com\/wp-content\/uploads\/ocieplenia1.png\" alt=\"\" class=\"wp-image-13733\" srcset=\"https:\/\/archiwum.selena.com\/wp-content\/uploads\/ocieplenia1.png 960w, https:\/\/archiwum.selena.com\/wp-content\/uploads\/ocieplenia1-300x64.png 300w, https:\/\/archiwum.selena.com\/wp-content\/uploads\/ocieplenia1-768x164.png 768w\" sizes=\"(max-width: 960px) 100vw, 960px\" \/><\/figure>\n\n\n\n<div class=\"is-layout-flex wp-container-3 wp-block-columns has-background\" style=\"background-color:#103b5f\">\n<div class=\"is-layout-flow wp-block-column\" style=\"flex-basis:66.66%\">\n<p class=\"has-text-align-center has-white-color has-text-color\"><strong>JOB TO BE DONE<\/strong><\/p>\n<\/div>\n\n\n\n<div class=\"is-layout-flow wp-block-column\" style=\"flex-basis:33.33%\">\n<p class=\"has-text-align-center has-white-color has-text-color\"><strong>RECOMMENDED PRODUCTS<\/strong><\/p>\n<\/div>\n<\/div>\n\n\n\n<div class=\"is-layout-flex wp-container-6 wp-block-columns has-background\" style=\"background-color:#ffffff\">\n<div class=\"is-layout-flow wp-block-column is-vertically-aligned-center\" style=\"flex-basis:66.66%\">\n<figure class=\"wp-block-table\"><table><tbody><tr><td>Bonding of thermal insulation panels on facades (ETICS systems &#8211; light weight method)<\/td><\/tr><\/tbody><\/table><\/figure>\n<\/div>\n\n\n\n<div class=\"is-layout-flow wp-block-column\" style=\"flex-basis:33.33%\">\n<figure class=\"wp-block-table\"><table><tbody><tr><td>Polyurethane foam adhesive STYRO 753 E\/B1, Polyurethane foam adhesive STYRO UNI, Polyurethane Foam Adhesive Styro 753<\/td><\/tr><tr><\/tr><\/tbody><\/table><\/figure>\n<\/div>\n<\/div>\n\n\n\n<div class=\"is-layout-flex wp-container-9 wp-block-columns has-background\" style=\"background-color:#ffffff\">\n<div class=\"is-layout-flow wp-block-column is-vertically-aligned-center\" style=\"flex-basis:66.66%\">\n<figure class=\"wp-block-table\"><table><tbody><tr><td>Filling gaps, cracks, slits and joints between insulation panels<\/td><\/tr><\/tbody><\/table><\/figure>\n<\/div>\n\n\n\n<div class=\"is-layout-flow wp-block-column\" style=\"flex-basis:33.33%\">\n<p>Polyurethane foam adhesive STYRO 753 E\/B1,Polyurethane foam adhesive STYRO 753, Polyurethane foam adhesive STYRO UNI<\/p>\n<\/div>\n<\/div>\n\n\n\n<div class=\"is-layout-flex wp-container-12 wp-block-columns has-background\" style=\"background-color:#ffffff\">\n<div class=\"is-layout-flow wp-block-column is-vertically-aligned-center\" style=\"flex-basis:66.66%\">\n<figure class=\"wp-block-table\"><table><tbody><tr><td>Bonding of thermal insulation panels exterior and interior<\/td><\/tr><\/tbody><\/table><\/figure>\n<\/div>\n\n\n\n<div class=\"is-layout-flow wp-block-column\" style=\"flex-basis:33.33%\">\n<figure class=\"wp-block-table\"><table><tbody><tr><td>Polyurethane foam adhesive STYRO UNI<\/td><\/tr><tr><\/tr><\/tbody><\/table><\/figure>\n<\/div>\n<\/div>\n\n\n\n<div class=\"is-layout-flex wp-container-15 wp-block-columns has-background\" style=\"background-color:#ffffff\">\n<div class=\"is-layout-flow wp-block-column is-vertically-aligned-center\" style=\"flex-basis:66.66%\">\n<figure class=\"wp-block-table\"><table><tbody><tr><td>Bonding EPS boards in thermal insulation systems (ETICS)<\/td><\/tr><\/tbody><\/table><\/figure>\n<\/div>\n\n\n\n<div class=\"is-layout-flow wp-block-column\" style=\"flex-basis:33.33%\">\n<figure class=\"wp-block-table\"><table><tbody><tr><td>E118 Adhesive for gluing EPS boards, White adhesive and reinforcing mortar EOS, E128 Adhesive and reinforcing mortar, Adhesive and reinforcing mortar E<\/td><\/tr><tr><\/tr><\/tbody><\/table><\/figure>\n<\/div>\n<\/div>\n\n\n\n<div class=\"is-layout-flex wp-container-18 wp-block-columns has-background\" style=\"background-color:#ffffff\">\n<div class=\"is-layout-flow wp-block-column is-vertically-aligned-center\" style=\"flex-basis:66.66%\">\n<figure class=\"wp-block-table\"><table><tbody><tr><td>Bonding mineral wool in thermal insulation systems (ETICS)<\/td><\/tr><\/tbody><\/table><\/figure>\n<\/div>\n\n\n\n<div class=\"is-layout-flow wp-block-column\" style=\"flex-basis:33.33%\">\n<figure class=\"wp-block-table\"><table><tbody><tr><td>EOS728 White adhesive and reinforcing mortar , EO328 Adhesive and reinforcing mortar<\/td><\/tr><tr><\/tr><\/tbody><\/table><\/figure>\n<\/div>\n<\/div>\n\n\n\n<div class=\"is-layout-flex wp-container-21 wp-block-columns has-background\" style=\"background-color:#ffffff\">\n<div class=\"is-layout-flow wp-block-column is-vertically-aligned-center\" style=\"flex-basis:66.66%\">\n<figure class=\"wp-block-table\"><table><tbody><tr><td>Reinforcing the plaster layer<\/td><\/tr><\/tbody><\/table><\/figure>\n<\/div>\n\n\n\n<div class=\"is-layout-flow wp-block-column\" style=\"flex-basis:33.33%\">\n<figure class=\"wp-block-table\"><table><tbody><tr><td>Fibre Glass Rendering Mesh<\/td><\/tr><tr><\/tr><\/tbody><\/table><\/figure>\n<\/div>\n<\/div>\n\n\n\n<div class=\"is-layout-flex wp-container-24 wp-block-columns has-background\" style=\"background-color:#ffffff\">\n<div class=\"is-layout-flow wp-block-column is-vertically-aligned-center\" style=\"flex-basis:66.66%\">\n<figure class=\"wp-block-table\"><table><tbody><tr><td>Submerging the fiberglass mesh in thermal insulation systems<\/td><\/tr><\/tbody><\/table><\/figure>\n<\/div>\n\n\n\n<div class=\"is-layout-flow wp-block-column\" style=\"flex-basis:33.33%\">\n<figure class=\"wp-block-table\"><table><tbody><tr><td>E128 Adhesive and reinforcing mortar, EO328 Adhesive and reinforcing mortar, EOS728 White adhesive and reinforcing mortar<\/td><\/tr><tr><\/tr><\/tbody><\/table><\/figure>\n<\/div>\n<\/div>\n\n\n\n<div class=\"is-layout-flex wp-container-27 wp-block-columns has-background\" style=\"background-color:#ffffff\">\n<div class=\"is-layout-flow wp-block-column is-vertically-aligned-center\" style=\"flex-basis:66.66%\">\n<figure class=\"wp-block-table\"><table><tbody><tr><td>Smoothing or renovation of the wall surface<\/td><\/tr><\/tbody><\/table><\/figure>\n<\/div>\n\n\n\n<div class=\"is-layout-flow wp-block-column\" style=\"flex-basis:33.33%\">\n<figure class=\"wp-block-table\"><table><tbody><tr><td>E128 Adhesive and reinforcing mortar, EO328 Adhesive and reinforcing mortar, EOS728 White adhesive and reinforcing mortar<\/td><\/tr><tr><\/tr><\/tbody><\/table><\/figure>\n<\/div>\n<\/div>\n\n\n\n<div class=\"is-layout-flex wp-container-30 wp-block-columns has-background\" style=\"background-color:#ffffff\">\n<div class=\"is-layout-flow wp-block-column is-vertically-aligned-center\" style=\"flex-basis:66.66%\">\n<figure class=\"wp-block-table\"><table><tbody><tr><td>Surface preparation prior to the application of thin-layer plaster and painting<\/td><\/tr><\/tbody><\/table><\/figure>\n<\/div>\n\n\n\n<div class=\"is-layout-flow wp-block-column\" style=\"flex-basis:33.33%\">\n<figure class=\"wp-block-table\"><table><tbody><tr><td>E138 Acrylic primer paint , EO338 Colloidal Silica primer paint , EOS738 Silicone primer paint, OS538 Primer paint under mineral plaster<\/td><\/tr><tr><\/tr><\/tbody><\/table><\/figure>\n<\/div>\n<\/div>\n\n\n\n<div class=\"is-layout-flex wp-container-33 wp-block-columns has-background\" style=\"background-color:#ffffff\">\n<div class=\"is-layout-flow wp-block-column is-vertically-aligned-center\" style=\"flex-basis:66.66%\">\n<figure class=\"wp-block-table\"><table><tbody><tr><td>Plastering external walls in thermal insulation systems (ETICS)<\/td><\/tr><\/tbody><\/table><\/figure>\n<\/div>\n\n\n\n<div class=\"is-layout-flow wp-block-column\" style=\"flex-basis:33.33%\">\n<figure class=\"wp-block-table\"><table><tbody><tr><td>E148N Acrylic fa\u00e7ade plaster E \u2013 spray applied, E148 Acrylic fa\u00e7ade plaster , EO348N Colloidal Silica facade plaster spray applied, EO348 Colloidal Silica facade plaster , EOS748N Silicone fa\u00e7ade plaster EOS\u2013 spray applied, EOS748 Silicone fa\u00e7ade plaster EOS, OS548 Mineral fa\u00e7ade plaster, E248 Mosaic decorative plaster<\/td><\/tr><tr><\/tr><\/tbody><\/table><\/figure>\n<\/div>\n<\/div>\n\n\n\n<div class=\"is-layout-flex wp-container-36 wp-block-columns has-background\" style=\"background-color:#ffffff\">\n<div class=\"is-layout-flow wp-block-column is-vertically-aligned-center\" style=\"flex-basis:66.66%\">\n<figure class=\"wp-block-table\"><table><tbody><tr><td>Plastering areas that are particularly exposed to mechanical damage: near entrances, in corridors, office staircases, residential and public utility buildings, foundations, railings, balconies, window and door, also in thermal insulation systems (ETICS)<\/td><\/tr><\/tbody><\/table><\/figure>\n<\/div>\n\n\n\n<div class=\"is-layout-flow wp-block-column\" style=\"flex-basis:33.33%\">\n<figure class=\"wp-block-table\"><table><tbody><tr><td>E248 Mosaic decorative plaster<\/td><\/tr><tr><\/tr><\/tbody><\/table><\/figure>\n<\/div>\n<\/div>\n\n\n\n<div class=\"is-layout-flex wp-container-39 wp-block-columns has-background\" style=\"background-color:#ffffff\">\n<div class=\"is-layout-flow wp-block-column is-vertically-aligned-center\" style=\"flex-basis:66.66%\">\n<figure class=\"wp-block-table\"><table><tbody><tr><td>Priming walls before painting<\/td><\/tr><\/tbody><\/table><\/figure>\n<\/div>\n\n\n\n<div class=\"is-layout-flow wp-block-column\" style=\"flex-basis:33.33%\">\n<figure class=\"wp-block-table\"><table><tbody><tr><td>E168 Acrylic penetration primer E, EOS768 Silicon penetration primer, EO368 Colloidal Silica penetration primer<\/td><\/tr><tr><\/tr><\/tbody><\/table><\/figure>\n<\/div>\n<\/div>\n\n\n\n<div class=\"is-layout-flex wp-container-42 wp-block-columns has-background\" style=\"background-color:#ffffff\">\n<div class=\"is-layout-flow wp-block-column is-vertically-aligned-center\" style=\"flex-basis:66.66%\">\n<figure class=\"wp-block-table\"><table><tbody><tr><td>Protecting the facade during painting<\/td><\/tr><\/tbody><\/table><\/figure>\n<\/div>\n\n\n\n<div class=\"is-layout-flow wp-block-column\" style=\"flex-basis:33.33%\">\n<figure class=\"wp-block-table\"><table><tbody><tr><td>PVC Tape for painting<\/td><\/tr><tr><\/tr><\/tbody><\/table><\/figure>\n<\/div>\n<\/div>\n\n\n\n<div class=\"is-layout-flex wp-container-45 wp-block-columns has-background\" style=\"background-color:#ffffff\">\n<div class=\"is-layout-flow wp-block-column is-vertically-aligned-center\" style=\"flex-basis:66.66%\">\n<figure class=\"wp-block-table\"><table><tbody><tr><td>Painting of interior &amp; exterior walls, also in thermal insulation systems (ETICS)<\/td><\/tr><\/tbody><\/table><\/figure>\n<\/div>\n\n\n\n<div class=\"is-layout-flow wp-block-column\" style=\"flex-basis:33.33%\">\n<figure class=\"wp-block-table\"><table><tbody><tr><td>E158 Acrylic fa\u00e7ade paint, EO358 Colloidal Silica fa\u00e7ade paint , EOS758 Silicon fa\u00e7ade paint<\/td><\/tr><tr><\/tr><\/tbody><\/table><\/figure>\n<\/div>\n<\/div>\n\n\n\n<div class=\"is-layout-flex wp-container-48 wp-block-columns has-background\" style=\"background-color:#ffffff\">\n<div class=\"is-layout-flow wp-block-column is-vertically-aligned-center\" style=\"flex-basis:66.66%\">\n<figure class=\"wp-block-table\"><table><tbody><tr><td>Filling holes, horizontal and vertical levelling of substrates<\/td><\/tr><\/tbody><\/table><\/figure>\n<\/div>\n\n\n\n<div class=\"is-layout-flow wp-block-column\" style=\"flex-basis:33.33%\">\n<figure class=\"wp-block-table\"><table><tbody><tr><td>TEO 124 Levelling mortar<\/td><\/tr><tr><\/tr><\/tbody><\/table><\/figure>\n<\/div>\n<\/div>\n\n\n\n<div class=\"is-layout-flex wp-container-51 wp-block-columns has-background\" style=\"background-color:#ffffff\">\n<div class=\"is-layout-flow wp-block-column is-vertically-aligned-center\" style=\"flex-basis:66.66%\">\n<figure class=\"wp-block-table\"><table><tbody><tr><td>Building construction and partition walls with a thin-bed method, smoothing, filling holes and levelling walls made of aerated concrete<\/td><\/tr><\/tbody><\/table><\/figure>\n<\/div>\n\n\n\n<div class=\"is-layout-flow wp-block-column\" style=\"flex-basis:33.33%\">\n<figure class=\"wp-block-table\"><table><tbody><tr><td>TEO 224 Thin layer mortar<\/td><\/tr><tr><\/tr><\/tbody><\/table><\/figure>\n<\/div>\n<\/div>\n\n\n\n<div class=\"is-layout-flex wp-container-54 wp-block-columns has-background\" style=\"background-color:#ffffff\">\n<div class=\"is-layout-flow wp-block-column is-vertically-aligned-center\" style=\"flex-basis:66.66%\">\n<figure class=\"wp-block-table\"><table><tbody><tr><td>Building facades, interior and exterior walls and other architectural elements made of clinker bricks<\/td><\/tr><\/tbody><\/table><\/figure>\n<\/div>\n\n\n\n<div class=\"is-layout-flow wp-block-column\" style=\"flex-basis:33.33%\">\n<figure class=\"wp-block-table\"><table><tbody><tr><td>TEO234 TEO234 Clinker mortar<\/td><\/tr><tr><\/tr><\/tbody><\/table><\/figure>\n<\/div>\n<\/div>\n\n\n\n<div class=\"is-layout-flex wp-container-57 wp-block-columns has-background\" style=\"background-color:#ffffff\">\n<div class=\"is-layout-flow wp-block-column is-vertically-aligned-center\" style=\"flex-basis:66.66%\">\n<figure class=\"wp-block-table\"><table><tbody><tr><td>Preparing substrate prior to the application of cement- lime plaster to level substrate absorption and improve plaster adherence to walls and ceilings<\/td><\/tr><\/tbody><\/table><\/figure>\n<\/div>\n\n\n\n<div class=\"is-layout-flow wp-block-column\" style=\"flex-basis:33.33%\">\n<figure class=\"wp-block-table\"><table><tbody><tr><td>TEO314 Rendering coat mortar<\/td><\/tr><tr><\/tr><\/tbody><\/table><\/figure>\n<\/div>\n<\/div>\n\n\n\n<div class=\"is-layout-flex wp-container-60 wp-block-columns has-background\" style=\"background-color:#ffffff\">\n<div class=\"is-layout-flow wp-block-column is-vertically-aligned-center\" style=\"flex-basis:66.66%\">\n<figure class=\"wp-block-table\"><table><tbody><tr><td>Machine plaster application, recomended as base plaster<\/td><\/tr><\/tbody><\/table><\/figure>\n<\/div>\n\n\n\n<div class=\"is-layout-flow wp-block-column\" style=\"flex-basis:33.33%\">\n<figure class=\"wp-block-table\"><table><tbody><tr><td>TEO324 Machine applied plaster<\/td><\/tr><tr><\/tr><\/tbody><\/table><\/figure>\n<\/div>\n<\/div>\n\n\n\n<div class=\"is-layout-flex wp-container-63 wp-block-columns has-background\" style=\"background-color:#ffffff\">\n<div class=\"is-layout-flow wp-block-column is-vertically-aligned-center\" style=\"flex-basis:66.66%\">\n<figure class=\"wp-block-table\"><table><tbody><tr><td>Machine plaster application, fine-grained, especially recomended for light materials (aerated concrete) and with high absorbability (silicate hollow bricks)<\/td><\/tr><\/tbody><\/table><\/figure>\n<\/div>\n\n\n\n<div class=\"is-layout-flow wp-block-column\" style=\"flex-basis:33.33%\">\n<figure class=\"wp-block-table\"><table><tbody><tr><td>TEO334 Machine applied plaster<\/td><\/tr><tr><\/tr><\/tbody><\/table><\/figure>\n<\/div>\n<\/div>\n\n\n\n<div class=\"is-layout-flex wp-container-66 wp-block-columns has-background\" style=\"background-color:#ffffff\">\n<div class=\"is-layout-flow wp-block-column is-vertically-aligned-center\" style=\"flex-basis:66.66%\">\n<figure class=\"wp-block-table\"><table><tbody><tr><td>Sealing of vertical and horizontal dilatation joints in building facades<\/td><\/tr><\/tbody><\/table><\/figure>\n<\/div>\n\n\n\n<div class=\"is-layout-flow wp-block-column\" style=\"flex-basis:33.33%\">\n<figure class=\"wp-block-table\"><table><tbody><tr><td>Multi-tool Sealant<\/td><\/tr><tr><\/tr><\/tbody><\/table><\/figure>\n<\/div>\n<\/div>\n\n\n\n<div class=\"is-layout-flex wp-container-69 wp-block-columns has-background\" style=\"background-color:#ffffff\">\n<div class=\"is-layout-flow wp-block-column is-vertically-aligned-center\" style=\"flex-basis:66.66%\">\n<figure class=\"wp-block-table\"><table><tbody><tr><td>Sealing of natural stone tiles<\/td><\/tr><\/tbody><\/table><\/figure>\n<\/div>\n\n\n\n<div class=\"is-layout-flow wp-block-column\" style=\"flex-basis:33.33%\">\n<figure class=\"wp-block-table\"><table><tbody><tr><td>Natural Stone Silicone<\/td><\/tr><tr><\/tr><\/tbody><\/table><\/figure>\n<\/div>\n<\/div>\n\n\n\n<div class=\"is-layout-flex wp-container-72 wp-block-columns has-background\" style=\"background-color:#ffffff\">\n<div class=\"is-layout-flow wp-block-column is-vertically-aligned-center\" style=\"flex-basis:66.66%\">\n<figure class=\"wp-block-table\"><table><tbody><tr><td>Sealing of cracked plaster on the facade<\/td><\/tr><\/tbody><\/table><\/figure>\n<\/div>\n\n\n\n<div class=\"is-layout-flow wp-block-column\" style=\"flex-basis:33.33%\">\n<figure class=\"wp-block-table\"><table><tbody><tr><td>Facade Acrylic<\/td><\/tr><tr><\/tr><\/tbody><\/table><\/figure>\n<\/div>\n<\/div>\n\n\n\n<div class=\"is-layout-flex wp-container-75 wp-block-columns has-background\" style=\"background-color:#ffffff\">\n<div class=\"is-layout-flow wp-block-column is-vertically-aligned-center\" style=\"flex-basis:66.66%\">\n<figure class=\"wp-block-table\"><table><tbody><tr><td>Sealing gaps between decorative panels\/alucabond<\/td><\/tr><\/tbody><\/table><\/figure>\n<\/div>\n\n\n\n<div class=\"is-layout-flow wp-block-column\" style=\"flex-basis:33.33%\">\n<figure class=\"wp-block-table\"><table><tbody><tr><td>PU740 Polyurethane Sealant<\/td><\/tr><tr><\/tr><\/tbody><\/table><\/figure>\n<\/div>\n<\/div>\n\n\n\n<div class=\"is-layout-flex wp-container-78 wp-block-columns has-background\" style=\"background-color:#ffffff\">\n<div class=\"is-layout-flow wp-block-column is-vertically-aligned-center\" style=\"flex-basis:66.66%\">\n<figure class=\"wp-block-table\"><table><tbody><tr><td>Sealins and bonding of advertising board on external walls and facades<\/td><\/tr><\/tbody><\/table><\/figure>\n<\/div>\n\n\n\n<div class=\"is-layout-flow wp-block-column\" style=\"flex-basis:33.33%\">\n<figure class=\"wp-block-table\"><table><tbody><tr><td>FIX2 MS 1000 Adhesive Sealant<\/td><\/tr><tr><\/tr><\/tbody><\/table><\/figure>\n<\/div>\n<\/div>\n\n\n\n<div class=\"is-layout-flex wp-container-81 wp-block-columns has-background\" style=\"background-color:#ffffff\">\n<div class=\"is-layout-flow wp-block-column is-vertically-aligned-center\" style=\"flex-basis:66.66%\">\n<figure class=\"wp-block-table\"><table><tbody><tr><td>Sealing of external air conditioning metal units<\/td><\/tr><\/tbody><\/table><\/figure>\n<\/div>\n\n\n\n<div class=\"is-layout-flow wp-block-column\" style=\"flex-basis:33.33%\">\n<figure class=\"wp-block-table\"><table><tbody><tr><td>FIX2 MS 1000 Adhesive Sealant<\/td><\/tr><tr><\/tr><\/tbody><\/table><\/figure>\n<\/div>\n<\/div>\n\n\n\n<div class=\"is-layout-flex wp-container-84 wp-block-columns has-background\" style=\"background-color:#ffffff\">\n<div class=\"is-layout-flow wp-block-column is-vertically-aligned-center\" style=\"flex-basis:66.66%\">\n<figure class=\"wp-block-table\"><table><tbody><tr><td>Sealing of siding if a paintable joint is required<\/td><\/tr><\/tbody><\/table><\/figure>\n<\/div>\n\n\n\n<div class=\"is-layout-flow wp-block-column\" style=\"flex-basis:33.33%\">\n<figure class=\"wp-block-table\"><table><tbody><tr><td>Multi-tool Sealant<\/td><\/tr><tr><\/tr><\/tbody><\/table><\/figure>\n<\/div>\n<\/div>\n\n\n\n<div class=\"is-layout-flex wp-container-87 wp-block-columns has-background\" style=\"background-color:#ffffff\">\n<div class=\"is-layout-flow wp-block-column is-vertically-aligned-center\" style=\"flex-basis:66.66%\">\n<figure class=\"wp-block-table\"><table><tbody><tr><td>Sealing and bonding of facade membranes designed to protect mineral wool insulation<\/td><\/tr><\/tbody><\/table><\/figure>\n<\/div>\n\n\n\n<div class=\"is-layout-flow wp-block-column\" style=\"flex-basis:33.33%\">\n<figure class=\"wp-block-table\"><table><tbody><tr><td>Specialised Roof Sealant<\/td><\/tr><tr><\/tr><\/tbody><\/table><\/figure>\n<\/div>\n<\/div>\n\n\n\n<div class=\"is-layout-flex wp-container-90 wp-block-columns has-background\" style=\"background-color:#ffffff\">\n<div class=\"is-layout-flow wp-block-column is-vertically-aligned-center\" style=\"flex-basis:66.66%\">\n<figure class=\"wp-block-table\"><table><tbody><tr><td>Sealing of wood \u2013 glass \u2013 composite units<\/td><\/tr><\/tbody><\/table><\/figure>\n<\/div>\n\n\n\n<div class=\"is-layout-flow wp-block-column\" style=\"flex-basis:33.33%\">\n<figure class=\"wp-block-table\"><table><tbody><tr><td>FIX2 MS 1000 Adhesive Sealant<\/td><\/tr><\/tbody><\/table><\/figure>\n<\/div>\n<\/div>\n\n\n\n<figure class=\"wp-block-image alignwide size-large\"><img decoding=\"async\" loading=\"lazy\" width=\"960\" height=\"205\" src=\"https:\/\/selena.com\/wp-content\/uploads\/ocieplenia2.png\" alt=\"\" class=\"wp-image-13738\" srcset=\"https:\/\/archiwum.selena.com\/wp-content\/uploads\/ocieplenia2.png 960w, https:\/\/archiwum.selena.com\/wp-content\/uploads\/ocieplenia2-300x64.png 300w, https:\/\/archiwum.selena.com\/wp-content\/uploads\/ocieplenia2-768x164.png 768w\" sizes=\"(max-width: 960px) 100vw, 960px\" \/><\/figure>\n\n\n\n<p><\/p>\n","protected":false},"excerpt":{"rendered":"<p>Thermal insulation, facades JOB TO BE DONE RECOMMENDED PRODUCTS Bonding of thermal insulation panels on facades (ETICS systems &#8211; light weight method) Polyurethane foam adhesive STYRO 753 E\/B1, Polyurethane foam adhesive STYRO UNI, Polyurethane Foam&#8230;<\/p>\n","protected":false},"author":1,"featured_media":13736,"parent":13987,"menu_order":6,"comment_status":"closed","ping_status":"closed","template":"templates\/single-brands_and_products.php","meta":[],"acf":[],"_links":{"self":[{"href":"https:\/\/archiwum.selena.com\/en\/wp-json\/wp\/v2\/pages\/14021"}],"collection":[{"href":"https:\/\/archiwum.selena.com\/en\/wp-json\/wp\/v2\/pages"}],"about":[{"href":"https:\/\/archiwum.selena.com\/en\/wp-json\/wp\/v2\/types\/page"}],"author":[{"embeddable":true,"href":"https:\/\/archiwum.selena.com\/en\/wp-json\/wp\/v2\/users\/1"}],"replies":[{"embeddable":true,"href":"https:\/\/archiwum.selena.com\/en\/wp-json\/wp\/v2\/comments?post=14021"}],"version-history":[{"count":1,"href":"https:\/\/archiwum.selena.com\/en\/wp-json\/wp\/v2\/pages\/14021\/revisions"}],"predecessor-version":[{"id":14023,"href":"https:\/\/archiwum.selena.com\/en\/wp-json\/wp\/v2\/pages\/14021\/revisions\/14023"}],"up":[{"embeddable":true,"href":"https:\/\/archiwum.selena.com\/en\/wp-json\/wp\/v2\/pages\/13987"}],"wp:featuredmedia":[{"embeddable":true,"href":"https:\/\/archiwum.selena.com\/en\/wp-json\/wp\/v2\/media\/13736"}],"wp:attachment":[{"href":"https:\/\/archiwum.selena.com\/en\/wp-json\/wp\/v2\/media?parent=14021"}],"curies":[{"name":"wp","href":"https:\/\/api.w.org\/{rel}","templated":true}]}}