{"id":13996,"date":"2021-01-28T12:04:07","date_gmt":"2021-01-28T12:04:07","guid":{"rendered":"http:\/\/selena.vot.pl\/brands-and-products\/sciany-i-sufity\/"},"modified":"2021-02-22T21:05:54","modified_gmt":"2021-02-22T21:05:54","slug":"sciany-i-sufity","status":"publish","type":"page","link":"https:\/\/archiwum.selena.com\/en\/brands-and-products\/sciany-i-sufity\/","title":{"rendered":"Walls and ceilings"},"content":{"rendered":"\n<h2 class=\"has-text-align-center header_medium text-center\">Walls and ceilings<\/h2>\n\n\n\n<figure class=\"wp-block-image alignwide size-large\"><img decoding=\"async\" loading=\"lazy\" width=\"960\" height=\"205\" src=\"https:\/\/selena.com\/wp-content\/uploads\/sciany_sufity1.png\" alt=\"\" class=\"wp-image-1961\" srcset=\"https:\/\/archiwum.selena.com\/wp-content\/uploads\/sciany_sufity1.png 960w, https:\/\/archiwum.selena.com\/wp-content\/uploads\/sciany_sufity1-300x64.png 300w, https:\/\/archiwum.selena.com\/wp-content\/uploads\/sciany_sufity1-768x164.png 768w\" sizes=\"(max-width: 960px) 100vw, 960px\" \/><\/figure>\n\n\n\n<div class=\"is-layout-flex wp-container-3 wp-block-columns has-background\" style=\"background-color:#103b5f\">\n<div class=\"is-layout-flow wp-block-column\" style=\"flex-basis:66.66%\">\n<p class=\"has-text-align-center has-white-color has-text-color\"><strong>JOB TO BE DONE<\/strong><\/p>\n<\/div>\n\n\n\n<div class=\"is-layout-flow wp-block-column\" style=\"flex-basis:33.33%\">\n<p class=\"has-text-align-center has-white-color has-text-color\"><strong>RECOMMENDED PRODUCTS<\/strong><\/p>\n<\/div>\n<\/div>\n\n\n\n<div class=\"is-layout-flex wp-container-6 wp-block-columns has-background\" style=\"background-color:#ffffff\">\n<div class=\"is-layout-flow wp-block-column is-vertically-aligned-center\" style=\"flex-basis:66.66%\">\n<figure class=\"wp-block-table\"><table><tbody><tr><td>Building of construction and partition walls<\/td><\/tr><\/tbody><\/table><\/figure>\n<\/div>\n\n\n\n<div class=\"is-layout-flow wp-block-column\" style=\"flex-basis:33.33%\">\n<p>Thin Bed Mortar<\/p>\n<\/div>\n<\/div>\n\n\n\n<div class=\"is-layout-flex wp-container-9 wp-block-columns has-background\" style=\"background-color:#ffffff\">\n<div class=\"is-layout-flow wp-block-column is-vertically-aligned-center\" style=\"flex-basis:66.66%\">\n<p>Bonding of thermal insulation panels on exterior and interior walls<\/p>\n<\/div>\n\n\n\n<div class=\"is-layout-flow wp-block-column\" style=\"flex-basis:33.33%\">\n<figure class=\"wp-block-table\"><table><tbody><tr><td>Polyurethane Foam adhesive Styro Uni<\/td><\/tr><tr><\/tr><\/tbody><\/table><\/figure>\n<\/div>\n<\/div>\n\n\n\n<div class=\"is-layout-flex wp-container-12 wp-block-columns has-background\" style=\"background-color:#ffffff\">\n<div class=\"is-layout-flow wp-block-column is-vertically-aligned-center\" style=\"flex-basis:66.66%\">\n<p>Bonding and sealing around drywall panels<\/p>\n<\/div>\n\n\n\n<div class=\"is-layout-flow wp-block-column\" style=\"flex-basis:33.33%\">\n<p>Drywall Foam Adhesive, Polyurethane foam adhesive STYRO UNI<\/p>\n<\/div>\n<\/div>\n\n\n\n<div class=\"is-layout-flex wp-container-15 wp-block-columns has-background\" style=\"background-color:#ffffff\">\n<div class=\"is-layout-flow wp-block-column is-vertically-aligned-center\" style=\"flex-basis:66.66%\">\n<figure class=\"wp-block-table\"><table><tbody><tr><td>Filling gaps, cracks, slits in walls &amp; ceilings<\/td><\/tr><\/tbody><\/table><\/figure>\n<\/div>\n\n\n\n<div class=\"is-layout-flow wp-block-column\" style=\"flex-basis:33.33%\">\n<figure class=\"wp-block-table\"><table><tbody><tr><td>Straw polyurethane foam HD, Straw polyurethane foam O2 STD, Straw polyurethane foam O2 LEXY 60\/40\/20 all season<\/td><\/tr><tr><\/tr><\/tbody><\/table><\/figure>\n<\/div>\n<\/div>\n\n\n\n<div class=\"is-layout-flex wp-container-18 wp-block-columns has-background\" style=\"background-color:#ffffff\">\n<div class=\"is-layout-flow wp-block-column is-vertically-aligned-center\" style=\"flex-basis:66.66%\">\n<figure class=\"wp-block-table\"><table><tbody><tr><td>Fire resistant sealing of penetrations in walls &amp; celings<br><\/td><\/tr><\/tbody><\/table><\/figure>\n<\/div>\n\n\n\n<div class=\"is-layout-flow wp-block-column\" style=\"flex-basis:33.33%\">\n<figure class=\"wp-block-table\"><table><tbody><tr><td>Fire Block Insulating Foam Sealant (straw), Fire Block Insulating Foam Sealant Pro (gun)<br><br><\/td><\/tr><tr><\/tr><\/tbody><\/table><\/figure>\n<\/div>\n<\/div>\n\n\n\n<div class=\"is-layout-flex wp-container-21 wp-block-columns has-background\" style=\"background-color:#ffffff\">\n<div class=\"is-layout-flow wp-block-column is-vertically-aligned-center\" style=\"flex-basis:66.66%\">\n<figure class=\"wp-block-table\"><table><tbody><tr><td>Reinforcing drywall, reinforcing joints between drywall panels<\/td><\/tr><\/tbody><\/table><\/figure>\n<\/div>\n\n\n\n<div class=\"is-layout-flow wp-block-column\" style=\"flex-basis:33.33%\">\n<figure class=\"wp-block-table\"><table><tbody><tr><td>Fibreglass Rendering Mesh , Drywall Tape<br><br><\/td><\/tr><tr><\/tr><\/tbody><\/table><\/figure>\n<\/div>\n<\/div>\n\n\n\n<div class=\"is-layout-flex wp-container-24 wp-block-columns has-background\" style=\"background-color:#ffffff\">\n<div class=\"is-layout-flow wp-block-column is-vertically-aligned-center\" style=\"flex-basis:66.66%\">\n<figure class=\"wp-block-table\"><table><tbody><tr><td>Sealing of dry wall panels<\/td><\/tr><\/tbody><\/table><\/figure>\n<\/div>\n\n\n\n<div class=\"is-layout-flow wp-block-column\" style=\"flex-basis:33.33%\">\n<figure class=\"wp-block-table\"><table><tbody><tr><td>Drywall Acrylic<\/td><\/tr><tr><\/tr><\/tbody><\/table><\/figure>\n<\/div>\n<\/div>\n\n\n\n<div class=\"is-layout-flex wp-container-27 wp-block-columns has-background\" style=\"background-color:#ffffff\">\n<div class=\"is-layout-flow wp-block-column is-vertically-aligned-center\" style=\"flex-basis:66.66%\">\n<figure class=\"wp-block-table\"><table><tbody><tr><td>Sealing of joints between wall and ceiling<\/td><\/tr><\/tbody><\/table><\/figure>\n<\/div>\n\n\n\n<div class=\"is-layout-flow wp-block-column\" style=\"flex-basis:33.33%\">\n<figure class=\"wp-block-table\"><table><tbody><tr><td>Universal Acrylic<\/td><\/tr><tr><\/tr><\/tbody><\/table><\/figure>\n<\/div>\n<\/div>\n\n\n\n<div class=\"is-layout-flex wp-container-30 wp-block-columns has-background\" style=\"background-color:#ffffff\">\n<div class=\"is-layout-flow wp-block-column is-vertically-aligned-center\" style=\"flex-basis:66.66%\">\n<figure class=\"wp-block-table\"><table><tbody><tr><td>Sealing and filling of gaps in walls, plaster, etc.<\/td><\/tr><\/tbody><\/table><\/figure>\n<\/div>\n\n\n\n<div class=\"is-layout-flow wp-block-column\" style=\"flex-basis:33.33%\">\n<figure class=\"wp-block-table\"><table><tbody><tr><td>Fast Acrylic<\/td><\/tr><tr><\/tr><\/tbody><\/table><\/figure>\n<\/div>\n<\/div>\n\n\n\n<div class=\"is-layout-flex wp-container-33 wp-block-columns has-background\" style=\"background-color:#ffffff\">\n<div class=\"is-layout-flow wp-block-column is-vertically-aligned-center\" style=\"flex-basis:66.66%\">\n<figure class=\"wp-block-table\"><table><tbody><tr><td>Filling cracks and gaps in walls<\/td><\/tr><\/tbody><\/table><\/figure>\n<\/div>\n\n\n\n<div class=\"is-layout-flow wp-block-column\" style=\"flex-basis:33.33%\">\n<figure class=\"wp-block-table\"><table><tbody><tr><td>Acrylic Wall Putty<\/td><\/tr><tr><\/tr><\/tbody><\/table><\/figure>\n<\/div>\n<\/div>\n\n\n\n<div class=\"is-layout-flex wp-container-36 wp-block-columns has-background\" style=\"background-color:#ffffff\">\n<div class=\"is-layout-flow wp-block-column is-vertically-aligned-center\" style=\"flex-basis:66.66%\">\n<p>Filling gaps, cracks, slits in walls &amp; ceilings<\/p>\n<\/div>\n\n\n\n<div class=\"is-layout-flow wp-block-column\" style=\"flex-basis:33.33%\">\n<p>Straw polyurethane foam HD, Straw polyurethane foam O2 STD, Straw polyurethane foam O2 LEXY 60\/40\/20 all season<\/p>\n<\/div>\n<\/div>\n\n\n\n<div class=\"is-layout-flex wp-container-39 wp-block-columns has-background\" style=\"background-color:#ffffff\">\n<div class=\"is-layout-flow wp-block-column is-vertically-aligned-center\" style=\"flex-basis:66.66%\">\n<p>Fire resistant sealing of penetrations in walls &amp; celings<\/p>\n<\/div>\n\n\n\n<div class=\"is-layout-flow wp-block-column\" style=\"flex-basis:33.33%\">\n<p>Fire Block Insulating Foam Sealant (straw), Fire Block Insulating Foam Sealant Pro (gun)<\/p>\n<\/div>\n<\/div>\n\n\n\n<div class=\"is-layout-flex wp-container-42 wp-block-columns has-background\" style=\"background-color:#ffffff\">\n<div class=\"is-layout-flow wp-block-column is-vertically-aligned-center\" style=\"flex-basis:66.66%\">\n<p>Plastering internal walls<\/p>\n<\/div>\n\n\n\n<div class=\"is-layout-flow wp-block-column\" style=\"flex-basis:33.33%\">\n<p>E148N Acrylic fa\u00e7ade plaster E &#8211; spray applied, E148 Acrylic fa\u00e7ade plaster E, EO348N Colloidal Silica facade plaster EO- spray applied, EO348 Colloidal Silica facade plaster EO, EOS748N Silicone fa\u00e7ade plaster EOS\u2013 spray applied, EOS748 Silicone fa\u00e7ade plaster EOS, OS548 Mineral facade plaster OS E248 Mosaic decorative plaster<\/p>\n<\/div>\n<\/div>\n\n\n\n<div class=\"is-layout-flex wp-container-45 wp-block-columns has-background\" style=\"background-color:#ffffff\">\n<div class=\"is-layout-flow wp-block-column is-vertically-aligned-center\" style=\"flex-basis:66.66%\">\n<p>Plastering areas that are particularly exposed to mechanical damage: near entrances, in corridors, office staircases, residential and public utility buildings, railings, around window and door.<\/p>\n<\/div>\n\n\n\n<div class=\"is-layout-flow wp-block-column\" style=\"flex-basis:33.33%\">\n<p>E248 Mosaic decorative plaster<\/p>\n<\/div>\n<\/div>\n\n\n\n<div class=\"is-layout-flex wp-container-48 wp-block-columns has-background\" style=\"background-color:#ffffff\">\n<div class=\"is-layout-flow wp-block-column is-vertically-aligned-center\" style=\"flex-basis:66.66%\">\n<p>Finishing of internal walls &#8211; levelling the surface<\/p>\n<\/div>\n\n\n\n<div class=\"is-layout-flow wp-block-column\" style=\"flex-basis:33.33%\">\n<p>NEO Finish Dolomite filling putty<\/p>\n<\/div>\n<\/div>\n\n\n\n<div class=\"is-layout-flex wp-container-51 wp-block-columns has-background\" style=\"background-color:#ffffff\">\n<div class=\"is-layout-flow wp-block-column is-vertically-aligned-center\" style=\"flex-basis:66.66%\">\n<p>Priming walls before painting<\/p>\n<\/div>\n\n\n\n<div class=\"is-layout-flow wp-block-column\" style=\"flex-basis:33.33%\">\n<figure class=\"wp-block-table\"><table><tbody><tr><td><br>Universal P rimer, E168 Acrylic penetration primer, EOS769 Silicon penetration primer, EO368 Colloidal Silica penetration primer<\/td><\/tr><\/tbody><\/table><\/figure>\n<\/div>\n<\/div>\n\n\n\n<div class=\"is-layout-flex wp-container-54 wp-block-columns has-background\" style=\"background-color:#ffffff\">\n<div class=\"is-layout-flow wp-block-column is-vertically-aligned-center\" style=\"flex-basis:66.66%\">\n<p>Painting of extend walls<\/p>\n<\/div>\n\n\n\n<div class=\"is-layout-flow wp-block-column\" style=\"flex-basis:33.33%\">\n<figure class=\"wp-block-table\"><table><tbody><tr><td>E158 Acrylic fa\u00e7ade paint , EO358 Colloidal Silica fa\u00e7ade paint , EOS758 Silicon fa\u00e7ade paint<\/td><\/tr><tr><\/tr><\/tbody><\/table><\/figure>\n<\/div>\n<\/div>\n\n\n\n<div class=\"is-layout-flex wp-container-57 wp-block-columns has-background\" style=\"background-color:#ffffff\">\n<div class=\"is-layout-flow wp-block-column is-vertically-aligned-center\" style=\"flex-basis:66.66%\">\n<figure class=\"wp-block-table\"><table><tbody><tr><td>Painting of internal walls and ceilings: single-layer painting<\/td><\/tr><\/tbody><\/table><\/figure>\n<\/div>\n\n\n\n<div class=\"is-layout-flow wp-block-column\" style=\"flex-basis:33.33%\">\n<figure class=\"wp-block-table\"><table><tbody><tr><td>Neo Express Interior paint<\/td><\/tr><tr><\/tr><\/tbody><\/table><\/figure>\n<\/div>\n<\/div>\n\n\n\n<div class=\"is-layout-flex wp-container-60 wp-block-columns has-background\" style=\"background-color:#ffffff\">\n<div class=\"is-layout-flow wp-block-column is-vertically-aligned-center\" style=\"flex-basis:66.66%\">\n<p>Painting of internal walls and ceilings, particulary in \u201cdry\u201d rooms such as living rooms, dining rooms, bedrooms, corridors, offices and conference rooms<\/p>\n<\/div>\n\n\n\n<div class=\"is-layout-flow wp-block-column\" style=\"flex-basis:33.33%\">\n<figure class=\"wp-block-table\"><table><tbody><tr><td>Neo Regular Interior paint<\/td><\/tr><tr><\/tr><\/tbody><\/table><\/figure>\n<\/div>\n<\/div>\n\n\n\n<div class=\"is-layout-flex wp-container-63 wp-block-columns has-background\" style=\"background-color:#ffffff\">\n<div class=\"is-layout-flow wp-block-column is-vertically-aligned-center\" style=\"flex-basis:66.66%\">\n<figure class=\"wp-block-table\"><table><tbody><tr><td>Painting of internal walls and ceilings: single-layer painting<\/td><\/tr><\/tbody><\/table><\/figure>\n<\/div>\n\n\n\n<div class=\"is-layout-flow wp-block-column\" style=\"flex-basis:33.33%\">\n<figure class=\"wp-block-table\"><table><tbody><tr><td>Neo Express Interior paint<\/td><\/tr><tr><\/tr><\/tbody><\/table><\/figure>\n<\/div>\n<\/div>\n\n\n\n<div class=\"is-layout-flex wp-container-66 wp-block-columns has-background\" style=\"background-color:#ffffff\">\n<div class=\"is-layout-flow wp-block-column is-vertically-aligned-center\" style=\"flex-basis:66.66%\">\n<p>Painting of internal walls and ceilings: particulary in heavily used rooms such as kitchens and dining rooms, restaurant rooms, offices and also in places where high resistance to washing and scrubbing is required<\/p>\n<\/div>\n\n\n\n<div class=\"is-layout-flow wp-block-column\" style=\"flex-basis:33.33%\">\n<figure class=\"wp-block-table\"><table><tbody><tr><td>Neo Latex Interior paint<\/td><\/tr><tr><\/tr><\/tbody><\/table><\/figure>\n<\/div>\n<\/div>\n\n\n\n<div class=\"is-layout-flex wp-container-69 wp-block-columns has-background\" style=\"background-color:#ffffff\">\n<div class=\"is-layout-flow wp-block-column is-vertically-aligned-center\" style=\"flex-basis:66.66%\">\n<p>Painting of internal walls and ceilings: particulary in areas with increased humidity such as bathrooms, swimming pools, kitchens and in dry building systems in all types of rooms<\/p>\n<\/div>\n\n\n\n<div class=\"is-layout-flow wp-block-column\" style=\"flex-basis:33.33%\">\n<figure class=\"wp-block-table\"><table><tbody><tr><td>Neo Mineral Bio Interior paint<\/td><\/tr><tr><\/tr><\/tbody><\/table><\/figure>\n<\/div>\n<\/div>\n\n\n\n<div class=\"is-layout-flex wp-container-72 wp-block-columns has-background\" style=\"background-color:#ffffff\">\n<div class=\"is-layout-flow wp-block-column is-vertically-aligned-center\" style=\"flex-basis:66.66%\">\n<p>Filling of gaps and holes, levelling of horizontal and vertical substrates<\/p>\n<\/div>\n\n\n\n<div class=\"is-layout-flow wp-block-column\" style=\"flex-basis:33.33%\">\n<figure class=\"wp-block-table\"><table><tbody><tr><td>TEO124 Levelling mortar<\/td><\/tr><tr><\/tr><\/tbody><\/table><\/figure>\n<\/div>\n<\/div>\n\n\n\n<div class=\"is-layout-flex wp-container-75 wp-block-columns has-background\" style=\"background-color:#ffffff\">\n<div class=\"is-layout-flow wp-block-column is-vertically-aligned-center\" style=\"flex-basis:66.66%\">\n<p>Building construction and partition walls with a thin-bed method, smoothing, filling holes and levelling walls made of aerated concrete<\/p>\n<\/div>\n\n\n\n<div class=\"is-layout-flow wp-block-column\" style=\"flex-basis:33.33%\">\n<figure class=\"wp-block-table\"><table><tbody><tr><td>TEO224 Thin layer masonary mortar<\/td><\/tr><tr><\/tr><\/tbody><\/table><\/figure>\n<\/div>\n<\/div>\n\n\n\n<div class=\"is-layout-flex wp-container-78 wp-block-columns has-background\" style=\"background-color:#ffffff\">\n<div class=\"is-layout-flow wp-block-column is-vertically-aligned-center\" style=\"flex-basis:66.66%\">\n<p>Budowanie fasad, \u015bcian wewn\u0119trznych i zewn\u0119trznych oraz innych element\u00f3w architektonicznych z cegie\u0142 klinkierowych<\/p>\n<\/div>\n\n\n\n<div class=\"is-layout-flow wp-block-column\" style=\"flex-basis:33.33%\">\n<p>Zaprawa do klinkieru TEO234<\/p>\n<\/div>\n<\/div>\n\n\n\n<div class=\"is-layout-flex wp-container-81 wp-block-columns has-background\" style=\"background-color:#ffffff\">\n<div class=\"is-layout-flow wp-block-column is-vertically-aligned-center\" style=\"flex-basis:66.66%\">\n<figure class=\"wp-block-table\"><table><tbody><tr><td>Building facades, interior and exterior walls and other architectural elements made of clinker bricks<\/td><\/tr><\/tbody><\/table><\/figure>\n<\/div>\n\n\n\n<div class=\"is-layout-flow wp-block-column\" style=\"flex-basis:33.33%\">\n<figure class=\"wp-block-table\"><table><tbody><tr><td>TEO234 Clinker mortar<\/td><\/tr><tr><\/tr><\/tbody><\/table><\/figure>\n<\/div>\n<\/div>\n\n\n\n<div class=\"is-layout-flex wp-container-84 wp-block-columns has-background\" style=\"background-color:#ffffff\">\n<div class=\"is-layout-flow wp-block-column is-vertically-aligned-center\" style=\"flex-basis:66.66%\">\n<p>Preparing substrate prior to the application of cement- lime plaster to level substrate absorption and improve plaster adherence to walls and ceilings<\/p>\n<\/div>\n\n\n\n<div class=\"is-layout-flow wp-block-column\" style=\"flex-basis:33.33%\">\n<figure class=\"wp-block-table\"><table><tbody><tr><td>TEO314 Rendering coat mortar<\/td><\/tr><tr><\/tr><\/tbody><\/table><\/figure>\n<\/div>\n<\/div>\n\n\n\n<div class=\"is-layout-flex wp-container-87 wp-block-columns has-background\" style=\"background-color:#ffffff\">\n<div class=\"is-layout-flow wp-block-column is-vertically-aligned-center\" style=\"flex-basis:66.66%\">\n<figure class=\"wp-block-table\"><table><tbody><tr><td>Machine plaster application, recomended as base plaster<\/td><\/tr><\/tbody><\/table><\/figure>\n<\/div>\n\n\n\n<div class=\"is-layout-flow wp-block-column\" style=\"flex-basis:33.33%\">\n<figure class=\"wp-block-table\"><table><tbody><tr><td>TEO324 Machine applied plaster<\/td><\/tr><tr><\/tr><\/tbody><\/table><\/figure>\n<\/div>\n<\/div>\n\n\n\n<div class=\"is-layout-flex wp-container-90 wp-block-columns has-background\" style=\"background-color:#ffffff\">\n<div class=\"is-layout-flow wp-block-column is-vertically-aligned-center\" style=\"flex-basis:66.66%\">\n<figure class=\"wp-block-table\"><table><tbody><tr><td>Installation of ceramic tiles on walls<\/td><\/tr><\/tbody><\/table><\/figure>\n<\/div>\n\n\n\n<div class=\"is-layout-flow wp-block-column\" style=\"flex-basis:33.33%\">\n<figure class=\"wp-block-table\"><table><tbody><tr><td>A136 Multipurpose tile adhesive, G236 Adhesive for standard tiles, E336 Adhesive for gres tiles GE436 Quick setting adhesive, EA536 Strong flexible adhesive, GEA736 Strong highly flexible adhesive GEA836 White adhesive with trass<\/td><\/tr><tr><\/tr><\/tbody><\/table><\/figure>\n<\/div>\n<\/div>\n\n\n\n<div class=\"is-layout-flex wp-container-93 wp-block-columns has-background\" style=\"background-color:#ffffff\">\n<div class=\"is-layout-flow wp-block-column is-vertically-aligned-center\" style=\"flex-basis:66.66%\">\n<figure class=\"wp-block-table\"><table><tbody><tr><td>Bonding coffers, rosettes and cornices made of plaster and polyurethane<\/td><\/tr><\/tbody><\/table><\/figure>\n<\/div>\n\n\n\n<div class=\"is-layout-flow wp-block-column\" style=\"flex-basis:33.33%\">\n<figure class=\"wp-block-table\"><table><tbody><tr><td>Mounting Adhesive Multi fix, Neoprene Adhesive, Polystrene Adhesive, Mounting Adhesive SBS<\/td><\/tr><tr><\/tr><\/tbody><\/table><\/figure>\n<\/div>\n<\/div>\n\n\n\n<div class=\"is-layout-flex wp-container-96 wp-block-columns has-background\" style=\"background-color:#ffffff\">\n<div class=\"is-layout-flow wp-block-column is-vertically-aligned-center\" style=\"flex-basis:66.66%\">\n<figure class=\"wp-block-table\"><table><tbody><tr><td>Bonding various heavy finishing elements (including ceremic tiles)<\/td><\/tr><\/tbody><\/table><\/figure>\n<\/div>\n\n\n\n<div class=\"is-layout-flow wp-block-column\" style=\"flex-basis:33.33%\">\n<figure class=\"wp-block-table\"><table><tbody><tr><td>FIX2 Rapid High Tack Adhesive , Mounting Adhesive for Ceramic Tiles<\/td><\/tr><tr><\/tr><\/tbody><\/table><\/figure>\n<\/div>\n<\/div>\n\n\n\n<div class=\"is-layout-flex wp-container-99 wp-block-columns has-background\" style=\"background-color:#ffffff\">\n<div class=\"is-layout-flow wp-block-column is-vertically-aligned-center\" style=\"flex-basis:66.66%\">\n<figure class=\"wp-block-table\"><table><tbody><tr><td>Bonding slats, panels, plastic and wooden boarding<\/td><\/tr><\/tbody><\/table><\/figure>\n<\/div>\n\n\n\n<div class=\"is-layout-flow wp-block-column\" style=\"flex-basis:33.33%\">\n<figure class=\"wp-block-table\"><table><tbody><tr><td>Mounting Adhesive SBS, Mounting Adhesive Multi fix, Mounting Adhesive Classic fix Mounting Adhesive Hydro fix<\/td><\/tr><tr><\/tr><\/tbody><\/table><\/figure>\n<\/div>\n<\/div>\n\n\n\n<div class=\"is-layout-flex wp-container-102 wp-block-columns has-background\" style=\"background-color:#ffffff\">\n<div class=\"is-layout-flow wp-block-column is-vertically-aligned-center\" style=\"flex-basis:66.66%\">\n<figure class=\"wp-block-table\"><table><tbody><tr><td>Bonding mirrors and glass elements<\/td><\/tr><\/tbody><\/table><\/figure>\n<\/div>\n\n\n\n<div class=\"is-layout-flow wp-block-column\" style=\"flex-basis:33.33%\">\n<figure class=\"wp-block-table\"><table><tbody><tr><td>Mirror Adhesive<\/td><\/tr><tr><\/tr><\/tbody><\/table><\/figure>\n<\/div>\n<\/div>\n\n\n\n<div class=\"is-layout-flex wp-container-105 wp-block-columns has-background\" style=\"background-color:#ffffff\">\n<div class=\"is-layout-flow wp-block-column is-vertically-aligned-center\" style=\"flex-basis:66.66%\">\n<figure class=\"wp-block-table\"><table><tbody><tr><td>Fixing heavy objects to walls and ceiling (TVs, railings, blinds, etc.)<\/td><\/tr><\/tbody><\/table><\/figure>\n<\/div>\n\n\n\n<div class=\"is-layout-flow wp-block-column\" style=\"flex-basis:33.33%\">\n<figure class=\"wp-block-table\"><table><tbody><tr><td>EV-1 Chemical anchor<\/td><\/tr><tr><\/tr><\/tbody><\/table><\/figure>\n<\/div>\n<\/div>\n\n\n\n<div class=\"is-layout-flex wp-container-108 wp-block-columns has-background\" style=\"background-color:#ffffff\">\n<div class=\"is-layout-flow wp-block-column is-vertically-aligned-center\" style=\"flex-basis:66.66%\">\n<figure class=\"wp-block-table\"><table><tbody><tr><td>Removing mildew<\/td><\/tr><\/tbody><\/table><\/figure>\n<\/div>\n\n\n\n<div class=\"is-layout-flow wp-block-column\" style=\"flex-basis:33.33%\">\n<figure class=\"wp-block-table\"><table><tbody><tr><td>FG-1 Fungicidal Agent<\/td><\/tr><\/tbody><\/table><\/figure>\n<\/div>\n<\/div>\n\n\n\n<figure class=\"wp-block-image alignwide size-large\"><img decoding=\"async\" loading=\"lazy\" width=\"960\" height=\"205\" src=\"https:\/\/selena.com\/wp-content\/uploads\/sciany_sufity2.png\" alt=\"\" class=\"wp-image-1964\" srcset=\"https:\/\/archiwum.selena.com\/wp-content\/uploads\/sciany_sufity2.png 960w, https:\/\/archiwum.selena.com\/wp-content\/uploads\/sciany_sufity2-300x64.png 300w, https:\/\/archiwum.selena.com\/wp-content\/uploads\/sciany_sufity2-768x164.png 768w\" sizes=\"(max-width: 960px) 100vw, 960px\" \/><\/figure>\n\n\n\n<p><\/p>\n","protected":false},"excerpt":{"rendered":"<p>Walls and ceilings JOB TO BE DONE RECOMMENDED PRODUCTS Building of construction and partition walls Thin Bed Mortar Bonding of thermal insulation panels on exterior and interior walls Polyurethane Foam adhesive Styro Uni Bonding and&#8230;<\/p>\n","protected":false},"author":1,"featured_media":11538,"parent":13987,"menu_order":1,"comment_status":"closed","ping_status":"closed","template":"templates\/single-brands_and_products.php","meta":[],"acf":[],"_links":{"self":[{"href":"https:\/\/archiwum.selena.com\/en\/wp-json\/wp\/v2\/pages\/13996"}],"collection":[{"href":"https:\/\/archiwum.selena.com\/en\/wp-json\/wp\/v2\/pages"}],"about":[{"href":"https:\/\/archiwum.selena.com\/en\/wp-json\/wp\/v2\/types\/page"}],"author":[{"embeddable":true,"href":"https:\/\/archiwum.selena.com\/en\/wp-json\/wp\/v2\/users\/1"}],"replies":[{"embeddable":true,"href":"https:\/\/archiwum.selena.com\/en\/wp-json\/wp\/v2\/comments?post=13996"}],"version-history":[{"count":2,"href":"https:\/\/archiwum.selena.com\/en\/wp-json\/wp\/v2\/pages\/13996\/revisions"}],"predecessor-version":[{"id":14007,"href":"https:\/\/archiwum.selena.com\/en\/wp-json\/wp\/v2\/pages\/13996\/revisions\/14007"}],"up":[{"embeddable":true,"href":"https:\/\/archiwum.selena.com\/en\/wp-json\/wp\/v2\/pages\/13987"}],"wp:featuredmedia":[{"embeddable":true,"href":"https:\/\/archiwum.selena.com\/en\/wp-json\/wp\/v2\/media\/11538"}],"wp:attachment":[{"href":"https:\/\/archiwum.selena.com\/en\/wp-json\/wp\/v2\/media?parent=13996"}],"curies":[{"name":"wp","href":"https:\/\/api.w.org\/{rel}","templated":true}]}}